{"id":13424,"date":"2021-08-03T05:35:25","date_gmt":"2021-08-03T05:35:25","guid":{"rendered":"http:\/\/benheine.com\/painted-busts\/"},"modified":"2021-08-06T09:14:06","modified_gmt":"2021-08-06T09:14:06","slug":"bustes-peints","status":"publish","type":"page","link":"https:\/\/benheine.com\/fr\/bustes-peints\/","title":{"rendered":"Bustes Peints"},"content":{"rendered":"\t\t<div data-elementor-type=\"wp-page\" data-elementor-id=\"13424\" class=\"elementor elementor-13424\">\n\t\t\t\t\t\t<section class=\"elementor-section elementor-top-section elementor-element elementor-element-ef2c2ae elementor-section-boxed elementor-section-height-default elementor-section-height-default\" data-id=\"ef2c2ae\" data-element_type=\"section\">\n\t\t\t\t\t\t<div class=\"elementor-container elementor-column-gap-default\">\n\t\t\t\t\t<div class=\"elementor-column elementor-col-100 elementor-top-column elementor-element elementor-element-9b45267\" data-id=\"9b45267\" data-element_type=\"column\">\n\t\t\t<div class=\"elementor-widget-wrap elementor-element-populated\">\n\t\t\t\t\t\t<div class=\"elementor-element elementor-element-dc16355 elementor-widget elementor-widget-text-editor\" data-id=\"dc16355\" data-element_type=\"widget\" data-widget_type=\"text-editor.default\">\n\t\t\t\t<div class=\"elementor-widget-container\">\n\t\t\t\t\t\t\t\t\t<p>[quads id=3]<\/p>\t\t\t\t\t\t\t\t<\/div>\n\t\t\t\t<\/div>\n\t\t\t\t<div class=\"elementor-element elementor-element-c313770 elementor-widget elementor-widget-heading\" data-id=\"c313770\" data-element_type=\"widget\" data-widget_type=\"heading.default\">\n\t\t\t\t<div class=\"elementor-widget-container\">\n\t\t\t\t\t<h1 class=\"elementor-heading-title elementor-size-default\">Bustes peints<\/h1>\t\t\t\t<\/div>\n\t\t\t\t<\/div>\n\t\t\t\t<div class=\"elementor-element elementor-element-ea5ddde elementor-widget elementor-widget-text-editor\" data-id=\"ea5ddde\" data-element_type=\"widget\" data-widget_type=\"text-editor.default\">\n\t\t\t\t<div class=\"elementor-widget-container\">\n\t\t\t\t\t\t\t\t\t<p>Quelques visages et bustes peints abstraits originaux r\u00e9alis\u00e9s par Ben Heine qui font partie de sa nouvelle s\u00e9rie \u00ab\u00a0Painted Busts\u00a0\u00bb. Achetez quelques-unes de ces \u0153uvres d&rsquo;art originales pour d\u00e9corer votre maison ou votre jardin et impressionner vos invit\u00e9s ! Ce sont des peintures abstraites color\u00e9es intemporelles sur des sculptures \u00e0 la peinture acrylique de Ben Heine. Chaque buste mesure environ 50 cm de haut.<\/p>\t\t\t\t\t\t\t\t<\/div>\n\t\t\t\t<\/div>\n\t\t\t\t<div class=\"elementor-element elementor-element-eef88d8 elementor-widget elementor-widget-shortcode\" data-id=\"eef88d8\" data-element_type=\"widget\" data-widget_type=\"shortcode.default\">\n\t\t\t\t<div class=\"elementor-widget-container\">\n\t\t\t\t\t\n    \t\t<div class=\"elementor-shortcode\"><div class='woo-product-container'>\n            <div class=\"product-item\"> <div class=\"product_heading\"><h3 class=\"heading-title\">Painted Bust 1<\/h3><\/div><div class=\"product-image\"><img fetchpriority=\"high\" decoding=\"async\" width=\"900\" height=\"1200\" src=\"https:\/\/benheine.com\/wp-content\/uploads\/2021\/07\/2-.jpg\" class=\"attachment-full size-full\" alt=\"Painted Bust 1 Product\" srcset=\"https:\/\/benheine.com\/wp-content\/uploads\/2021\/07\/2-.jpg 900w, https:\/\/benheine.com\/wp-content\/uploads\/2021\/07\/2--225x300.jpg 225w, https:\/\/benheine.com\/wp-content\/uploads\/2021\/07\/2--768x1024.jpg 768w, https:\/\/benheine.com\/wp-content\/uploads\/2021\/07\/2--600x800.jpg 600w\" sizes=\"(max-width: 900px) 100vw, 900px\" \/><\/div><div class=\"product-content\"><div class=\"product-text\"><p>Buy the best \u00ab\u00a0<a href=\"https:\/\/benheine.com\/product\/painted-busts-2\/\">Painted Bust 1<\/a>\u00a0\u00bb Product designed by Ben Hein<a style=\"color: #7a7a7a;\" href=\"https:\/\/digitalsuccess.ai\/\">e.<\/a><br \/>\n50x20cm<br \/>\nAcrylic<\/p>\n<div class=\"clearfix\"><\/div><\/div> <div class=\"product-price\"> <span class=\"woocommerce-Price-amount amount\"><bdi><span class=\"woocommerce-Price-currencySymbol\">&euro;<\/span>450.00<\/bdi><\/span> <\/div><div class=\"product-btn\"><a href=\"\/fr\/wp-json\/wp\/v2\/pages\/13424?add-to-cart=13276\">Buy Now<\/a><\/div><\/div><\/div>\n\n        \n            <div class=\"product-item\"> <div class=\"product_heading\"><h3 class=\"heading-title\">Painted Bust 2<\/h3><\/div><div class=\"product-image\"><img decoding=\"async\" width=\"750\" height=\"1000\" src=\"https:\/\/benheine.com\/wp-content\/uploads\/2021\/07\/ben-heine-art-painted-busts-2-site.jpg\" class=\"attachment-full size-full\" alt=\"Painted Bust 2 Product\" srcset=\"https:\/\/benheine.com\/wp-content\/uploads\/2021\/07\/ben-heine-art-painted-busts-2-site.jpg 750w, https:\/\/benheine.com\/wp-content\/uploads\/2021\/07\/ben-heine-art-painted-busts-2-site-225x300.jpg 225w, https:\/\/benheine.com\/wp-content\/uploads\/2021\/07\/ben-heine-art-painted-busts-2-site-600x800.jpg 600w\" sizes=\"(max-width: 750px) 100vw, 750px\" \/><\/div><div class=\"product-content\"><div class=\"product-text\"><p>Buy the best \u00ab\u00a0<a href=\"https:\/\/benheine.com\/product\/painted-busts\/\">Painted Bust 2<\/a>\u00a0\u00bb Product designed by Ben Hein<a style=\"color: #7a7a7a;\" href=\"https:\/\/digitalsuccess.ai\/\">e.<\/a><br \/>\n50x20cm<br \/>\nAcrylic<\/p>\n<div class=\"clearfix\"><\/div><\/div> <div class=\"product-price\"> <span class=\"woocommerce-Price-amount amount\"><bdi><span class=\"woocommerce-Price-currencySymbol\">&euro;<\/span>450.00<\/bdi><\/span> <\/div><div class=\"product-btn\"><a href=\"\/fr\/wp-json\/wp\/v2\/pages\/13424?add-to-cart=13341\">Buy Now<\/a><\/div><\/div><\/div>\n\n        \n            <div class=\"product-item\"> <div class=\"product_heading\"><h3 class=\"heading-title\">Painted Bust 3<\/h3><\/div><div class=\"product-image\"><img decoding=\"async\" width=\"716\" height=\"955\" src=\"https:\/\/benheine.com\/wp-content\/uploads\/2021\/07\/ben-heine-art-painted-busts-7.jpg\" class=\"attachment-full size-full\" alt=\"Painted Bust 3 Product\" srcset=\"https:\/\/benheine.com\/wp-content\/uploads\/2021\/07\/ben-heine-art-painted-busts-7.jpg 716w, https:\/\/benheine.com\/wp-content\/uploads\/2021\/07\/ben-heine-art-painted-busts-7-225x300.jpg 225w, https:\/\/benheine.com\/wp-content\/uploads\/2021\/07\/ben-heine-art-painted-busts-7-600x800.jpg 600w\" sizes=\"(max-width: 716px) 100vw, 716px\" \/><\/div><div class=\"product-content\"><div class=\"product-text\"><p>Buy the best \u00ab\u00a0<a href=\"https:\/\/benheine.com\/product\/painted-busts-4\/\">Painted Bust 3<\/a>\u00a0\u00bb Product designed by Ben Hein<a style=\"color: #7a7a7a;\" href=\"https:\/\/digitalsuccess.ai\/\">e.<\/a><br \/>\n50x20cm<br \/>\nAcrylic<\/p>\n<div class=\"clearfix\"><\/div><\/div> <div class=\"product-price\"> <span class=\"woocommerce-Price-amount amount\"><bdi><span class=\"woocommerce-Price-currencySymbol\">&euro;<\/span>450.00<\/bdi><\/span> <\/div><div class=\"product-btn\"><a href=\"\/fr\/wp-json\/wp\/v2\/pages\/13424?add-to-cart=13344\">Buy Now<\/a><\/div><\/div><\/div>\n\n        \n            <div class=\"product-item\"> <div class=\"product_heading\"><h3 class=\"heading-title\">Painted Bust 4<\/h3><\/div><div class=\"product-image\"><img loading=\"lazy\" decoding=\"async\" width=\"825\" height=\"1100\" src=\"https:\/\/benheine.com\/wp-content\/uploads\/2021\/07\/ben-heine-art-painted-busts-2.jpg\" class=\"attachment-full size-full\" alt=\"Painted Bust 4 Product\" srcset=\"https:\/\/benheine.com\/wp-content\/uploads\/2021\/07\/ben-heine-art-painted-busts-2.jpg 825w, https:\/\/benheine.com\/wp-content\/uploads\/2021\/07\/ben-heine-art-painted-busts-2-225x300.jpg 225w, https:\/\/benheine.com\/wp-content\/uploads\/2021\/07\/ben-heine-art-painted-busts-2-768x1024.jpg 768w, https:\/\/benheine.com\/wp-content\/uploads\/2021\/07\/ben-heine-art-painted-busts-2-600x800.jpg 600w\" sizes=\"(max-width: 825px) 100vw, 825px\" \/><\/div><div class=\"product-content\"><div class=\"product-text\"><p>Buy the best \u00ab\u00a0<a href=\"https:\/\/benheine.com\/product\/painted-busts-3\/\">Painted Bust 4<\/a>\u00a0\u00bb Product designed by Ben Hein<a style=\"color: #7a7a7a;\" href=\"https:\/\/digitalsuccess.ai\/\">e.<\/a><br \/>\n50x20cm<br \/>\nAcrylic<\/p>\n<div class=\"clearfix\"><\/div><\/div> <div class=\"product-price\"> <span class=\"woocommerce-Price-amount amount\"><bdi><span class=\"woocommerce-Price-currencySymbol\">&euro;<\/span>450.00<\/bdi><\/span> <\/div><div class=\"product-btn\"><a href=\"\/fr\/wp-json\/wp\/v2\/pages\/13424?add-to-cart=13345\">Buy Now<\/a><\/div><\/div><\/div>\n\n        \n            <div class=\"product-item\"> <div class=\"product_heading\"><h3 class=\"heading-title\">Painted Bust 5<\/h3><\/div><div class=\"product-image\"><img loading=\"lazy\" decoding=\"async\" width=\"825\" height=\"1100\" src=\"https:\/\/benheine.com\/wp-content\/uploads\/2021\/07\/ben-heine-art-painted-busts-3.jpg\" class=\"attachment-full size-full\" alt=\"Painted Bust 5\" srcset=\"https:\/\/benheine.com\/wp-content\/uploads\/2021\/07\/ben-heine-art-painted-busts-3.jpg 825w, https:\/\/benheine.com\/wp-content\/uploads\/2021\/07\/ben-heine-art-painted-busts-3-225x300.jpg 225w, https:\/\/benheine.com\/wp-content\/uploads\/2021\/07\/ben-heine-art-painted-busts-3-768x1024.jpg 768w, https:\/\/benheine.com\/wp-content\/uploads\/2021\/07\/ben-heine-art-painted-busts-3-600x800.jpg 600w\" sizes=\"(max-width: 825px) 100vw, 825px\" \/><\/div><div class=\"product-content\"><div class=\"product-text\"><p>Buy the best \u00ab\u00a0Painted Bust 5\u00a0\u00bb designed by Ben Hein<a style=\"color: #7a7a7a;\" href=\"https:\/\/digitalsuccess.ai\/\">e.<\/a><br \/>\n50x20cm<br \/>\nAcryli<a href=\"https:\/\/benheine.com\/product\/painted-busts-6\/\">c<\/a><\/p>\n<div class=\"clearfix\"><\/div><\/div> <div class=\"product-price\"> <span class=\"woocommerce-Price-amount amount\"><bdi><span class=\"woocommerce-Price-currencySymbol\">&euro;<\/span>450.00<\/bdi><\/span> <\/div><div class=\"product-btn\"><a href=\"\/fr\/wp-json\/wp\/v2\/pages\/13424?add-to-cart=13347\">Buy Now<\/a><\/div><\/div><\/div>\n\n        \n            <div class=\"product-item\"> <div class=\"product_heading\"><h3 class=\"heading-title\">Painted Bust 6<\/h3><\/div><div class=\"product-image\"><img loading=\"lazy\" decoding=\"async\" width=\"876\" height=\"1168\" src=\"https:\/\/benheine.com\/wp-content\/uploads\/2021\/07\/ben-heine-art-painted-busts.jpg\" class=\"attachment-full size-full\" alt=\"Painted Bust 6\" srcset=\"https:\/\/benheine.com\/wp-content\/uploads\/2021\/07\/ben-heine-art-painted-busts.jpg 876w, https:\/\/benheine.com\/wp-content\/uploads\/2021\/07\/ben-heine-art-painted-busts-225x300.jpg 225w, https:\/\/benheine.com\/wp-content\/uploads\/2021\/07\/ben-heine-art-painted-busts-768x1024.jpg 768w, https:\/\/benheine.com\/wp-content\/uploads\/2021\/07\/ben-heine-art-painted-busts-600x800.jpg 600w\" sizes=\"(max-width: 876px) 100vw, 876px\" \/><\/div><div class=\"product-content\"><div class=\"product-text\"><p>Buy the best \u00ab\u00a0Painted Bust 6\u00a0\u00bb designed by Ben Hein<a style=\"color: #7a7a7a;\" href=\"https:\/\/digitalsuccess.ai\/\">e.<\/a><br \/>\n50x20cm<br \/>\nAcryli<a href=\"https:\/\/benheine.com\/product\/painted-busts-5\/\">c<\/a><\/p>\n<div class=\"clearfix\"><\/div><\/div> <div class=\"product-price\"> <span class=\"woocommerce-Price-amount amount\"><bdi><span class=\"woocommerce-Price-currencySymbol\">&euro;<\/span>450.00<\/bdi><\/span> <\/div><div class=\"product-btn\"><a href=\"\/fr\/wp-json\/wp\/v2\/pages\/13424?add-to-cart=13348\">Buy Now<\/a><\/div><\/div><\/div>\n\n        \n            <div class=\"product-item\"> <div class=\"product_heading\"><h3 class=\"heading-title\">Painted Bust 7<\/h3><\/div><div class=\"product-image\"><img loading=\"lazy\" decoding=\"async\" width=\"750\" height=\"1000\" src=\"https:\/\/benheine.com\/wp-content\/uploads\/2021\/07\/ben-heine-art-painted-busts-6.jpg\" class=\"attachment-full size-full\" alt=\"Painted Bust 7\" srcset=\"https:\/\/benheine.com\/wp-content\/uploads\/2021\/07\/ben-heine-art-painted-busts-6.jpg 750w, https:\/\/benheine.com\/wp-content\/uploads\/2021\/07\/ben-heine-art-painted-busts-6-225x300.jpg 225w, https:\/\/benheine.com\/wp-content\/uploads\/2021\/07\/ben-heine-art-painted-busts-6-600x800.jpg 600w\" sizes=\"(max-width: 750px) 100vw, 750px\" \/><\/div><div class=\"product-content\"><div class=\"product-text\"><p>Buy the best \u00ab\u00a0Painted Bust 7\u00a0\u00bb designed by Ben Hein<a style=\"color: #7a7a7a;\" href=\"https:\/\/digitalsuccess.ai\/\">e.<\/a><br \/>\n50x20cm<br \/>\nAcryli<a href=\"https:\/\/benheine.com\/product\/painted-busts-8\/\">c<\/a><\/p>\n<div class=\"clearfix\"><\/div><\/div> <div class=\"product-price\"> <span class=\"woocommerce-Price-amount amount\"><bdi><span class=\"woocommerce-Price-currencySymbol\">&euro;<\/span>450.00<\/bdi><\/span> <\/div><div class=\"product-btn\"><a href=\"\/fr\/wp-json\/wp\/v2\/pages\/13424?add-to-cart=13349\">Buy Now<\/a><\/div><\/div><\/div>\n\n        \n            <div class=\"product-item\"> <div class=\"product_heading\"><h3 class=\"heading-title\">Painted Bust 8<\/h3><\/div><div class=\"product-image\"><img loading=\"lazy\" decoding=\"async\" width=\"825\" height=\"1100\" src=\"https:\/\/benheine.com\/wp-content\/uploads\/2021\/07\/ben-heine-art-painted-busts-5.jpg\" class=\"attachment-full size-full\" alt=\"Painted Bust 8\" srcset=\"https:\/\/benheine.com\/wp-content\/uploads\/2021\/07\/ben-heine-art-painted-busts-5.jpg 825w, https:\/\/benheine.com\/wp-content\/uploads\/2021\/07\/ben-heine-art-painted-busts-5-225x300.jpg 225w, https:\/\/benheine.com\/wp-content\/uploads\/2021\/07\/ben-heine-art-painted-busts-5-768x1024.jpg 768w, https:\/\/benheine.com\/wp-content\/uploads\/2021\/07\/ben-heine-art-painted-busts-5-600x800.jpg 600w\" sizes=\"(max-width: 825px) 100vw, 825px\" \/><\/div><div class=\"product-content\"><div class=\"product-text\"><p>Buy the best \u00ab\u00a0Painted Bust 8\u00a0\u00bb designed by Ben Hein<a style=\"color: #7a7a7a;\" href=\"https:\/\/digitalsuccess.ai\/\">e.<\/a><br \/>\n50x20cm<br \/>\nAcryli<a href=\"https:\/\/benheine.com\/product\/painted-busts-7\/\">c<\/a><\/p>\n<div class=\"clearfix\"><\/div><\/div> <div class=\"product-price\"> <span class=\"woocommerce-Price-amount amount\"><bdi><span class=\"woocommerce-Price-currencySymbol\">&euro;<\/span>450.00<\/bdi><\/span> <\/div><div class=\"product-btn\"><a href=\"\/fr\/wp-json\/wp\/v2\/pages\/13424?add-to-cart=13351\">Buy Now<\/a><\/div><\/div><\/div>\n\n        \n            <div class=\"product-item\"> <div class=\"product_heading\"><h3 class=\"heading-title\">Painted Bust 9<\/h3><\/div><div class=\"product-image\"><img loading=\"lazy\" decoding=\"async\" width=\"825\" height=\"1100\" src=\"https:\/\/benheine.com\/wp-content\/uploads\/2021\/07\/ben-heine-art-painted-busts-4.jpg\" class=\"attachment-full size-full\" alt=\"Painted Bust 9\" srcset=\"https:\/\/benheine.com\/wp-content\/uploads\/2021\/07\/ben-heine-art-painted-busts-4.jpg 825w, https:\/\/benheine.com\/wp-content\/uploads\/2021\/07\/ben-heine-art-painted-busts-4-225x300.jpg 225w, https:\/\/benheine.com\/wp-content\/uploads\/2021\/07\/ben-heine-art-painted-busts-4-768x1024.jpg 768w, https:\/\/benheine.com\/wp-content\/uploads\/2021\/07\/ben-heine-art-painted-busts-4-600x800.jpg 600w\" sizes=\"(max-width: 825px) 100vw, 825px\" \/><\/div><div class=\"product-content\"><div class=\"product-text\"><p>Buy the best \u00ab\u00a0Painted Bust 9\u00a0\u00bb designed by Ben Hein<a style=\"color: #7a7a7a;\" href=\"https:\/\/digitalsuccess.ai\/\">e.<\/a><br \/>\n50x20cm<br \/>\n<a href=\"https:\/\/benheine.com\/product\/painted-busts-8\/\">Acrylic<\/a><\/p>\n<div class=\"clearfix\"><\/div><\/div> <div class=\"product-price\"> <span class=\"woocommerce-Price-amount amount\"><bdi><span class=\"woocommerce-Price-currencySymbol\">&euro;<\/span>450.00<\/bdi><\/span> <\/div><div class=\"product-btn\"><a href=\"\/fr\/wp-json\/wp\/v2\/pages\/13424?add-to-cart=13374\">Buy Now<\/a><\/div><\/div><\/div>\n\n        <\/div><\/div>\n\t\t\t\t\t\t<\/div>\n\t\t\t\t<\/div>\n\t\t\t\t<div class=\"elementor-element elementor-element-bb66e37 elementor-widget elementor-widget-text-editor\" data-id=\"bb66e37\" data-element_type=\"widget\" data-widget_type=\"text-editor.default\">\n\t\t\t\t<div class=\"elementor-widget-container\">\n\t\t\t\t\t\t\t\t\t<p>[quads id=3]<\/p>\t\t\t\t\t\t\t\t<\/div>\n\t\t\t\t<\/div>\n\t\t\t\t\t<\/div>\n\t\t<\/div>\n\t\t\t\t\t<\/div>\n\t\t<\/section>\n\t\t\t\t<\/div>\n\t\t<div class=\"clearfix\"><\/div>","protected":false},"excerpt":{"rendered":"<p>[quads id=3] Bustes peints Quelques visages et bustes peints abstraits originaux r\u00e9alis\u00e9s par Ben Heine qui font partie de sa nouvelle s\u00e9rie&#8230;<\/p>\n","protected":false},"author":1,"featured_media":13366,"parent":0,"menu_order":4,"comment_status":"closed","ping_status":"closed","template":"elementor_header_footer","meta":{"_acf_changed":false,"footnotes":""},"class_list":["post-13424","page","type-page","status-publish","has-post-thumbnail","hentry"],"acf":[],"yoast_head":"<!-- This site is optimized with the Yoast SEO plugin v26.6 - https:\/\/yoast.com\/wordpress\/plugins\/seo\/ -->\n<title>Bustes peints abstraits originaux r\u00e9alis\u00e9s par Ben Heine<\/title>\n<meta name=\"description\" content=\"Quelques visages et bustes peints abstraits originaux r\u00e9alis\u00e9s par Ben Heine qui font partie de sa nouvelle s\u00e9rie &quot;Painted Busts&quot;. Achetez quelques-unes de ces \u0153uvres d&#039;art originales pour d\u00e9corer votre maison ou votre jardin et impressionner vos invit\u00e9s ! Ce sont des peintures abstraites color\u00e9es intemporelles sur des\" \/>\n<meta name=\"robots\" content=\"index, follow, max-snippet:-1, max-image-preview:large, max-video-preview:-1\" \/>\n<link rel=\"canonical\" href=\"https:\/\/benheine.com\/painted-busts\/\" \/>\n<meta property=\"og:locale\" content=\"fr_FR\" \/>\n<meta property=\"og:type\" content=\"article\" \/>\n<meta property=\"og:title\" content=\"Bustes peints abstraits originaux r\u00e9alis\u00e9s par Ben Heine\" \/>\n<meta property=\"og:description\" content=\"Quelques visages et bustes peints abstraits originaux r\u00e9alis\u00e9s par Ben Heine qui font partie de sa nouvelle s\u00e9rie &quot;Painted Busts&quot;. Achetez quelques-unes de ces \u0153uvres d&#039;art originales pour d\u00e9corer votre maison ou votre jardin et impressionner vos invit\u00e9s ! Ce sont des peintures abstraites color\u00e9es intemporelles sur des\" \/>\n<meta property=\"og:url\" content=\"https:\/\/benheine.com\/painted-busts\/\" \/>\n<meta property=\"og:site_name\" content=\"BenHeine, votre dose quotidienne d&#039;actualit\u00e9s Art et Tech\" \/>\n<meta property=\"article:modified_time\" content=\"2021-08-06T09:14:06+00:00\" \/>\n<meta property=\"og:image\" content=\"https:\/\/benheine.com\/wp-content\/uploads\/2021\/07\/ben-heine-art-painted-busts-2.jpg\" \/>\n\t<meta property=\"og:image:width\" content=\"825\" \/>\n\t<meta property=\"og:image:height\" content=\"1100\" \/>\n\t<meta property=\"og:image:type\" content=\"image\/jpeg\" \/>\n<meta name=\"twitter:card\" content=\"summary_large_image\" \/>\n<script type=\"application\/ld+json\" class=\"yoast-schema-graph\">{\"@context\":\"https:\/\/schema.org\",\"@graph\":[{\"@type\":\"WebPage\",\"@id\":\"https:\/\/benheine.com\/painted-busts\/\",\"url\":\"https:\/\/benheine.com\/painted-busts\/\",\"name\":\"Bustes peints abstraits originaux r\u00e9alis\u00e9s par Ben Heine\",\"isPartOf\":{\"@id\":\"https:\/\/benheine.com\/#website\"},\"primaryImageOfPage\":{\"@id\":\"https:\/\/benheine.com\/painted-busts\/#primaryimage\"},\"image\":{\"@id\":\"https:\/\/benheine.com\/painted-busts\/#primaryimage\"},\"thumbnailUrl\":\"https:\/\/benheine.com\/wp-content\/uploads\/2021\/07\/ben-heine-art-painted-busts-2.jpg\",\"datePublished\":\"2021-08-03T05:35:25+00:00\",\"dateModified\":\"2021-08-06T09:14:06+00:00\",\"description\":\"Quelques visages et bustes peints abstraits originaux r\u00e9alis\u00e9s par Ben Heine qui font partie de sa nouvelle s\u00e9rie \\\"Painted Busts\\\". Achetez quelques-unes de ces \u0153uvres d'art originales pour d\u00e9corer votre maison ou votre jardin et impressionner vos invit\u00e9s ! Ce sont des peintures abstraites color\u00e9es intemporelles sur des\",\"breadcrumb\":{\"@id\":\"https:\/\/benheine.com\/painted-busts\/#breadcrumb\"},\"inLanguage\":\"fr-FR\",\"potentialAction\":[{\"@type\":\"ReadAction\",\"target\":[\"https:\/\/benheine.com\/painted-busts\/\"]}]},{\"@type\":\"ImageObject\",\"inLanguage\":\"fr-FR\",\"@id\":\"https:\/\/benheine.com\/painted-busts\/#primaryimage\",\"url\":\"https:\/\/benheine.com\/wp-content\/uploads\/2021\/07\/ben-heine-art-painted-busts-2.jpg\",\"contentUrl\":\"https:\/\/benheine.com\/wp-content\/uploads\/2021\/07\/ben-heine-art-painted-busts-2.jpg\",\"width\":825,\"height\":1100,\"caption\":\"Painted Busts - Ben Heine Art Sculpture - Buy Art - Home Deco\"},{\"@type\":\"BreadcrumbList\",\"@id\":\"https:\/\/benheine.com\/painted-busts\/#breadcrumb\",\"itemListElement\":[{\"@type\":\"ListItem\",\"position\":1,\"name\":\"Home\",\"item\":\"https:\/\/benheine.com\/fr\/\"},{\"@type\":\"ListItem\",\"position\":2,\"name\":\"Bustes Peints\"}]},{\"@type\":\"WebSite\",\"@id\":\"https:\/\/benheine.com\/#website\",\"url\":\"https:\/\/benheine.com\/\",\"name\":\"BenHeine, votre dose quotidienne d&#039;actualit\u00e9s Art et Tech\",\"description\":\"Retrouvez ici des actualit\u00e9s Art et Tech mais aussi des articles informatifs et des conseils sur l&#039;art, l&#039;intelligence artificielle, la cr\u00e9ation de contenu, l&#039;e-marketing, la productivit\u00e9, l&#039;entreprenariat, la conception web, l&#039;\u00e9ducation, la musique, la peinture, la photographie, la vid\u00e9o, la finance et bien plus encore.\",\"potentialAction\":[{\"@type\":\"SearchAction\",\"target\":{\"@type\":\"EntryPoint\",\"urlTemplate\":\"https:\/\/benheine.com\/?s={search_term_string}\"},\"query-input\":{\"@type\":\"PropertyValueSpecification\",\"valueRequired\":true,\"valueName\":\"search_term_string\"}}],\"inLanguage\":\"fr-FR\"}]}<\/script>\n<!-- \/ Yoast SEO plugin. -->","yoast_head_json":{"title":"Bustes peints abstraits originaux r\u00e9alis\u00e9s par Ben Heine","description":"Quelques visages et bustes peints abstraits originaux r\u00e9alis\u00e9s par Ben Heine qui font partie de sa nouvelle s\u00e9rie \"Painted Busts\". Achetez quelques-unes de ces \u0153uvres d'art originales pour d\u00e9corer votre maison ou votre jardin et impressionner vos invit\u00e9s ! Ce sont des peintures abstraites color\u00e9es intemporelles sur des","robots":{"index":"index","follow":"follow","max-snippet":"max-snippet:-1","max-image-preview":"max-image-preview:large","max-video-preview":"max-video-preview:-1"},"canonical":"https:\/\/benheine.com\/painted-busts\/","og_locale":"fr_FR","og_type":"article","og_title":"Bustes peints abstraits originaux r\u00e9alis\u00e9s par Ben Heine","og_description":"Quelques visages et bustes peints abstraits originaux r\u00e9alis\u00e9s par Ben Heine qui font partie de sa nouvelle s\u00e9rie \"Painted Busts\". Achetez quelques-unes de ces \u0153uvres d'art originales pour d\u00e9corer votre maison ou votre jardin et impressionner vos invit\u00e9s ! Ce sont des peintures abstraites color\u00e9es intemporelles sur des","og_url":"https:\/\/benheine.com\/painted-busts\/","og_site_name":"BenHeine, votre dose quotidienne d&#039;actualit\u00e9s Art et Tech","article_modified_time":"2021-08-06T09:14:06+00:00","og_image":[{"width":825,"height":1100,"url":"https:\/\/benheine.com\/wp-content\/uploads\/2021\/07\/ben-heine-art-painted-busts-2.jpg","type":"image\/jpeg"}],"twitter_card":"summary_large_image","schema":{"@context":"https:\/\/schema.org","@graph":[{"@type":"WebPage","@id":"https:\/\/benheine.com\/painted-busts\/","url":"https:\/\/benheine.com\/painted-busts\/","name":"Bustes peints abstraits originaux r\u00e9alis\u00e9s par Ben Heine","isPartOf":{"@id":"https:\/\/benheine.com\/#website"},"primaryImageOfPage":{"@id":"https:\/\/benheine.com\/painted-busts\/#primaryimage"},"image":{"@id":"https:\/\/benheine.com\/painted-busts\/#primaryimage"},"thumbnailUrl":"https:\/\/benheine.com\/wp-content\/uploads\/2021\/07\/ben-heine-art-painted-busts-2.jpg","datePublished":"2021-08-03T05:35:25+00:00","dateModified":"2021-08-06T09:14:06+00:00","description":"Quelques visages et bustes peints abstraits originaux r\u00e9alis\u00e9s par Ben Heine qui font partie de sa nouvelle s\u00e9rie \"Painted Busts\". Achetez quelques-unes de ces \u0153uvres d'art originales pour d\u00e9corer votre maison ou votre jardin et impressionner vos invit\u00e9s ! Ce sont des peintures abstraites color\u00e9es intemporelles sur des","breadcrumb":{"@id":"https:\/\/benheine.com\/painted-busts\/#breadcrumb"},"inLanguage":"fr-FR","potentialAction":[{"@type":"ReadAction","target":["https:\/\/benheine.com\/painted-busts\/"]}]},{"@type":"ImageObject","inLanguage":"fr-FR","@id":"https:\/\/benheine.com\/painted-busts\/#primaryimage","url":"https:\/\/benheine.com\/wp-content\/uploads\/2021\/07\/ben-heine-art-painted-busts-2.jpg","contentUrl":"https:\/\/benheine.com\/wp-content\/uploads\/2021\/07\/ben-heine-art-painted-busts-2.jpg","width":825,"height":1100,"caption":"Painted Busts - Ben Heine Art Sculpture - Buy Art - Home Deco"},{"@type":"BreadcrumbList","@id":"https:\/\/benheine.com\/painted-busts\/#breadcrumb","itemListElement":[{"@type":"ListItem","position":1,"name":"Home","item":"https:\/\/benheine.com\/fr\/"},{"@type":"ListItem","position":2,"name":"Bustes Peints"}]},{"@type":"WebSite","@id":"https:\/\/benheine.com\/#website","url":"https:\/\/benheine.com\/","name":"BenHeine, votre dose quotidienne d&#039;actualit\u00e9s Art et Tech","description":"Retrouvez ici des actualit\u00e9s Art et Tech mais aussi des articles informatifs et des conseils sur l&#039;art, l&#039;intelligence artificielle, la cr\u00e9ation de contenu, l&#039;e-marketing, la productivit\u00e9, l&#039;entreprenariat, la conception web, l&#039;\u00e9ducation, la musique, la peinture, la photographie, la vid\u00e9o, la finance et bien plus encore.","potentialAction":[{"@type":"SearchAction","target":{"@type":"EntryPoint","urlTemplate":"https:\/\/benheine.com\/?s={search_term_string}"},"query-input":{"@type":"PropertyValueSpecification","valueRequired":true,"valueName":"search_term_string"}}],"inLanguage":"fr-FR"}]}},"_links":{"self":[{"href":"https:\/\/benheine.com\/fr\/wp-json\/wp\/v2\/pages\/13424","targetHints":{"allow":["GET"]}}],"collection":[{"href":"https:\/\/benheine.com\/fr\/wp-json\/wp\/v2\/pages"}],"about":[{"href":"https:\/\/benheine.com\/fr\/wp-json\/wp\/v2\/types\/page"}],"author":[{"embeddable":true,"href":"https:\/\/benheine.com\/fr\/wp-json\/wp\/v2\/users\/1"}],"replies":[{"embeddable":true,"href":"https:\/\/benheine.com\/fr\/wp-json\/wp\/v2\/comments?post=13424"}],"version-history":[{"count":0,"href":"https:\/\/benheine.com\/fr\/wp-json\/wp\/v2\/pages\/13424\/revisions"}],"wp:featuredmedia":[{"embeddable":true,"href":"https:\/\/benheine.com\/fr\/wp-json\/wp\/v2\/media\/13366"}],"wp:attachment":[{"href":"https:\/\/benheine.com\/fr\/wp-json\/wp\/v2\/media?parent=13424"}],"curies":[{"name":"wp","href":"https:\/\/api.w.org\/{rel}","templated":true}]}}