{"id":2477,"date":"2018-03-12T07:23:36","date_gmt":"2018-03-12T07:23:36","guid":{"rendered":"http:\/\/benheine.com\/?page_id=2477"},"modified":"2020-12-10T13:32:21","modified_gmt":"2020-12-10T13:32:21","slug":"titres-audio","status":"publish","type":"page","link":"https:\/\/benheine.com\/fr\/art\/titres-audio\/","title":{"rendered":"Titres Audio"},"content":{"rendered":"\t\t<div data-elementor-type=\"wp-page\" data-elementor-id=\"2477\" class=\"elementor elementor-2477\">\n\t\t\t\t\t\t<section class=\"elementor-section elementor-top-section elementor-element elementor-element-4766cd3 elementor-section-boxed elementor-section-height-default elementor-section-height-default\" data-id=\"4766cd3\" data-element_type=\"section\">\n\t\t\t\t\t\t<div class=\"elementor-container elementor-column-gap-default\">\n\t\t\t\t\t<div class=\"elementor-column elementor-col-100 elementor-top-column elementor-element elementor-element-31deb68\" data-id=\"31deb68\" data-element_type=\"column\">\n\t\t\t<div class=\"elementor-widget-wrap elementor-element-populated\">\n\t\t\t\t\t\t<div class=\"elementor-element elementor-element-719eaa0 elementor-widget elementor-widget-heading\" data-id=\"719eaa0\" data-element_type=\"widget\" data-widget_type=\"heading.default\">\n\t\t\t\t<div class=\"elementor-widget-container\">\n\t\t\t\t\t<h1 class=\"elementor-heading-title elementor-size-default\">TITRES AUDIO<\/h1>\t\t\t\t<\/div>\n\t\t\t\t<\/div>\n\t\t\t\t<div class=\"elementor-element elementor-element-887a559 elementor-widget elementor-widget-text-editor\" data-id=\"887a559\" data-element_type=\"widget\" data-widget_type=\"text-editor.default\">\n\t\t\t\t<div class=\"elementor-widget-container\">\n\t\t\t\t\t\t\t\t\t<p>D\u00e9couvrez la\u00a0<a href=\"https:\/\/soundcloud.com\/benheine\" target=\"_blank\" rel=\"noopener\">musique cr\u00e9ative<\/a>\u00a0de l\u2019artiste Ben Heine. Il compose, \u00e9crit des paroles, chante, enregistre, \u00e9dite et produit du contenu musical vari\u00e9 depuis 2011. Ses instruments de pr\u00e9dilection sont le piano et les percussions. Il collabore parfois avec d\u2019autres chanteurs et musiciens. Les compositions sonores de Ben s\u2019inscrivent dans le genre musical\u00a0<a href=\"https:\/\/en.wikipedia.org\/wiki\/Electropop\" target=\"_blank\" rel=\"noopener\">Electro Pop<\/a>. Sa passion pour la musique se marie bien avec sa passion pour les\u00a0<a href=\"http:\/\/benheine.com\/fr\/art\/\" target=\"_blank\" rel=\"noopener\">arts visuels<\/a>. \u00ab\u00a0Cela compl\u00e9mente mon travail graphique et m\u2019aide \u00e0 grandir\u00a0\u00bb dit-il. Il a cr\u00e9\u00e9 son propre studio depuis 2012. Il mixe et \u00e9dite ses sons dans\u00a0<a href=\"https:\/\/www.ableton.com\/\">Ableton Live<\/a>. En 2015, sa musique a \u00e9t\u00e9 diffus\u00e9e pour la premi\u00e8re fois au Plan\u00e9tarium de Moscou ainsi que dans d\u2019autres lieux prestigieux en Russie.<\/p>\t\t\t\t\t\t\t\t<\/div>\n\t\t\t\t<\/div>\n\t\t\t\t<div class=\"elementor-element elementor-element-2e6419a elementor-widget elementor-widget-shortcode\" data-id=\"2e6419a\" data-element_type=\"widget\" data-widget_type=\"shortcode.default\">\n\t\t\t\t<div class=\"elementor-widget-container\">\n\t\t\t\t\t<div class=\"soundcloud-track-list\"><p><iframe src=\"https:\/\/w.soundcloud.com\/player\/?url=https%3A\/\/api.soundcloud.com\/tracks\/745437130&amp;color=%23ff5500&amp;auto_play=false&amp;hide_related=false&amp;show_comments=true&amp;show_user=true&amp;show_reposts=false&amp;show_teaser=true\" width=\"100%\" height=\"166\" frameborder=\"no\" scrolling=\"no\"><\/iframe><\/p>\n<div class=\"clearfix\"><\/div><p><iframe src=\"https:\/\/w.soundcloud.com\/player\/?url=https%3A\/\/api.soundcloud.com\/tracks\/696474631&amp;color=%23ff5500&amp;auto_play=false&amp;hide_related=false&amp;show_comments=true&amp;show_user=true&amp;show_reposts=false&amp;show_teaser=true\" width=\"100%\" height=\"166\" frameborder=\"no\" scrolling=\"no\"><\/iframe><\/p>\n<div class=\"clearfix\"><\/div><p><iframe width=\"100%\" height=\"166\" scrolling=\"no\" frameborder=\"no\" allow=\"autoplay\" src=\"https:\/\/w.soundcloud.com\/player\/?url=https%3A\/\/api.soundcloud.com\/tracks\/685513525&#038;color=%23ff5500&#038;auto_play=false&#038;hide_related=false&#038;show_comments=true&#038;show_user=true&#038;show_reposts=false&#038;show_teaser=true\"><\/iframe><\/p>\n<div class=\"clearfix\"><\/div><p><iframe width=\"100%\" height=\"166\" scrolling=\"no\" frameborder=\"no\" allow=\"autoplay\" src=\"https:\/\/w.soundcloud.com\/player\/?url=https%3A\/\/api.soundcloud.com\/tracks\/683093070&#038;color=%23ff5500&#038;auto_play=false&#038;hide_related=false&#038;show_comments=true&#038;show_user=true&#038;show_reposts=false&#038;show_teaser=true\"><\/iframe><\/p>\n<div class=\"clearfix\"><\/div><p><iframe src=\"https:\/\/w.soundcloud.com\/player\/?url=https%3A\/\/api.soundcloud.com\/tracks\/443880972&amp;color=%23ff5500&amp;auto_play=false&amp;hide_related=false&amp;show_comments=true&amp;show_user=true&amp;show_reposts=false&amp;show_teaser=true\" width=\"100%\" height=\"166\" frameborder=\"no\" scrolling=\"no\"><\/iframe><\/p>\n<div class=\"clearfix\"><\/div><p><iframe width=\"100%\" height=\"166\" scrolling=\"no\" frameborder=\"no\" allow=\"autoplay\" src=\"https:\/\/w.soundcloud.com\/player\/?url=https%3A\/\/api.soundcloud.com\/tracks\/394340325&#038;color=%23ff5500&#038;auto_play=false&#038;hide_related=false&#038;show_comments=true&#038;show_user=true&#038;show_reposts=false&#038;show_teaser=true\"><\/iframe><\/p>\n<div class=\"clearfix\"><\/div><p><iframe width=\"100%\" height=\"166\" scrolling=\"no\" frameborder=\"no\" allow=\"autoplay\" src=\"https:\/\/w.soundcloud.com\/player\/?url=https%3A\/\/api.soundcloud.com\/tracks\/324104895&#038;color=%23ff5500&#038;auto_play=false&#038;hide_related=false&#038;show_comments=true&#038;show_user=true&#038;show_reposts=false&#038;show_teaser=true\"><\/iframe><\/p>\n<div class=\"clearfix\"><\/div><p><iframe width=\"100%\" height=\"166\" scrolling=\"no\" frameborder=\"no\" allow=\"autoplay\" src=\"https:\/\/w.soundcloud.com\/player\/?url=https%3A\/\/api.soundcloud.com\/tracks\/306868447&#038;color=%23ff5500&#038;auto_play=false&#038;hide_related=false&#038;show_comments=true&#038;show_user=true&#038;show_reposts=false&#038;show_teaser=true\"><\/iframe><\/p>\n<div class=\"clearfix\"><\/div><p><iframe width=\"100%\" height=\"166\" scrolling=\"no\" frameborder=\"no\" allow=\"autoplay\" src=\"https:\/\/w.soundcloud.com\/player\/?url=https%3A\/\/api.soundcloud.com\/tracks\/323997501&#038;color=%23ff5500&#038;auto_play=false&#038;hide_related=false&#038;show_comments=true&#038;show_user=true&#038;show_reposts=false&#038;show_teaser=true\"><\/iframe><\/p>\n<div class=\"clearfix\"><\/div><\/div>\t\t<div class=\"elementor-shortcode\"><\/div>\n\t\t\t\t\t\t<\/div>\n\t\t\t\t<\/div>\n\t\t\t\t\t<\/div>\n\t\t<\/div>\n\t\t\t\t\t<\/div>\n\t\t<\/section>\n\t\t\t\t<\/div>\n\t\t<div class=\"clearfix\"><\/div>","protected":false},"excerpt":{"rendered":"<p>TITRES AUDIO D\u00e9couvrez la\u00a0musique cr\u00e9ative\u00a0de l\u2019artiste Ben Heine. Il compose, \u00e9crit des paroles, chante, enregistre, \u00e9dite et produit du contenu musical vari\u00e9&#8230;<\/p>\n","protected":false},"author":1,"featured_media":0,"parent":2733,"menu_order":8,"comment_status":"closed","ping_status":"closed","template":"elementor_header_footer","meta":{"_acf_changed":false,"footnotes":""},"class_list":["post-2477","page","type-page","status-publish","hentry"],"acf":[],"yoast_head":"<!-- This site is optimized with the Yoast SEO plugin v26.6 - https:\/\/yoast.com\/wordpress\/plugins\/seo\/ -->\n<title>Musique de Ben Heine: Ecoutez des Titres Audio Gratuitement<\/title>\n<meta name=\"description\" content=\"D\u00e9couvrez la musique de l&#039;artiste Ben Heine. Il compose, \u00e9crit des paroles, chante, enregistre, \u00e9dite et produit du contenu musical vari\u00e9 depuis 2011. Ses instruments de pr\u00e9dilection sont le piano et les percussions. Les compositions sonores de Ben s&#039;inscrivent dans le genre musical Electro Pop.\" \/>\n<meta name=\"robots\" content=\"index, follow, max-snippet:-1, max-image-preview:large, max-video-preview:-1\" \/>\n<link rel=\"canonical\" href=\"https:\/\/benheine.com\/art\/music-audio-tracks\/\" \/>\n<meta property=\"og:locale\" content=\"fr_FR\" \/>\n<meta property=\"og:type\" content=\"article\" \/>\n<meta property=\"og:title\" content=\"Musique de Ben Heine: Ecoutez des Titres Audio Gratuitement\" \/>\n<meta property=\"og:description\" content=\"D\u00e9couvrez la musique de l&#039;artiste Ben Heine. Il compose, \u00e9crit des paroles, chante, enregistre, \u00e9dite et produit du contenu musical vari\u00e9 depuis 2011. Ses instruments de pr\u00e9dilection sont le piano et les percussions. Les compositions sonores de Ben s&#039;inscrivent dans le genre musical Electro Pop.\" \/>\n<meta property=\"og:url\" content=\"https:\/\/benheine.com\/art\/music-audio-tracks\/\" \/>\n<meta property=\"og:site_name\" content=\"BenHeine, votre dose quotidienne d&#039;actualit\u00e9s Art et Tech\" \/>\n<meta property=\"article:modified_time\" content=\"2020-12-10T13:32:21+00:00\" \/>\n<meta name=\"twitter:card\" content=\"summary_large_image\" \/>\n<meta name=\"twitter:label1\" content=\"Dur\u00e9e de lecture estim\u00e9e\" \/>\n\t<meta name=\"twitter:data1\" content=\"1 minute\" \/>\n<script type=\"application\/ld+json\" class=\"yoast-schema-graph\">{\"@context\":\"https:\/\/schema.org\",\"@graph\":[{\"@type\":\"WebPage\",\"@id\":\"https:\/\/benheine.com\/art\/music-audio-tracks\/\",\"url\":\"https:\/\/benheine.com\/art\/music-audio-tracks\/\",\"name\":\"Musique de Ben Heine: Ecoutez des Titres Audio Gratuitement\",\"isPartOf\":{\"@id\":\"https:\/\/benheine.com\/#website\"},\"datePublished\":\"2018-03-12T07:23:36+00:00\",\"dateModified\":\"2020-12-10T13:32:21+00:00\",\"description\":\"D\u00e9couvrez la musique de l'artiste Ben Heine. Il compose, \u00e9crit des paroles, chante, enregistre, \u00e9dite et produit du contenu musical vari\u00e9 depuis 2011. Ses instruments de pr\u00e9dilection sont le piano et les percussions. Les compositions sonores de Ben s'inscrivent dans le genre musical Electro Pop.\",\"breadcrumb\":{\"@id\":\"https:\/\/benheine.com\/art\/music-audio-tracks\/#breadcrumb\"},\"inLanguage\":\"fr-FR\",\"potentialAction\":[{\"@type\":\"ReadAction\",\"target\":[\"https:\/\/benheine.com\/art\/music-audio-tracks\/\"]}]},{\"@type\":\"BreadcrumbList\",\"@id\":\"https:\/\/benheine.com\/art\/music-audio-tracks\/#breadcrumb\",\"itemListElement\":[{\"@type\":\"ListItem\",\"position\":1,\"name\":\"Home\",\"item\":\"https:\/\/benheine.com\/fr\/\"},{\"@type\":\"ListItem\",\"position\":2,\"name\":\"Art\",\"item\":\"https:\/\/benheine.com\/fr\/art\/\"},{\"@type\":\"ListItem\",\"position\":3,\"name\":\"Titres Audio\"}]},{\"@type\":\"WebSite\",\"@id\":\"https:\/\/benheine.com\/#website\",\"url\":\"https:\/\/benheine.com\/\",\"name\":\"BenHeine, votre dose quotidienne d&#039;actualit\u00e9s Art et Tech\",\"description\":\"Retrouvez ici des actualit\u00e9s Art et Tech mais aussi des articles informatifs et des conseils sur l&#039;art, l&#039;intelligence artificielle, la cr\u00e9ation de contenu, l&#039;e-marketing, la productivit\u00e9, l&#039;entreprenariat, la conception web, l&#039;\u00e9ducation, la musique, la peinture, la photographie, la vid\u00e9o, la finance et bien plus encore.\",\"potentialAction\":[{\"@type\":\"SearchAction\",\"target\":{\"@type\":\"EntryPoint\",\"urlTemplate\":\"https:\/\/benheine.com\/?s={search_term_string}\"},\"query-input\":{\"@type\":\"PropertyValueSpecification\",\"valueRequired\":true,\"valueName\":\"search_term_string\"}}],\"inLanguage\":\"fr-FR\"}]}<\/script>\n<!-- \/ Yoast SEO plugin. -->","yoast_head_json":{"title":"Musique de Ben Heine: Ecoutez des Titres Audio Gratuitement","description":"D\u00e9couvrez la musique de l'artiste Ben Heine. Il compose, \u00e9crit des paroles, chante, enregistre, \u00e9dite et produit du contenu musical vari\u00e9 depuis 2011. Ses instruments de pr\u00e9dilection sont le piano et les percussions. Les compositions sonores de Ben s'inscrivent dans le genre musical Electro Pop.","robots":{"index":"index","follow":"follow","max-snippet":"max-snippet:-1","max-image-preview":"max-image-preview:large","max-video-preview":"max-video-preview:-1"},"canonical":"https:\/\/benheine.com\/art\/music-audio-tracks\/","og_locale":"fr_FR","og_type":"article","og_title":"Musique de Ben Heine: Ecoutez des Titres Audio Gratuitement","og_description":"D\u00e9couvrez la musique de l'artiste Ben Heine. Il compose, \u00e9crit des paroles, chante, enregistre, \u00e9dite et produit du contenu musical vari\u00e9 depuis 2011. Ses instruments de pr\u00e9dilection sont le piano et les percussions. Les compositions sonores de Ben s'inscrivent dans le genre musical Electro Pop.","og_url":"https:\/\/benheine.com\/art\/music-audio-tracks\/","og_site_name":"BenHeine, votre dose quotidienne d&#039;actualit\u00e9s Art et Tech","article_modified_time":"2020-12-10T13:32:21+00:00","twitter_card":"summary_large_image","twitter_misc":{"Dur\u00e9e de lecture estim\u00e9e":"1 minute"},"schema":{"@context":"https:\/\/schema.org","@graph":[{"@type":"WebPage","@id":"https:\/\/benheine.com\/art\/music-audio-tracks\/","url":"https:\/\/benheine.com\/art\/music-audio-tracks\/","name":"Musique de Ben Heine: Ecoutez des Titres Audio Gratuitement","isPartOf":{"@id":"https:\/\/benheine.com\/#website"},"datePublished":"2018-03-12T07:23:36+00:00","dateModified":"2020-12-10T13:32:21+00:00","description":"D\u00e9couvrez la musique de l'artiste Ben Heine. Il compose, \u00e9crit des paroles, chante, enregistre, \u00e9dite et produit du contenu musical vari\u00e9 depuis 2011. Ses instruments de pr\u00e9dilection sont le piano et les percussions. Les compositions sonores de Ben s'inscrivent dans le genre musical Electro Pop.","breadcrumb":{"@id":"https:\/\/benheine.com\/art\/music-audio-tracks\/#breadcrumb"},"inLanguage":"fr-FR","potentialAction":[{"@type":"ReadAction","target":["https:\/\/benheine.com\/art\/music-audio-tracks\/"]}]},{"@type":"BreadcrumbList","@id":"https:\/\/benheine.com\/art\/music-audio-tracks\/#breadcrumb","itemListElement":[{"@type":"ListItem","position":1,"name":"Home","item":"https:\/\/benheine.com\/fr\/"},{"@type":"ListItem","position":2,"name":"Art","item":"https:\/\/benheine.com\/fr\/art\/"},{"@type":"ListItem","position":3,"name":"Titres Audio"}]},{"@type":"WebSite","@id":"https:\/\/benheine.com\/#website","url":"https:\/\/benheine.com\/","name":"BenHeine, votre dose quotidienne d&#039;actualit\u00e9s Art et Tech","description":"Retrouvez ici des actualit\u00e9s Art et Tech mais aussi des articles informatifs et des conseils sur l&#039;art, l&#039;intelligence artificielle, la cr\u00e9ation de contenu, l&#039;e-marketing, la productivit\u00e9, l&#039;entreprenariat, la conception web, l&#039;\u00e9ducation, la musique, la peinture, la photographie, la vid\u00e9o, la finance et bien plus encore.","potentialAction":[{"@type":"SearchAction","target":{"@type":"EntryPoint","urlTemplate":"https:\/\/benheine.com\/?s={search_term_string}"},"query-input":{"@type":"PropertyValueSpecification","valueRequired":true,"valueName":"search_term_string"}}],"inLanguage":"fr-FR"}]}},"_links":{"self":[{"href":"https:\/\/benheine.com\/fr\/wp-json\/wp\/v2\/pages\/2477","targetHints":{"allow":["GET"]}}],"collection":[{"href":"https:\/\/benheine.com\/fr\/wp-json\/wp\/v2\/pages"}],"about":[{"href":"https:\/\/benheine.com\/fr\/wp-json\/wp\/v2\/types\/page"}],"author":[{"embeddable":true,"href":"https:\/\/benheine.com\/fr\/wp-json\/wp\/v2\/users\/1"}],"replies":[{"embeddable":true,"href":"https:\/\/benheine.com\/fr\/wp-json\/wp\/v2\/comments?post=2477"}],"version-history":[{"count":0,"href":"https:\/\/benheine.com\/fr\/wp-json\/wp\/v2\/pages\/2477\/revisions"}],"up":[{"embeddable":true,"href":"https:\/\/benheine.com\/fr\/wp-json\/wp\/v2\/pages\/2733"}],"wp:attachment":[{"href":"https:\/\/benheine.com\/fr\/wp-json\/wp\/v2\/media?parent=2477"}],"curies":[{"name":"wp","href":"https:\/\/api.w.org\/{rel}","templated":true}]}}