{"id":2733,"date":"2018-03-15T11:26:36","date_gmt":"2018-03-15T11:26:36","guid":{"rendered":"http:\/\/benheine.com\/?page_id=2733"},"modified":"2021-07-05T09:28:30","modified_gmt":"2021-07-05T09:28:30","slug":"art","status":"publish","type":"page","link":"https:\/\/benheine.com\/fr\/art\/","title":{"rendered":"Art"},"content":{"rendered":"\t\t<div data-elementor-type=\"wp-page\" data-elementor-id=\"2733\" class=\"elementor elementor-2733\">\n\t\t\t\t\t\t<section class=\"elementor-section elementor-top-section elementor-element elementor-element-3156c90 elementor-section-boxed elementor-section-height-default elementor-section-height-default\" data-id=\"3156c90\" data-element_type=\"section\">\n\t\t\t\t\t\t<div class=\"elementor-container elementor-column-gap-default\">\n\t\t\t\t\t<div class=\"elementor-column elementor-col-100 elementor-top-column elementor-element elementor-element-11d0199\" data-id=\"11d0199\" data-element_type=\"column\">\n\t\t\t<div class=\"elementor-widget-wrap elementor-element-populated\">\n\t\t\t\t\t\t<div class=\"elementor-element elementor-element-6e96fe9 elementor-widget elementor-widget-heading\" data-id=\"6e96fe9\" data-element_type=\"widget\" data-widget_type=\"heading.default\">\n\t\t\t\t<div class=\"elementor-widget-container\">\n\t\t\t\t\t<h1 class=\"elementor-heading-title elementor-size-default\">Art Graphique<\/h1>\t\t\t\t<\/div>\n\t\t\t\t<\/div>\n\t\t\t\t<div class=\"elementor-element elementor-element-e241ad3 service-grid elementor-grid-3 elementor-grid-tablet-2 elementor-grid-mobile-1 elementor-posts--thumbnail-top elementor-card-shadow-yes elementor-posts__hover-gradient elementor-widget elementor-widget-posts\" data-id=\"e241ad3\" data-element_type=\"widget\" data-settings=\"{&quot;cards_masonry&quot;:&quot;yes&quot;,&quot;cards_row_gap&quot;:{&quot;unit&quot;:&quot;px&quot;,&quot;size&quot;:15,&quot;sizes&quot;:[]},&quot;cards_columns&quot;:&quot;3&quot;,&quot;cards_columns_tablet&quot;:&quot;2&quot;,&quot;cards_columns_mobile&quot;:&quot;1&quot;}\" data-widget_type=\"posts.cards\">\n\t\t\t\t<div class=\"elementor-widget-container\">\n\t\t\t\t\t\t\t<div class=\"elementor-posts-container elementor-posts elementor-posts--skin-cards elementor-grid\">\n\t\t\t\t<article class=\"elementor-post elementor-grid-item post-5739 page type-page status-publish has-post-thumbnail hentry\">\n\t\t\t<div class=\"elementor-post__card\">\n\t\t\t\t<a class=\"elementor-post__thumbnail__link\" href=\"https:\/\/benheine.com\/fr\/art\/pencil-vs-camera\/\" >\n\t\t\t<div class=\"elementor-post__thumbnail\"><img fetchpriority=\"high\" decoding=\"async\" width=\"500\" height=\"353\" src=\"https:\/\/benheine.com\/wp-content\/uploads\/2018\/04\/pencil-vs-camera.jpg\" class=\"attachment-full size-full wp-image-6431\" alt=\"Pencil Vs Camera by Ben\" srcset=\"https:\/\/benheine.com\/wp-content\/uploads\/2018\/04\/pencil-vs-camera.jpg 500w, https:\/\/benheine.com\/wp-content\/uploads\/2018\/04\/pencil-vs-camera-300x212.jpg 300w\" sizes=\"(max-width: 500px) 100vw, 500px\" \/><\/div>\n\t\t<\/a>\n\t\t\t\t<div class=\"elementor-post__text\">\n\t\t\t\t<h3 class=\"elementor-post__title\">\n\t\t\t<a href=\"https:\/\/benheine.com\/fr\/art\/pencil-vs-camera\/\" >\n\t\t\t\tPencil Vs Camera\t\t\t<\/a>\n\t\t<\/h3>\n\t\t\t\t<\/div>\n\t\t\t\t\t<\/div>\n\t\t<\/article>\n\t\t\t\t<article class=\"elementor-post elementor-grid-item post-19399 page type-page status-publish has-post-thumbnail hentry\">\n\t\t\t<div class=\"elementor-post__card\">\n\t\t\t\t<a class=\"elementor-post__thumbnail__link\" href=\"https:\/\/benheine.com\/fr\/art\/astro-cruise\/\" >\n\t\t\t<div class=\"elementor-post__thumbnail\"><img decoding=\"async\" width=\"797\" height=\"1000\" src=\"https:\/\/benheine.com\/wp-content\/uploads\/2022\/09\/2-Worlds-Ben-Heine-Astro-Cruise-9.jpg\" class=\"attachment-full size-full wp-image-19377\" alt=\"2 Worlds (Ben Heine) Astro Cruise 9\" srcset=\"https:\/\/benheine.com\/wp-content\/uploads\/2022\/09\/2-Worlds-Ben-Heine-Astro-Cruise-9.jpg 797w, https:\/\/benheine.com\/wp-content\/uploads\/2022\/09\/2-Worlds-Ben-Heine-Astro-Cruise-9-239x300.jpg 239w, https:\/\/benheine.com\/wp-content\/uploads\/2022\/09\/2-Worlds-Ben-Heine-Astro-Cruise-9-768x964.jpg 768w, https:\/\/benheine.com\/wp-content\/uploads\/2022\/09\/2-Worlds-Ben-Heine-Astro-Cruise-9-600x753.jpg 600w\" sizes=\"(max-width: 797px) 100vw, 797px\" \/><\/div>\n\t\t<\/a>\n\t\t\t\t<div class=\"elementor-post__text\">\n\t\t\t\t<h3 class=\"elementor-post__title\">\n\t\t\t<a href=\"https:\/\/benheine.com\/fr\/art\/astro-cruise\/\" >\n\t\t\t\tAstro Cruise\t\t\t<\/a>\n\t\t<\/h3>\n\t\t\t\t<\/div>\n\t\t\t\t\t<\/div>\n\t\t<\/article>\n\t\t\t\t<article class=\"elementor-post elementor-grid-item post-5749 page type-page status-publish has-post-thumbnail hentry\">\n\t\t\t<div class=\"elementor-post__card\">\n\t\t\t\t<a class=\"elementor-post__thumbnail__link\" href=\"https:\/\/benheine.com\/fr\/art\/digital-circlism\/\" >\n\t\t\t<div class=\"elementor-post__thumbnail\"><img decoding=\"async\" width=\"368\" height=\"500\" src=\"https:\/\/benheine.com\/wp-content\/uploads\/2018\/04\/digital-circlism.jpg\" class=\"attachment-full size-full wp-image-6433\" alt=\"digital-circlism\" srcset=\"https:\/\/benheine.com\/wp-content\/uploads\/2018\/04\/digital-circlism.jpg 368w, https:\/\/benheine.com\/wp-content\/uploads\/2018\/04\/digital-circlism-221x300.jpg 221w\" sizes=\"(max-width: 368px) 100vw, 368px\" \/><\/div>\n\t\t<\/a>\n\t\t\t\t<div class=\"elementor-post__text\">\n\t\t\t\t<h3 class=\"elementor-post__title\">\n\t\t\t<a href=\"https:\/\/benheine.com\/fr\/art\/digital-circlism\/\" >\n\t\t\t\tDigital Circlism\t\t\t<\/a>\n\t\t<\/h3>\n\t\t\t\t<\/div>\n\t\t\t\t\t<\/div>\n\t\t<\/article>\n\t\t\t\t<article class=\"elementor-post elementor-grid-item post-5745 page type-page status-publish has-post-thumbnail hentry\">\n\t\t\t<div class=\"elementor-post__card\">\n\t\t\t\t<a class=\"elementor-post__thumbnail__link\" href=\"https:\/\/benheine.com\/fr\/art\/flesh-and-acrylic\/\" >\n\t\t\t<div class=\"elementor-post__thumbnail\"><img loading=\"lazy\" decoding=\"async\" width=\"800\" height=\"800\" src=\"https:\/\/benheine.com\/wp-content\/uploads\/2018\/04\/flesh-and-acrylic.jpg\" class=\"attachment-full size-full wp-image-6435\" alt=\"Flesh and Acrylic Series\" srcset=\"https:\/\/benheine.com\/wp-content\/uploads\/2018\/04\/flesh-and-acrylic.jpg 800w, https:\/\/benheine.com\/wp-content\/uploads\/2018\/04\/flesh-and-acrylic-150x150.jpg 150w, https:\/\/benheine.com\/wp-content\/uploads\/2018\/04\/flesh-and-acrylic-300x300.jpg 300w, https:\/\/benheine.com\/wp-content\/uploads\/2018\/04\/flesh-and-acrylic-768x768.jpg 768w, https:\/\/benheine.com\/wp-content\/uploads\/2018\/04\/flesh-and-acrylic-60x60.jpg 60w\" sizes=\"(max-width: 800px) 100vw, 800px\" \/><\/div>\n\t\t<\/a>\n\t\t\t\t<div class=\"elementor-post__text\">\n\t\t\t\t<h3 class=\"elementor-post__title\">\n\t\t\t<a href=\"https:\/\/benheine.com\/fr\/art\/flesh-and-acrylic\/\" >\n\t\t\t\tFlesh and Acrylic\t\t\t<\/a>\n\t\t<\/h3>\n\t\t\t\t<\/div>\n\t\t\t\t\t<\/div>\n\t\t<\/article>\n\t\t\t\t<article class=\"elementor-post elementor-grid-item post-5758 page type-page status-publish has-post-thumbnail hentry\">\n\t\t\t<div class=\"elementor-post__card\">\n\t\t\t\t<a class=\"elementor-post__thumbnail__link\" href=\"https:\/\/benheine.com\/fr\/art\/photographie\/\" >\n\t\t\t<div class=\"elementor-post__thumbnail\"><img loading=\"lazy\" decoding=\"async\" width=\"500\" height=\"342\" src=\"https:\/\/benheine.com\/wp-content\/uploads\/2018\/04\/photography.jpg\" class=\"attachment-full size-full wp-image-6432\" alt=\"photography\" srcset=\"https:\/\/benheine.com\/wp-content\/uploads\/2018\/04\/photography.jpg 500w, https:\/\/benheine.com\/wp-content\/uploads\/2018\/04\/photography-300x205.jpg 300w, https:\/\/benheine.com\/wp-content\/uploads\/2018\/04\/photography-440x300.jpg 440w\" sizes=\"(max-width: 500px) 100vw, 500px\" \/><\/div>\n\t\t<\/a>\n\t\t\t\t<div class=\"elementor-post__text\">\n\t\t\t\t<h3 class=\"elementor-post__title\">\n\t\t\t<a href=\"https:\/\/benheine.com\/fr\/art\/photographie\/\" >\n\t\t\t\tPhotographie\t\t\t<\/a>\n\t\t<\/h3>\n\t\t\t\t<\/div>\n\t\t\t\t\t<\/div>\n\t\t<\/article>\n\t\t\t\t<article class=\"elementor-post elementor-grid-item post-5762 page type-page status-publish has-post-thumbnail hentry\">\n\t\t\t<div class=\"elementor-post__card\">\n\t\t\t\t<a class=\"elementor-post__thumbnail__link\" href=\"https:\/\/benheine.com\/fr\/art\/dessin\/\" >\n\t\t\t<div class=\"elementor-post__thumbnail\"><img loading=\"lazy\" decoding=\"async\" width=\"820\" height=\"580\" src=\"https:\/\/benheine.com\/wp-content\/uploads\/2018\/04\/drawings.jpg\" class=\"attachment-full size-full wp-image-6434\" alt=\"Pencil Drawings\" srcset=\"https:\/\/benheine.com\/wp-content\/uploads\/2018\/04\/drawings.jpg 820w, https:\/\/benheine.com\/wp-content\/uploads\/2018\/04\/drawings-300x212.jpg 300w, https:\/\/benheine.com\/wp-content\/uploads\/2018\/04\/drawings-768x543.jpg 768w\" sizes=\"(max-width: 820px) 100vw, 820px\" \/><\/div>\n\t\t<\/a>\n\t\t\t\t<div class=\"elementor-post__text\">\n\t\t\t\t<h3 class=\"elementor-post__title\">\n\t\t\t<a href=\"https:\/\/benheine.com\/fr\/art\/dessin\/\" >\n\t\t\t\tDessin\t\t\t<\/a>\n\t\t<\/h3>\n\t\t\t\t<\/div>\n\t\t\t\t\t<\/div>\n\t\t<\/article>\n\t\t\t\t<\/div>\n\t\t\t\t\t\t<\/div>\n\t\t\t\t<\/div>\n\t\t\t\t\t<\/div>\n\t\t<\/div>\n\t\t\t\t\t<\/div>\n\t\t<\/section>\n\t\t\t\t<\/div>\n\t\t<div class=\"clearfix\"><\/div>","protected":false},"excerpt":{"rendered":"<p>Art Graphique<\/p>\n","protected":false},"author":1,"featured_media":0,"parent":0,"menu_order":12,"comment_status":"closed","ping_status":"closed","template":"elementor_header_footer","meta":{"_acf_changed":false,"footnotes":""},"class_list":["post-2733","page","type-page","status-publish","hentry"],"acf":[],"yoast_head":"<!-- This site is optimized with the Yoast SEO plugin v26.6 - https:\/\/yoast.com\/wordpress\/plugins\/seo\/ -->\n<title>Art Graphique de Ben Heine - Portfolio et Albums Majeurs<\/title>\n<meta name=\"description\" content=\"D\u00e9couvrez le portfolio d&#039;art graphique de l&#039;artiste Ben Heine: Diff\u00e9rentes s\u00e9ries y compris Pencil Vs Camera, Digital Circlism, Photographie, Dessin, Peinture, Flesh and Acrylic et plus.\" \/>\n<meta name=\"robots\" content=\"index, follow, max-snippet:-1, max-image-preview:large, max-video-preview:-1\" \/>\n<link rel=\"canonical\" href=\"https:\/\/benheine.com\/fr\/art\/\" \/>\n<meta property=\"og:locale\" content=\"fr_FR\" \/>\n<meta property=\"og:type\" content=\"article\" \/>\n<meta property=\"og:title\" content=\"Art Graphique de Ben Heine - Portfolio et Albums Majeurs\" \/>\n<meta property=\"og:description\" content=\"D\u00e9couvrez le portfolio d&#039;art graphique de l&#039;artiste Ben Heine: Diff\u00e9rentes s\u00e9ries y compris Pencil Vs Camera, Digital Circlism, Photographie, Dessin, Peinture, Flesh and Acrylic et plus.\" \/>\n<meta property=\"og:url\" content=\"https:\/\/benheine.com\/fr\/art\/\" \/>\n<meta property=\"og:site_name\" content=\"BenHeine, votre dose quotidienne d&#039;actualit\u00e9s Art et Tech\" \/>\n<meta property=\"article:modified_time\" content=\"2021-07-05T09:28:30+00:00\" \/>\n<meta name=\"twitter:card\" content=\"summary_large_image\" \/>\n<script type=\"application\/ld+json\" class=\"yoast-schema-graph\">{\"@context\":\"https:\/\/schema.org\",\"@graph\":[{\"@type\":\"WebPage\",\"@id\":\"https:\/\/benheine.com\/fr\/art\/\",\"url\":\"https:\/\/benheine.com\/fr\/art\/\",\"name\":\"Art Graphique de Ben Heine - Portfolio et Albums Majeurs\",\"isPartOf\":{\"@id\":\"https:\/\/benheine.com\/#website\"},\"datePublished\":\"2018-03-15T11:26:36+00:00\",\"dateModified\":\"2021-07-05T09:28:30+00:00\",\"description\":\"D\u00e9couvrez le portfolio d'art graphique de l'artiste Ben Heine: Diff\u00e9rentes s\u00e9ries y compris Pencil Vs Camera, Digital Circlism, Photographie, Dessin, Peinture, Flesh and Acrylic et plus.\",\"breadcrumb\":{\"@id\":\"https:\/\/benheine.com\/fr\/art\/#breadcrumb\"},\"inLanguage\":\"fr-FR\",\"potentialAction\":[{\"@type\":\"ReadAction\",\"target\":[\"https:\/\/benheine.com\/fr\/art\/\"]}]},{\"@type\":\"BreadcrumbList\",\"@id\":\"https:\/\/benheine.com\/fr\/art\/#breadcrumb\",\"itemListElement\":[{\"@type\":\"ListItem\",\"position\":1,\"name\":\"Home\",\"item\":\"https:\/\/benheine.com\/fr\/\"},{\"@type\":\"ListItem\",\"position\":2,\"name\":\"Art\"}]},{\"@type\":\"WebSite\",\"@id\":\"https:\/\/benheine.com\/#website\",\"url\":\"https:\/\/benheine.com\/\",\"name\":\"BenHeine, votre dose quotidienne d&#039;actualit\u00e9s Art et Tech\",\"description\":\"Retrouvez ici des actualit\u00e9s Art et Tech mais aussi des articles informatifs et des conseils sur l&#039;art, l&#039;intelligence artificielle, la cr\u00e9ation de contenu, l&#039;e-marketing, la productivit\u00e9, l&#039;entreprenariat, la conception web, l&#039;\u00e9ducation, la musique, la peinture, la photographie, la vid\u00e9o, la finance et bien plus encore.\",\"potentialAction\":[{\"@type\":\"SearchAction\",\"target\":{\"@type\":\"EntryPoint\",\"urlTemplate\":\"https:\/\/benheine.com\/?s={search_term_string}\"},\"query-input\":{\"@type\":\"PropertyValueSpecification\",\"valueRequired\":true,\"valueName\":\"search_term_string\"}}],\"inLanguage\":\"fr-FR\"}]}<\/script>\n<!-- \/ Yoast SEO plugin. -->","yoast_head_json":{"title":"Art Graphique de Ben Heine - Portfolio et Albums Majeurs","description":"D\u00e9couvrez le portfolio d'art graphique de l'artiste Ben Heine: Diff\u00e9rentes s\u00e9ries y compris Pencil Vs Camera, Digital Circlism, Photographie, Dessin, Peinture, Flesh and Acrylic et plus.","robots":{"index":"index","follow":"follow","max-snippet":"max-snippet:-1","max-image-preview":"max-image-preview:large","max-video-preview":"max-video-preview:-1"},"canonical":"https:\/\/benheine.com\/fr\/art\/","og_locale":"fr_FR","og_type":"article","og_title":"Art Graphique de Ben Heine - Portfolio et Albums Majeurs","og_description":"D\u00e9couvrez le portfolio d'art graphique de l'artiste Ben Heine: Diff\u00e9rentes s\u00e9ries y compris Pencil Vs Camera, Digital Circlism, Photographie, Dessin, Peinture, Flesh and Acrylic et plus.","og_url":"https:\/\/benheine.com\/fr\/art\/","og_site_name":"BenHeine, votre dose quotidienne d&#039;actualit\u00e9s Art et Tech","article_modified_time":"2021-07-05T09:28:30+00:00","twitter_card":"summary_large_image","schema":{"@context":"https:\/\/schema.org","@graph":[{"@type":"WebPage","@id":"https:\/\/benheine.com\/fr\/art\/","url":"https:\/\/benheine.com\/fr\/art\/","name":"Art Graphique de Ben Heine - Portfolio et Albums Majeurs","isPartOf":{"@id":"https:\/\/benheine.com\/#website"},"datePublished":"2018-03-15T11:26:36+00:00","dateModified":"2021-07-05T09:28:30+00:00","description":"D\u00e9couvrez le portfolio d'art graphique de l'artiste Ben Heine: Diff\u00e9rentes s\u00e9ries y compris Pencil Vs Camera, Digital Circlism, Photographie, Dessin, Peinture, Flesh and Acrylic et plus.","breadcrumb":{"@id":"https:\/\/benheine.com\/fr\/art\/#breadcrumb"},"inLanguage":"fr-FR","potentialAction":[{"@type":"ReadAction","target":["https:\/\/benheine.com\/fr\/art\/"]}]},{"@type":"BreadcrumbList","@id":"https:\/\/benheine.com\/fr\/art\/#breadcrumb","itemListElement":[{"@type":"ListItem","position":1,"name":"Home","item":"https:\/\/benheine.com\/fr\/"},{"@type":"ListItem","position":2,"name":"Art"}]},{"@type":"WebSite","@id":"https:\/\/benheine.com\/#website","url":"https:\/\/benheine.com\/","name":"BenHeine, votre dose quotidienne d&#039;actualit\u00e9s Art et Tech","description":"Retrouvez ici des actualit\u00e9s Art et Tech mais aussi des articles informatifs et des conseils sur l&#039;art, l&#039;intelligence artificielle, la cr\u00e9ation de contenu, l&#039;e-marketing, la productivit\u00e9, l&#039;entreprenariat, la conception web, l&#039;\u00e9ducation, la musique, la peinture, la photographie, la vid\u00e9o, la finance et bien plus encore.","potentialAction":[{"@type":"SearchAction","target":{"@type":"EntryPoint","urlTemplate":"https:\/\/benheine.com\/?s={search_term_string}"},"query-input":{"@type":"PropertyValueSpecification","valueRequired":true,"valueName":"search_term_string"}}],"inLanguage":"fr-FR"}]}},"_links":{"self":[{"href":"https:\/\/benheine.com\/fr\/wp-json\/wp\/v2\/pages\/2733","targetHints":{"allow":["GET"]}}],"collection":[{"href":"https:\/\/benheine.com\/fr\/wp-json\/wp\/v2\/pages"}],"about":[{"href":"https:\/\/benheine.com\/fr\/wp-json\/wp\/v2\/types\/page"}],"author":[{"embeddable":true,"href":"https:\/\/benheine.com\/fr\/wp-json\/wp\/v2\/users\/1"}],"replies":[{"embeddable":true,"href":"https:\/\/benheine.com\/fr\/wp-json\/wp\/v2\/comments?post=2733"}],"version-history":[{"count":0,"href":"https:\/\/benheine.com\/fr\/wp-json\/wp\/v2\/pages\/2733\/revisions"}],"wp:attachment":[{"href":"https:\/\/benheine.com\/fr\/wp-json\/wp\/v2\/media?parent=2733"}],"curies":[{"name":"wp","href":"https:\/\/api.w.org\/{rel}","templated":true}]}}