{"id":27642,"date":"2024-01-29T05:11:39","date_gmt":"2024-01-29T05:11:39","guid":{"rendered":"https:\/\/benheine.com\/?page_id=27642"},"modified":"2024-01-29T05:11:39","modified_gmt":"2024-01-29T05:11:39","slug":"impressions","status":"publish","type":"page","link":"https:\/\/benheine.com\/fr\/services\/impressions\/","title":{"rendered":"Impressions"},"content":{"rendered":"<div class=\"clearfix\"><\/div>","protected":false},"excerpt":{"rendered":"","protected":false},"author":11,"featured_media":12826,"parent":5844,"menu_order":0,"comment_status":"closed","ping_status":"closed","template":"","meta":{"_acf_changed":false,"footnotes":""},"class_list":["post-27642","page","type-page","status-publish","has-post-thumbnail","hentry"],"acf":[],"yoast_head":"<!-- This site is optimized with the Yoast SEO plugin v26.6 - https:\/\/yoast.com\/wordpress\/plugins\/seo\/ -->\n<title>Impressions - BenHeine, votre dose quotidienne d&#039;actualit\u00e9s Art et Tech<\/title>\n<meta name=\"robots\" content=\"index, follow, max-snippet:-1, max-image-preview:large, max-video-preview:-1\" \/>\n<link rel=\"canonical\" href=\"https:\/\/benheine.com\/fr\/services\/impressions\/\" \/>\n<meta property=\"og:locale\" content=\"fr_FR\" \/>\n<meta property=\"og:type\" content=\"article\" \/>\n<meta property=\"og:title\" content=\"Impressions - BenHeine, votre dose quotidienne d&#039;actualit\u00e9s Art et Tech\" \/>\n<meta property=\"og:url\" content=\"https:\/\/benheine.com\/fr\/services\/impressions\/\" \/>\n<meta property=\"og:site_name\" content=\"BenHeine, votre dose quotidienne d&#039;actualit\u00e9s Art et Tech\" \/>\n<meta property=\"og:image\" content=\"https:\/\/benheine.com\/wp-content\/uploads\/2021\/07\/Digital-Circlism-Lion-Print-with-3D-effect-Home-Deco-Ben-Heine-Art.jpeg\" \/>\n\t<meta property=\"og:image:width\" content=\"725\" \/>\n\t<meta property=\"og:image:height\" content=\"800\" \/>\n\t<meta property=\"og:image:type\" content=\"image\/jpeg\" \/>\n<meta name=\"twitter:card\" content=\"summary_large_image\" \/>\n<meta name=\"twitter:label1\" content=\"Dur\u00e9e de lecture estim\u00e9e\" \/>\n\t<meta name=\"twitter:data1\" content=\"1 minute\" \/>\n<script type=\"application\/ld+json\" class=\"yoast-schema-graph\">{\"@context\":\"https:\/\/schema.org\",\"@graph\":[{\"@type\":\"WebPage\",\"@id\":\"https:\/\/benheine.com\/fr\/services\/impressions\/\",\"url\":\"https:\/\/benheine.com\/fr\/services\/impressions\/\",\"name\":\"Impressions - BenHeine, votre dose quotidienne d&#039;actualit\u00e9s Art et Tech\",\"isPartOf\":{\"@id\":\"https:\/\/benheine.com\/#website\"},\"primaryImageOfPage\":{\"@id\":\"https:\/\/benheine.com\/fr\/services\/impressions\/#primaryimage\"},\"image\":{\"@id\":\"https:\/\/benheine.com\/fr\/services\/impressions\/#primaryimage\"},\"thumbnailUrl\":\"https:\/\/benheine.com\/wp-content\/uploads\/2021\/07\/Digital-Circlism-Lion-Print-with-3D-effect-Home-Deco-Ben-Heine-Art.jpeg\",\"datePublished\":\"2024-01-29T05:11:39+00:00\",\"breadcrumb\":{\"@id\":\"https:\/\/benheine.com\/fr\/services\/impressions\/#breadcrumb\"},\"inLanguage\":\"fr-FR\",\"potentialAction\":[{\"@type\":\"ReadAction\",\"target\":[\"https:\/\/benheine.com\/fr\/services\/impressions\/\"]}]},{\"@type\":\"ImageObject\",\"inLanguage\":\"fr-FR\",\"@id\":\"https:\/\/benheine.com\/fr\/services\/impressions\/#primaryimage\",\"url\":\"https:\/\/benheine.com\/wp-content\/uploads\/2021\/07\/Digital-Circlism-Lion-Print-with-3D-effect-Home-Deco-Ben-Heine-Art.jpeg\",\"contentUrl\":\"https:\/\/benheine.com\/wp-content\/uploads\/2021\/07\/Digital-Circlism-Lion-Print-with-3D-effect-Home-Deco-Ben-Heine-Art.jpeg\",\"width\":725,\"height\":800,\"caption\":\"3D print Digital Circlism Lion - Print with 3D effect - Home Deco - Ben Heine Art\"},{\"@type\":\"BreadcrumbList\",\"@id\":\"https:\/\/benheine.com\/fr\/services\/impressions\/#breadcrumb\",\"itemListElement\":[{\"@type\":\"ListItem\",\"position\":1,\"name\":\"Home\",\"item\":\"https:\/\/benheine.com\/fr\/\"},{\"@type\":\"ListItem\",\"position\":2,\"name\":\"Services\",\"item\":\"https:\/\/benheine.com\/fr\/services\/\"},{\"@type\":\"ListItem\",\"position\":3,\"name\":\"Impressions\"}]},{\"@type\":\"WebSite\",\"@id\":\"https:\/\/benheine.com\/#website\",\"url\":\"https:\/\/benheine.com\/\",\"name\":\"BenHeine, votre dose quotidienne d&#039;actualit\u00e9s Art et Tech\",\"description\":\"Retrouvez ici des actualit\u00e9s Art et Tech mais aussi des articles informatifs et des conseils sur l&#039;art, l&#039;intelligence artificielle, la cr\u00e9ation de contenu, l&#039;e-marketing, la productivit\u00e9, l&#039;entreprenariat, la conception web, l&#039;\u00e9ducation, la musique, la peinture, la photographie, la vid\u00e9o, la finance et bien plus encore.\",\"potentialAction\":[{\"@type\":\"SearchAction\",\"target\":{\"@type\":\"EntryPoint\",\"urlTemplate\":\"https:\/\/benheine.com\/?s={search_term_string}\"},\"query-input\":{\"@type\":\"PropertyValueSpecification\",\"valueRequired\":true,\"valueName\":\"search_term_string\"}}],\"inLanguage\":\"fr-FR\"}]}<\/script>\n<!-- \/ Yoast SEO plugin. -->","yoast_head_json":{"title":"Impressions - BenHeine, votre dose quotidienne d&#039;actualit\u00e9s Art et Tech","robots":{"index":"index","follow":"follow","max-snippet":"max-snippet:-1","max-image-preview":"max-image-preview:large","max-video-preview":"max-video-preview:-1"},"canonical":"https:\/\/benheine.com\/fr\/services\/impressions\/","og_locale":"fr_FR","og_type":"article","og_title":"Impressions - BenHeine, votre dose quotidienne d&#039;actualit\u00e9s Art et Tech","og_url":"https:\/\/benheine.com\/fr\/services\/impressions\/","og_site_name":"BenHeine, votre dose quotidienne d&#039;actualit\u00e9s Art et Tech","og_image":[{"width":725,"height":800,"url":"https:\/\/benheine.com\/wp-content\/uploads\/2021\/07\/Digital-Circlism-Lion-Print-with-3D-effect-Home-Deco-Ben-Heine-Art.jpeg","type":"image\/jpeg"}],"twitter_card":"summary_large_image","twitter_misc":{"Dur\u00e9e de lecture estim\u00e9e":"1 minute"},"schema":{"@context":"https:\/\/schema.org","@graph":[{"@type":"WebPage","@id":"https:\/\/benheine.com\/fr\/services\/impressions\/","url":"https:\/\/benheine.com\/fr\/services\/impressions\/","name":"Impressions - BenHeine, votre dose quotidienne d&#039;actualit\u00e9s Art et Tech","isPartOf":{"@id":"https:\/\/benheine.com\/#website"},"primaryImageOfPage":{"@id":"https:\/\/benheine.com\/fr\/services\/impressions\/#primaryimage"},"image":{"@id":"https:\/\/benheine.com\/fr\/services\/impressions\/#primaryimage"},"thumbnailUrl":"https:\/\/benheine.com\/wp-content\/uploads\/2021\/07\/Digital-Circlism-Lion-Print-with-3D-effect-Home-Deco-Ben-Heine-Art.jpeg","datePublished":"2024-01-29T05:11:39+00:00","breadcrumb":{"@id":"https:\/\/benheine.com\/fr\/services\/impressions\/#breadcrumb"},"inLanguage":"fr-FR","potentialAction":[{"@type":"ReadAction","target":["https:\/\/benheine.com\/fr\/services\/impressions\/"]}]},{"@type":"ImageObject","inLanguage":"fr-FR","@id":"https:\/\/benheine.com\/fr\/services\/impressions\/#primaryimage","url":"https:\/\/benheine.com\/wp-content\/uploads\/2021\/07\/Digital-Circlism-Lion-Print-with-3D-effect-Home-Deco-Ben-Heine-Art.jpeg","contentUrl":"https:\/\/benheine.com\/wp-content\/uploads\/2021\/07\/Digital-Circlism-Lion-Print-with-3D-effect-Home-Deco-Ben-Heine-Art.jpeg","width":725,"height":800,"caption":"3D print Digital Circlism Lion - Print with 3D effect - Home Deco - Ben Heine Art"},{"@type":"BreadcrumbList","@id":"https:\/\/benheine.com\/fr\/services\/impressions\/#breadcrumb","itemListElement":[{"@type":"ListItem","position":1,"name":"Home","item":"https:\/\/benheine.com\/fr\/"},{"@type":"ListItem","position":2,"name":"Services","item":"https:\/\/benheine.com\/fr\/services\/"},{"@type":"ListItem","position":3,"name":"Impressions"}]},{"@type":"WebSite","@id":"https:\/\/benheine.com\/#website","url":"https:\/\/benheine.com\/","name":"BenHeine, votre dose quotidienne d&#039;actualit\u00e9s Art et Tech","description":"Retrouvez ici des actualit\u00e9s Art et Tech mais aussi des articles informatifs et des conseils sur l&#039;art, l&#039;intelligence artificielle, la cr\u00e9ation de contenu, l&#039;e-marketing, la productivit\u00e9, l&#039;entreprenariat, la conception web, l&#039;\u00e9ducation, la musique, la peinture, la photographie, la vid\u00e9o, la finance et bien plus encore.","potentialAction":[{"@type":"SearchAction","target":{"@type":"EntryPoint","urlTemplate":"https:\/\/benheine.com\/?s={search_term_string}"},"query-input":{"@type":"PropertyValueSpecification","valueRequired":true,"valueName":"search_term_string"}}],"inLanguage":"fr-FR"}]}},"_links":{"self":[{"href":"https:\/\/benheine.com\/fr\/wp-json\/wp\/v2\/pages\/27642","targetHints":{"allow":["GET"]}}],"collection":[{"href":"https:\/\/benheine.com\/fr\/wp-json\/wp\/v2\/pages"}],"about":[{"href":"https:\/\/benheine.com\/fr\/wp-json\/wp\/v2\/types\/page"}],"author":[{"embeddable":true,"href":"https:\/\/benheine.com\/fr\/wp-json\/wp\/v2\/users\/11"}],"replies":[{"embeddable":true,"href":"https:\/\/benheine.com\/fr\/wp-json\/wp\/v2\/comments?post=27642"}],"version-history":[{"count":1,"href":"https:\/\/benheine.com\/fr\/wp-json\/wp\/v2\/pages\/27642\/revisions"}],"predecessor-version":[{"id":27643,"href":"https:\/\/benheine.com\/fr\/wp-json\/wp\/v2\/pages\/27642\/revisions\/27643"}],"up":[{"embeddable":true,"href":"https:\/\/benheine.com\/fr\/wp-json\/wp\/v2\/pages\/5844"}],"wp:featuredmedia":[{"embeddable":true,"href":"https:\/\/benheine.com\/fr\/wp-json\/wp\/v2\/media\/12826"}],"wp:attachment":[{"href":"https:\/\/benheine.com\/fr\/wp-json\/wp\/v2\/media?parent=27642"}],"curies":[{"name":"wp","href":"https:\/\/api.w.org\/{rel}","templated":true}]}}