{"id":5772,"date":"2018-03-26T09:45:40","date_gmt":"2018-03-26T09:45:40","guid":{"rendered":"http:\/\/benheine.com\/?page_id=5772"},"modified":"2026-03-12T11:50:19","modified_gmt":"2026-03-12T11:50:19","slug":"art-videos","status":"publish","type":"page","link":"https:\/\/benheine.com\/fr\/art-videos\/","title":{"rendered":"Vid\u00e9os"},"content":{"rendered":"\t\t<div data-elementor-type=\"wp-page\" data-elementor-id=\"5772\" class=\"elementor elementor-5772\">\n\t\t\t\t\t\t<section class=\"elementor-section elementor-top-section elementor-element elementor-element-618d897 elementor-section-boxed elementor-section-height-default elementor-section-height-default\" data-id=\"618d897\" data-element_type=\"section\">\n\t\t\t\t\t\t<div class=\"elementor-container elementor-column-gap-default\">\n\t\t\t\t\t<div class=\"elementor-column elementor-col-100 elementor-top-column elementor-element elementor-element-848eb90\" data-id=\"848eb90\" data-element_type=\"column\">\n\t\t\t<div class=\"elementor-widget-wrap elementor-element-populated\">\n\t\t\t\t\t\t<div class=\"elementor-element elementor-element-5218196 elementor-widget elementor-widget-heading\" data-id=\"5218196\" data-element_type=\"widget\" data-widget_type=\"heading.default\">\n\t\t\t\t<div class=\"elementor-widget-container\">\n\t\t\t\t\t<h1 class=\"elementor-heading-title elementor-size-default\">Vid\u00e9os<\/h1>\t\t\t\t<\/div>\n\t\t\t\t<\/div>\n\t\t\t\t<div class=\"elementor-element elementor-element-d6b24ea elementor-widget elementor-widget-html\" data-id=\"d6b24ea\" data-element_type=\"widget\" data-widget_type=\"html.default\">\n\t\t\t\t<div class=\"elementor-widget-container\">\n\t\t\t\t\t<div class=\"api-gallery-wrapper\">\r\n<div id=\"youtube-gallery\"\r\n    data-playlist-id=\"PLGCn7slqglEBI_DXiLw8S9YXvvOA3Nyn8\"\r\n    data-rows=\"2\"\r\n    ><\/div>\r\n<button id=\"yt-load-more\">Load More<\/button>\r\n<div id=\"youtube-modal\" class=\"yt-modal\">\r\n  <div class=\"yt-modal-content\">\r\n    \r\n    <span class=\"yt-modal-close\">&times;<\/span>\r\n\r\n    <div class=\"yt-video-wrapper\">\r\n      <iframe id=\"yt-player\"\r\n              src=\"\"\r\n              frameborder=\"0\"\r\n              allow=\"autoplay; encrypted-media\"\r\n              allowfullscreen>\r\n      <\/iframe>\r\n    <\/div>\r\n\r\n  <\/div>\r\n<\/div>\r\n<\/div>\t\t\t\t<\/div>\n\t\t\t\t<\/div>\n\t\t\t\t<div class=\"elementor-element elementor-element-888c50b elementor-hidden-desktop elementor-hidden-tablet elementor-hidden-mobile elementor-widget elementor-widget-shortcode\" data-id=\"888c50b\" data-element_type=\"widget\" data-widget_type=\"shortcode.default\">\n\t\t\t\t<div class=\"elementor-widget-container\">\n\t\t\t\t\t\t\t<div class=\"elementor-shortcode\"><div data-yt data-yt-source-groups=\"%5B%7B%22name%22%3A%22%22%2C%22sources%22%3A%5B%22https%3A%5C%2F%5C%2Fwww.youtube.com%5C%2Fplaylist%3Flist%3DPLGCn7slqglEBI_DXiLw8S9YXvvOA3Nyn8%22%5D%7D%5D\" data-yt-cache-time=\"300\" data-yt-groups-visible=\"false\" data-yt-key=\"AIzaSyCIvT2iKLf1QThGy7Tiy9G8EPdE6vrivvY\"><\/div><\/div>\n\t\t\t\t\t\t<\/div>\n\t\t\t\t<\/div>\n\t\t\t\t\t<\/div>\n\t\t<\/div>\n\t\t\t\t\t<\/div>\n\t\t<\/section>\n\t\t\t\t<\/div>\n\t\t<div class=\"clearfix\"><\/div>","protected":false},"excerpt":{"rendered":"<p>Vid\u00e9os Load More &times;<\/p>\n","protected":false},"author":1,"featured_media":0,"parent":0,"menu_order":109,"comment_status":"closed","ping_status":"closed","template":"elementor_header_footer","meta":{"_acf_changed":false,"footnotes":""},"class_list":["post-5772","page","type-page","status-publish","hentry"],"acf":[],"yoast_head":"<!-- This site is optimized with the Yoast SEO plugin v26.6 - https:\/\/yoast.com\/wordpress\/plugins\/seo\/ -->\n<title>Vid\u00e9os d&#039;Art: Reportages, Documentaires, Interviews - Ben Heine Art<\/title>\n<meta name=\"description\" content=\"D\u00e9couvrez les vid\u00e9os pr\u00e9sentant les oeuvres de l&#039;artiste Ben Heine: Travaux en cours, reportages, documentaires, interviews, expositions, photo, dessin, peinture et bien plus - Ben Heine Art\" \/>\n<meta name=\"robots\" content=\"index, follow, max-snippet:-1, max-image-preview:large, max-video-preview:-1\" \/>\n<link rel=\"canonical\" href=\"https:\/\/benheine.com\/art-videos\/\" \/>\n<meta property=\"og:locale\" content=\"fr_FR\" \/>\n<meta property=\"og:type\" content=\"article\" \/>\n<meta property=\"og:title\" content=\"Vid\u00e9os d&#039;Art: Reportages, Documentaires, Interviews - Ben Heine Art\" \/>\n<meta property=\"og:description\" content=\"D\u00e9couvrez les vid\u00e9os pr\u00e9sentant les oeuvres de l&#039;artiste Ben Heine: Travaux en cours, reportages, documentaires, interviews, expositions, photo, dessin, peinture et bien plus - Ben Heine Art\" \/>\n<meta property=\"og:url\" content=\"https:\/\/benheine.com\/art-videos\/\" \/>\n<meta property=\"og:site_name\" content=\"BenHeine, votre dose quotidienne d&#039;actualit\u00e9s Art et Tech\" \/>\n<meta property=\"article:modified_time\" content=\"2026-03-12T11:50:19+00:00\" \/>\n<meta name=\"twitter:card\" content=\"summary_large_image\" \/>\n<meta name=\"twitter:label1\" content=\"Dur\u00e9e de lecture estim\u00e9e\" \/>\n\t<meta name=\"twitter:data1\" content=\"1 minute\" \/>\n<script type=\"application\/ld+json\" class=\"yoast-schema-graph\">{\"@context\":\"https:\/\/schema.org\",\"@graph\":[{\"@type\":\"WebPage\",\"@id\":\"https:\/\/benheine.com\/art-videos\/\",\"url\":\"https:\/\/benheine.com\/art-videos\/\",\"name\":\"Vid\u00e9os d'Art: Reportages, Documentaires, Interviews - Ben Heine Art\",\"isPartOf\":{\"@id\":\"https:\/\/benheine.com\/#website\"},\"datePublished\":\"2018-03-26T09:45:40+00:00\",\"dateModified\":\"2026-03-12T11:50:19+00:00\",\"description\":\"D\u00e9couvrez les vid\u00e9os pr\u00e9sentant les oeuvres de l'artiste Ben Heine: Travaux en cours, reportages, documentaires, interviews, expositions, photo, dessin, peinture et bien plus - Ben Heine Art\",\"breadcrumb\":{\"@id\":\"https:\/\/benheine.com\/art-videos\/#breadcrumb\"},\"inLanguage\":\"fr-FR\",\"potentialAction\":[{\"@type\":\"ReadAction\",\"target\":[\"https:\/\/benheine.com\/art-videos\/\"]}]},{\"@type\":\"BreadcrumbList\",\"@id\":\"https:\/\/benheine.com\/art-videos\/#breadcrumb\",\"itemListElement\":[{\"@type\":\"ListItem\",\"position\":1,\"name\":\"Home\",\"item\":\"https:\/\/benheine.com\/fr\/\"},{\"@type\":\"ListItem\",\"position\":2,\"name\":\"Vid\u00e9os\"}]},{\"@type\":\"WebSite\",\"@id\":\"https:\/\/benheine.com\/#website\",\"url\":\"https:\/\/benheine.com\/\",\"name\":\"BenHeine, votre dose quotidienne d&#039;actualit\u00e9s Art et Tech\",\"description\":\"Retrouvez ici des actualit\u00e9s Art et Tech mais aussi des articles informatifs et des conseils sur l&#039;art, l&#039;intelligence artificielle, la cr\u00e9ation de contenu, l&#039;e-marketing, la productivit\u00e9, l&#039;entreprenariat, la conception web, l&#039;\u00e9ducation, la musique, la peinture, la photographie, la vid\u00e9o, la finance et bien plus encore.\",\"potentialAction\":[{\"@type\":\"SearchAction\",\"target\":{\"@type\":\"EntryPoint\",\"urlTemplate\":\"https:\/\/benheine.com\/?s={search_term_string}\"},\"query-input\":{\"@type\":\"PropertyValueSpecification\",\"valueRequired\":true,\"valueName\":\"search_term_string\"}}],\"inLanguage\":\"fr-FR\"}]}<\/script>\n<!-- \/ Yoast SEO plugin. -->","yoast_head_json":{"title":"Vid\u00e9os d'Art: Reportages, Documentaires, Interviews - Ben Heine Art","description":"D\u00e9couvrez les vid\u00e9os pr\u00e9sentant les oeuvres de l'artiste Ben Heine: Travaux en cours, reportages, documentaires, interviews, expositions, photo, dessin, peinture et bien plus - Ben Heine Art","robots":{"index":"index","follow":"follow","max-snippet":"max-snippet:-1","max-image-preview":"max-image-preview:large","max-video-preview":"max-video-preview:-1"},"canonical":"https:\/\/benheine.com\/art-videos\/","og_locale":"fr_FR","og_type":"article","og_title":"Vid\u00e9os d'Art: Reportages, Documentaires, Interviews - Ben Heine Art","og_description":"D\u00e9couvrez les vid\u00e9os pr\u00e9sentant les oeuvres de l'artiste Ben Heine: Travaux en cours, reportages, documentaires, interviews, expositions, photo, dessin, peinture et bien plus - Ben Heine Art","og_url":"https:\/\/benheine.com\/art-videos\/","og_site_name":"BenHeine, votre dose quotidienne d&#039;actualit\u00e9s Art et Tech","article_modified_time":"2026-03-12T11:50:19+00:00","twitter_card":"summary_large_image","twitter_misc":{"Dur\u00e9e de lecture estim\u00e9e":"1 minute"},"schema":{"@context":"https:\/\/schema.org","@graph":[{"@type":"WebPage","@id":"https:\/\/benheine.com\/art-videos\/","url":"https:\/\/benheine.com\/art-videos\/","name":"Vid\u00e9os d'Art: Reportages, Documentaires, Interviews - Ben Heine Art","isPartOf":{"@id":"https:\/\/benheine.com\/#website"},"datePublished":"2018-03-26T09:45:40+00:00","dateModified":"2026-03-12T11:50:19+00:00","description":"D\u00e9couvrez les vid\u00e9os pr\u00e9sentant les oeuvres de l'artiste Ben Heine: Travaux en cours, reportages, documentaires, interviews, expositions, photo, dessin, peinture et bien plus - Ben Heine Art","breadcrumb":{"@id":"https:\/\/benheine.com\/art-videos\/#breadcrumb"},"inLanguage":"fr-FR","potentialAction":[{"@type":"ReadAction","target":["https:\/\/benheine.com\/art-videos\/"]}]},{"@type":"BreadcrumbList","@id":"https:\/\/benheine.com\/art-videos\/#breadcrumb","itemListElement":[{"@type":"ListItem","position":1,"name":"Home","item":"https:\/\/benheine.com\/fr\/"},{"@type":"ListItem","position":2,"name":"Vid\u00e9os"}]},{"@type":"WebSite","@id":"https:\/\/benheine.com\/#website","url":"https:\/\/benheine.com\/","name":"BenHeine, votre dose quotidienne d&#039;actualit\u00e9s Art et Tech","description":"Retrouvez ici des actualit\u00e9s Art et Tech mais aussi des articles informatifs et des conseils sur l&#039;art, l&#039;intelligence artificielle, la cr\u00e9ation de contenu, l&#039;e-marketing, la productivit\u00e9, l&#039;entreprenariat, la conception web, l&#039;\u00e9ducation, la musique, la peinture, la photographie, la vid\u00e9o, la finance et bien plus encore.","potentialAction":[{"@type":"SearchAction","target":{"@type":"EntryPoint","urlTemplate":"https:\/\/benheine.com\/?s={search_term_string}"},"query-input":{"@type":"PropertyValueSpecification","valueRequired":true,"valueName":"search_term_string"}}],"inLanguage":"fr-FR"}]}},"_links":{"self":[{"href":"https:\/\/benheine.com\/fr\/wp-json\/wp\/v2\/pages\/5772","targetHints":{"allow":["GET"]}}],"collection":[{"href":"https:\/\/benheine.com\/fr\/wp-json\/wp\/v2\/pages"}],"about":[{"href":"https:\/\/benheine.com\/fr\/wp-json\/wp\/v2\/types\/page"}],"author":[{"embeddable":true,"href":"https:\/\/benheine.com\/fr\/wp-json\/wp\/v2\/users\/1"}],"replies":[{"embeddable":true,"href":"https:\/\/benheine.com\/fr\/wp-json\/wp\/v2\/comments?post=5772"}],"version-history":[{"count":3,"href":"https:\/\/benheine.com\/fr\/wp-json\/wp\/v2\/pages\/5772\/revisions"}],"predecessor-version":[{"id":34034,"href":"https:\/\/benheine.com\/fr\/wp-json\/wp\/v2\/pages\/5772\/revisions\/34034"}],"wp:attachment":[{"href":"https:\/\/benheine.com\/fr\/wp-json\/wp\/v2\/media?parent=5772"}],"curies":[{"name":"wp","href":"https:\/\/api.w.org\/{rel}","templated":true}]}}