{"id":6114,"date":"2018-04-02T10:08:30","date_gmt":"2018-04-02T10:08:30","guid":{"rendered":"http:\/\/benheine.com\/?page_id=6114"},"modified":"2022-05-09T22:33:39","modified_gmt":"2022-05-09T22:33:39","slug":"culturart-asbl","status":"publish","type":"page","link":"https:\/\/benheine.com\/fr\/culturart-asbl\/","title":{"rendered":"Projets \u00e0 l&rsquo;\u00e9cole"},"content":{"rendered":"\t\t<div data-elementor-type=\"wp-page\" data-elementor-id=\"6114\" class=\"elementor elementor-6114\">\n\t\t\t\t\t\t<section class=\"elementor-section elementor-top-section elementor-element elementor-element-fda3493 elementor-section-boxed elementor-section-height-default elementor-section-height-default\" data-id=\"fda3493\" data-element_type=\"section\">\n\t\t\t\t\t\t<div class=\"elementor-container elementor-column-gap-default\">\n\t\t\t\t\t<div class=\"elementor-column elementor-col-100 elementor-top-column elementor-element elementor-element-19b07b4\" data-id=\"19b07b4\" data-element_type=\"column\">\n\t\t\t<div class=\"elementor-widget-wrap elementor-element-populated\">\n\t\t\t\t\t\t<div class=\"elementor-element elementor-element-f2cddc2 elementor-widget elementor-widget-heading\" data-id=\"f2cddc2\" data-element_type=\"widget\" data-widget_type=\"heading.default\">\n\t\t\t\t<div class=\"elementor-widget-container\">\n\t\t\t\t\t<h1 class=\"elementor-heading-title elementor-size-default\">A l'\u00e9cole<\/h1>\t\t\t\t<\/div>\n\t\t\t\t<\/div>\n\t\t\t\t<div class=\"elementor-element elementor-element-e5a918e elementor-widget elementor-widget-shortcode\" data-id=\"e5a918e\" data-element_type=\"widget\" data-widget_type=\"shortcode.default\">\n\t\t\t\t<div class=\"elementor-widget-container\">\n\t\t\t\t\t\t\t<div class=\"elementor-shortcode\"><div data-yt data-yt-source-groups=\"%5B%7B%22name%22%3A%22%22%2C%22sources%22%3A%5B%22https%3A%5C%2F%5C%2Fwww.youtube.com%5C%2Fplaylist%3Flist%3DPLGCn7slqglEA-iJbA9ms92zPt48NbMn30%22%5D%7D%5D\" data-yt-cache-time=\"300\" data-yt-groups-visible=\"false\" data-yt-key=\"AIzaSyCIvT2iKLf1QThGy7Tiy9G8EPdE6vrivvY\"><\/div><\/div>\n\t\t\t\t\t\t<\/div>\n\t\t\t\t<\/div>\n\t\t\t\t\t<\/div>\n\t\t<\/div>\n\t\t\t\t\t<\/div>\n\t\t<\/section>\n\t\t\t\t<section class=\"elementor-section elementor-top-section elementor-element elementor-element-f654ebe elementor-section-boxed elementor-section-height-default elementor-section-height-default\" data-id=\"f654ebe\" data-element_type=\"section\">\n\t\t\t\t\t\t<div class=\"elementor-container elementor-column-gap-default\">\n\t\t\t\t\t<div class=\"elementor-column elementor-col-100 elementor-top-column elementor-element elementor-element-5fb4434\" data-id=\"5fb4434\" data-element_type=\"column\">\n\t\t\t<div class=\"elementor-widget-wrap elementor-element-populated\">\n\t\t\t\t\t\t<div class=\"elementor-element elementor-element-1472034 elementor-align-start elementor-icon-list--layout-traditional elementor-list-item-link-full_width elementor-widget elementor-widget-icon-list\" data-id=\"1472034\" data-element_type=\"widget\" data-widget_type=\"icon-list.default\">\n\t\t\t\t<div class=\"elementor-widget-container\">\n\t\t\t\t\t\t\t<ul class=\"elementor-icon-list-items\">\n\t\t\t\t\t\t\t<li class=\"elementor-icon-list-item\">\n\t\t\t\t\t\t\t\t\t\t\t<span class=\"elementor-icon-list-icon\">\n\t\t\t\t\t\t\t<i aria-hidden=\"true\" class=\"fas fa-angle-double-right\"><\/i>\t\t\t\t\t\t<\/span>\n\t\t\t\t\t\t\t\t\t\t<span class=\"elementor-icon-list-text\"><span style=\"white-space: normal\">L\u2019association a pour objet la re\u0301alisation d\u2019activite\u0301s dans les secteurs culturels et e\u0301ducatifs dans le but de sensibiliser les citoyens a\u0300 l\u2019importance de l\u2019art et de la cre\u0301ativite\u0301 dans la socie\u0301te\u0301 de manie\u0300re ge\u0301ne\u0301rale et a\u0300 l\u2019e\u0301cole en particulier. Elle souhaite cre\u0301er des ponts entre les cultures de&nbsp;notre socie\u0301te\u0301 et insuffler a\u0300 tous et aux jeunes en particulier un inte\u0301re\u0302t pour l\u2019art (art plastique et musical). L'association a cess\u00e9 ses activit\u00e9s en 2022 mais Ben Heine continue \u00e0 animer des projets dans les \u00e9coles.<\/span><br><br>Re\u0301alisation d\u2019oeuvres picturales (notamment des fresques murales), et musicales a\u0300 caracte\u0300re e\u0301ducatif et pe\u0301dagogique dans des e\u0301tablissements scolaires primaires, secondaires ou universitaires, dans les centres culturels, les muse\u0301es, les ambassades, les galeries d\u2019art, pour des festivals, des e\u0301ve\u0301nements culturels ou les activite\u0301s d\u2019ASBL ou tout autre lieu ou e\u0301ve\u0301nement de\u0301die\u0301 a\u0300 l\u2019art, la culture ou l\u2019enseignement en Belgique et a\u0300 l\u2019e\u0301tranger.<\/span>\n\t\t\t\t\t\t\t\t\t<\/li>\n\t\t\t\t\t\t\t\t<li class=\"elementor-icon-list-item\">\n\t\t\t\t\t\t\t\t\t\t\t<span class=\"elementor-icon-list-icon\">\n\t\t\t\t\t\t\t<i aria-hidden=\"true\" class=\"fas fa-angle-double-right\"><\/i>\t\t\t\t\t\t<\/span>\n\t\t\t\t\t\t\t\t\t\t<span class=\"elementor-icon-list-text\">Re\u0301alisation de performances artistiques live (art plastique ou musical) lors d\u2019e\u0301ve\u0301nements publics (festivals, inaugurations, etc.) en Belgique ou a\u0300 l\u2019e\u0301tranger dans le but de divertir et\/ou d\u2019instruire un public donne\u0301.<\/span>\n\t\t\t\t\t\t\t\t\t<\/li>\n\t\t\t\t\t\t\t\t<li class=\"elementor-icon-list-item\">\n\t\t\t\t\t\t\t\t\t\t\t<span class=\"elementor-icon-list-icon\">\n\t\t\t\t\t\t\t<i aria-hidden=\"true\" class=\"fas fa-angle-double-right\"><\/i>\t\t\t\t\t\t<\/span>\n\t\t\t\t\t\t\t\t\t\t<span class=\"elementor-icon-list-text\">Re\u0301alisation de workshops, d\u2019ateliers, d\u2019animations, de cours, d\u2019expositions, de visites, de de\u0301monstrations, de publications, de formations, de coaching, de confe\u0301rences, de performances ou toutes autres activite\u0301s dans les secteurs culturels et\/ou pe\u0301dagogiques dans des lieux (e\u0301coles, universite\u0301\u2026) ou lors d\u2019e\u0301ve\u0301nements de\u0301die\u0301s a\u0300 la culture ou a\u0300 l\u2019enseignement.<\/span>\n\t\t\t\t\t\t\t\t\t<\/li>\n\t\t\t\t\t\t\t\t<li class=\"elementor-icon-list-item\">\n\t\t\t\t\t\t\t\t\t\t\t<span class=\"elementor-icon-list-icon\">\n\t\t\t\t\t\t\t<i aria-hidden=\"true\" class=\"fas fa-angle-double-right\"><\/i>\t\t\t\t\t\t<\/span>\n\t\t\t\t\t\t\t\t\t\t<span class=\"elementor-icon-list-text\">Cre\u0301ation de mate\u0301riel pe\u0301dagogique destine\u0301 aux acteurs des milieux e\u0301ducatifs et culturels. (professeurs d\u2019e\u0301coles primaires, secondaires et universitaires, animateurs, etc) afin qu\u2019ils puissent enseigner des concepts et processus cre\u0301atifs en mettant notamment en exergue la cre\u0301ativite\u0301, l\u2019utilisation des nouvelles technologies et une me\u0301thodologie d\u2019enseignement attractive et accessible.<\/span>\n\t\t\t\t\t\t\t\t\t<\/li>\n\t\t\t\t\t\t\t\t<li class=\"elementor-icon-list-item\">\n\t\t\t\t\t\t\t\t\t\t\t<span class=\"elementor-icon-list-icon\">\n\t\t\t\t\t\t\t<i aria-hidden=\"true\" class=\"fas fa-angle-double-right\"><\/i>\t\t\t\t\t\t<\/span>\n\t\t\t\t\t\t\t\t\t\t<span class=\"elementor-icon-list-text\">Cre\u0301ation d\u2019un dialogue et d\u2019un lien social et culturel avec les diffe\u0301rents acteurs e\u0301ducatifs concerne\u0301s : e\u0301tudiants, enseignants, PMS, centres culturels ou toutes autres entite\u0301s culturelles et\/ou pe\u0301dagogiques. Permettre un rayonnement dans les me\u0301dias et programmes culturels belges et a\u0300 l\u2019e\u0301tranger.<\/span>\n\t\t\t\t\t\t\t\t\t<\/li>\n\t\t\t\t\t\t\t\t<li class=\"elementor-icon-list-item\">\n\t\t\t\t\t\t\t\t\t\t\t<span class=\"elementor-icon-list-icon\">\n\t\t\t\t\t\t\t<i aria-hidden=\"true\" class=\"fas fa-angle-double-right\"><\/i>\t\t\t\t\t\t<\/span>\n\t\t\t\t\t\t\t\t\t\t<span class=\"elementor-icon-list-text\">Participation a\u0300 des foires et salons d\u2019art nationaux et internationaux. Exposition des re\u0301alisations en Belgique ou a\u0300 l\u2019e\u0301tranger.<\/span>\n\t\t\t\t\t\t\t\t\t<\/li>\n\t\t\t\t\t\t\t\t<li class=\"elementor-icon-list-item\">\n\t\t\t\t\t\t\t\t\t\t\t<span class=\"elementor-icon-list-icon\">\n\t\t\t\t\t\t\t<i aria-hidden=\"true\" class=\"fas fa-angle-double-right\"><\/i>\t\t\t\t\t\t<\/span>\n\t\t\t\t\t\t\t\t\t\t<span class=\"elementor-icon-list-text\">Cre\u0301ation, diffusion et promotion de mate\u0301riel de communication imprime\u0301 ou virtuel lie\u0301s aux activite\u0301s en Belgique et a\u0300 l\u2019e\u0301tranger.<\/span>\n\t\t\t\t\t\t\t\t\t<\/li>\n\t\t\t\t\t\t\t\t<li class=\"elementor-icon-list-item\">\n\t\t\t\t\t\t\t\t\t\t\t<span class=\"elementor-icon-list-icon\">\n\t\t\t\t\t\t\t<i aria-hidden=\"true\" class=\"fas fa-angle-double-right\"><\/i>\t\t\t\t\t\t<\/span>\n\t\t\t\t\t\t\t\t\t\t<span class=\"elementor-icon-list-text\">Cession de droits d\u2019auteur pour les besoins de ces missions et activite\u0301s.<\/span>\n\t\t\t\t\t\t\t\t\t<\/li>\n\t\t\t\t\t\t<\/ul>\n\t\t\t\t\t\t<\/div>\n\t\t\t\t<\/div>\n\t\t\t\t<div class=\"elementor-element elementor-element-f3f5c84 elementor-widget elementor-widget-image\" data-id=\"f3f5c84\" data-element_type=\"widget\" data-widget_type=\"image.default\">\n\t\t\t\t<div class=\"elementor-widget-container\">\n\t\t\t\t\t\t\t\t\t\t\t\t\t\t\t<img fetchpriority=\"high\" decoding=\"async\" width=\"1232\" height=\"858\" src=\"https:\/\/benheine.com\/wp-content\/uploads\/2018\/04\/28165144_178590969423739_8186641953868985332_o.jpg\" class=\"attachment-full size-full wp-image-6245\" alt=\"CulturArt\" srcset=\"https:\/\/benheine.com\/wp-content\/uploads\/2018\/04\/28165144_178590969423739_8186641953868985332_o.jpg 1232w, https:\/\/benheine.com\/wp-content\/uploads\/2018\/04\/28165144_178590969423739_8186641953868985332_o-300x209.jpg 300w, https:\/\/benheine.com\/wp-content\/uploads\/2018\/04\/28165144_178590969423739_8186641953868985332_o-768x535.jpg 768w, https:\/\/benheine.com\/wp-content\/uploads\/2018\/04\/28165144_178590969423739_8186641953868985332_o-1024x713.jpg 1024w\" sizes=\"(max-width: 1232px) 100vw, 1232px\" \/>\t\t\t\t\t\t\t\t\t\t\t\t\t\t\t<\/div>\n\t\t\t\t<\/div>\n\t\t\t\t\t<\/div>\n\t\t<\/div>\n\t\t\t\t\t<\/div>\n\t\t<\/section>\n\t\t\t\t<\/div>\n\t\t<div class=\"clearfix\"><\/div>","protected":false},"excerpt":{"rendered":"<p>A l&rsquo;\u00e9cole L\u2019association a pour objet la re\u0301alisation d\u2019activite\u0301s dans les secteurs culturels et e\u0301ducatifs dans le but de sensibiliser les citoyens&#8230;<\/p>\n","protected":false},"author":1,"featured_media":0,"parent":0,"menu_order":32,"comment_status":"closed","ping_status":"closed","template":"elementor_header_footer","meta":{"_acf_changed":false,"footnotes":""},"class_list":["post-6114","page","type-page","status-publish","hentry"],"acf":[],"yoast_head":"<!-- This site is optimized with the Yoast SEO plugin v26.6 - https:\/\/yoast.com\/wordpress\/plugins\/seo\/ -->\n<title>Projets \u00e0 l&#039;\u00e9cole - Ben Heine Art &amp; Music<\/title>\n<meta name=\"description\" content=\"Projets dans les \u00e9coles par Ben Heine dans le but de d\u00e9velopper la culture.\" \/>\n<meta name=\"robots\" content=\"index, follow, max-snippet:-1, max-image-preview:large, max-video-preview:-1\" \/>\n<link rel=\"canonical\" href=\"https:\/\/benheine.com\/fr\/culturart-asbl\/\" \/>\n<meta property=\"og:locale\" content=\"fr_FR\" \/>\n<meta property=\"og:type\" content=\"article\" \/>\n<meta property=\"og:title\" content=\"Projets \u00e0 l&#039;\u00e9cole - Ben Heine Art &amp; Music\" \/>\n<meta property=\"og:description\" content=\"Projets dans les \u00e9coles par Ben Heine dans le but de d\u00e9velopper la culture.\" \/>\n<meta property=\"og:url\" content=\"https:\/\/benheine.com\/fr\/culturart-asbl\/\" \/>\n<meta property=\"og:site_name\" content=\"BenHeine, votre dose quotidienne d&#039;actualit\u00e9s Art et Tech\" \/>\n<meta property=\"article:modified_time\" content=\"2022-05-09T22:33:39+00:00\" \/>\n<meta property=\"og:image\" content=\"http:\/\/benheine.com\/wp-content\/uploads\/2018\/04\/28165144_178590969423739_8186641953868985332_o.jpg\" \/>\n<meta name=\"twitter:card\" content=\"summary_large_image\" \/>\n<meta name=\"twitter:label1\" content=\"Dur\u00e9e de lecture estim\u00e9e\" \/>\n\t<meta name=\"twitter:data1\" content=\"2 minutes\" \/>\n<script type=\"application\/ld+json\" class=\"yoast-schema-graph\">{\"@context\":\"https:\/\/schema.org\",\"@graph\":[{\"@type\":\"WebPage\",\"@id\":\"https:\/\/benheine.com\/fr\/culturart-asbl\/\",\"url\":\"https:\/\/benheine.com\/fr\/culturart-asbl\/\",\"name\":\"Projets \u00e0 l'\u00e9cole - Ben Heine Art & Music\",\"isPartOf\":{\"@id\":\"https:\/\/benheine.com\/#website\"},\"primaryImageOfPage\":{\"@id\":\"https:\/\/benheine.com\/fr\/culturart-asbl\/#primaryimage\"},\"image\":{\"@id\":\"https:\/\/benheine.com\/fr\/culturart-asbl\/#primaryimage\"},\"thumbnailUrl\":\"http:\/\/benheine.com\/wp-content\/uploads\/2018\/04\/28165144_178590969423739_8186641953868985332_o.jpg\",\"datePublished\":\"2018-04-02T10:08:30+00:00\",\"dateModified\":\"2022-05-09T22:33:39+00:00\",\"description\":\"Projets dans les \u00e9coles par Ben Heine dans le but de d\u00e9velopper la culture.\",\"breadcrumb\":{\"@id\":\"https:\/\/benheine.com\/fr\/culturart-asbl\/#breadcrumb\"},\"inLanguage\":\"fr-FR\",\"potentialAction\":[{\"@type\":\"ReadAction\",\"target\":[\"https:\/\/benheine.com\/fr\/culturart-asbl\/\"]}]},{\"@type\":\"ImageObject\",\"inLanguage\":\"fr-FR\",\"@id\":\"https:\/\/benheine.com\/fr\/culturart-asbl\/#primaryimage\",\"url\":\"http:\/\/benheine.com\/wp-content\/uploads\/2018\/04\/28165144_178590969423739_8186641953868985332_o.jpg\",\"contentUrl\":\"http:\/\/benheine.com\/wp-content\/uploads\/2018\/04\/28165144_178590969423739_8186641953868985332_o.jpg\"},{\"@type\":\"BreadcrumbList\",\"@id\":\"https:\/\/benheine.com\/fr\/culturart-asbl\/#breadcrumb\",\"itemListElement\":[{\"@type\":\"ListItem\",\"position\":1,\"name\":\"Home\",\"item\":\"https:\/\/benheine.com\/fr\/\"},{\"@type\":\"ListItem\",\"position\":2,\"name\":\"Projets \u00e0 l&rsquo;\u00e9cole\"}]},{\"@type\":\"WebSite\",\"@id\":\"https:\/\/benheine.com\/#website\",\"url\":\"https:\/\/benheine.com\/\",\"name\":\"BenHeine, votre dose quotidienne d&#039;actualit\u00e9s Art et Tech\",\"description\":\"Retrouvez ici des actualit\u00e9s Art et Tech mais aussi des articles informatifs et des conseils sur l&#039;art, l&#039;intelligence artificielle, la cr\u00e9ation de contenu, l&#039;e-marketing, la productivit\u00e9, l&#039;entreprenariat, la conception web, l&#039;\u00e9ducation, la musique, la peinture, la photographie, la vid\u00e9o, la finance et bien plus encore.\",\"potentialAction\":[{\"@type\":\"SearchAction\",\"target\":{\"@type\":\"EntryPoint\",\"urlTemplate\":\"https:\/\/benheine.com\/?s={search_term_string}\"},\"query-input\":{\"@type\":\"PropertyValueSpecification\",\"valueRequired\":true,\"valueName\":\"search_term_string\"}}],\"inLanguage\":\"fr-FR\"}]}<\/script>\n<!-- \/ Yoast SEO plugin. -->","yoast_head_json":{"title":"Projets \u00e0 l'\u00e9cole - Ben Heine Art & Music","description":"Projets dans les \u00e9coles par Ben Heine dans le but de d\u00e9velopper la culture.","robots":{"index":"index","follow":"follow","max-snippet":"max-snippet:-1","max-image-preview":"max-image-preview:large","max-video-preview":"max-video-preview:-1"},"canonical":"https:\/\/benheine.com\/fr\/culturart-asbl\/","og_locale":"fr_FR","og_type":"article","og_title":"Projets \u00e0 l'\u00e9cole - Ben Heine Art & Music","og_description":"Projets dans les \u00e9coles par Ben Heine dans le but de d\u00e9velopper la culture.","og_url":"https:\/\/benheine.com\/fr\/culturart-asbl\/","og_site_name":"BenHeine, votre dose quotidienne d&#039;actualit\u00e9s Art et Tech","article_modified_time":"2022-05-09T22:33:39+00:00","og_image":[{"url":"http:\/\/benheine.com\/wp-content\/uploads\/2018\/04\/28165144_178590969423739_8186641953868985332_o.jpg","type":"","width":"","height":""}],"twitter_card":"summary_large_image","twitter_misc":{"Dur\u00e9e de lecture estim\u00e9e":"2 minutes"},"schema":{"@context":"https:\/\/schema.org","@graph":[{"@type":"WebPage","@id":"https:\/\/benheine.com\/fr\/culturart-asbl\/","url":"https:\/\/benheine.com\/fr\/culturart-asbl\/","name":"Projets \u00e0 l'\u00e9cole - Ben Heine Art & Music","isPartOf":{"@id":"https:\/\/benheine.com\/#website"},"primaryImageOfPage":{"@id":"https:\/\/benheine.com\/fr\/culturart-asbl\/#primaryimage"},"image":{"@id":"https:\/\/benheine.com\/fr\/culturart-asbl\/#primaryimage"},"thumbnailUrl":"http:\/\/benheine.com\/wp-content\/uploads\/2018\/04\/28165144_178590969423739_8186641953868985332_o.jpg","datePublished":"2018-04-02T10:08:30+00:00","dateModified":"2022-05-09T22:33:39+00:00","description":"Projets dans les \u00e9coles par Ben Heine dans le but de d\u00e9velopper la culture.","breadcrumb":{"@id":"https:\/\/benheine.com\/fr\/culturart-asbl\/#breadcrumb"},"inLanguage":"fr-FR","potentialAction":[{"@type":"ReadAction","target":["https:\/\/benheine.com\/fr\/culturart-asbl\/"]}]},{"@type":"ImageObject","inLanguage":"fr-FR","@id":"https:\/\/benheine.com\/fr\/culturart-asbl\/#primaryimage","url":"http:\/\/benheine.com\/wp-content\/uploads\/2018\/04\/28165144_178590969423739_8186641953868985332_o.jpg","contentUrl":"http:\/\/benheine.com\/wp-content\/uploads\/2018\/04\/28165144_178590969423739_8186641953868985332_o.jpg"},{"@type":"BreadcrumbList","@id":"https:\/\/benheine.com\/fr\/culturart-asbl\/#breadcrumb","itemListElement":[{"@type":"ListItem","position":1,"name":"Home","item":"https:\/\/benheine.com\/fr\/"},{"@type":"ListItem","position":2,"name":"Projets \u00e0 l&rsquo;\u00e9cole"}]},{"@type":"WebSite","@id":"https:\/\/benheine.com\/#website","url":"https:\/\/benheine.com\/","name":"BenHeine, votre dose quotidienne d&#039;actualit\u00e9s Art et Tech","description":"Retrouvez ici des actualit\u00e9s Art et Tech mais aussi des articles informatifs et des conseils sur l&#039;art, l&#039;intelligence artificielle, la cr\u00e9ation de contenu, l&#039;e-marketing, la productivit\u00e9, l&#039;entreprenariat, la conception web, l&#039;\u00e9ducation, la musique, la peinture, la photographie, la vid\u00e9o, la finance et bien plus encore.","potentialAction":[{"@type":"SearchAction","target":{"@type":"EntryPoint","urlTemplate":"https:\/\/benheine.com\/?s={search_term_string}"},"query-input":{"@type":"PropertyValueSpecification","valueRequired":true,"valueName":"search_term_string"}}],"inLanguage":"fr-FR"}]}},"_links":{"self":[{"href":"https:\/\/benheine.com\/fr\/wp-json\/wp\/v2\/pages\/6114","targetHints":{"allow":["GET"]}}],"collection":[{"href":"https:\/\/benheine.com\/fr\/wp-json\/wp\/v2\/pages"}],"about":[{"href":"https:\/\/benheine.com\/fr\/wp-json\/wp\/v2\/types\/page"}],"author":[{"embeddable":true,"href":"https:\/\/benheine.com\/fr\/wp-json\/wp\/v2\/users\/1"}],"replies":[{"embeddable":true,"href":"https:\/\/benheine.com\/fr\/wp-json\/wp\/v2\/comments?post=6114"}],"version-history":[{"count":10,"href":"https:\/\/benheine.com\/fr\/wp-json\/wp\/v2\/pages\/6114\/revisions"}],"predecessor-version":[{"id":18852,"href":"https:\/\/benheine.com\/fr\/wp-json\/wp\/v2\/pages\/6114\/revisions\/18852"}],"wp:attachment":[{"href":"https:\/\/benheine.com\/fr\/wp-json\/wp\/v2\/media?parent=6114"}],"curies":[{"name":"wp","href":"https:\/\/api.w.org\/{rel}","templated":true}]}}