{"id":6128,"date":"2018-04-02T10:15:53","date_gmt":"2018-04-02T10:15:53","guid":{"rendered":"http:\/\/benheine.com\/?page_id=6128"},"modified":"2021-09-08T12:13:39","modified_gmt":"2021-09-08T12:13:39","slug":"livres","status":"publish","type":"page","link":"https:\/\/benheine.com\/fr\/magasin\/livres\/","title":{"rendered":"Livres"},"content":{"rendered":"\t\t<div data-elementor-type=\"wp-page\" data-elementor-id=\"6128\" class=\"elementor elementor-6128\">\n\t\t\t\t\t\t<section class=\"elementor-section elementor-top-section elementor-element elementor-element-c7b2696 elementor-section-boxed elementor-section-height-default elementor-section-height-default\" data-id=\"c7b2696\" data-element_type=\"section\">\n\t\t\t\t\t\t<div class=\"elementor-container elementor-column-gap-default\">\n\t\t\t\t\t<div class=\"elementor-column elementor-col-100 elementor-top-column elementor-element elementor-element-2b38c36\" data-id=\"2b38c36\" data-element_type=\"column\">\n\t\t\t<div class=\"elementor-widget-wrap elementor-element-populated\">\n\t\t\t\t\t\t<div class=\"elementor-element elementor-element-980dace elementor-widget elementor-widget-heading\" data-id=\"980dace\" data-element_type=\"widget\" data-widget_type=\"heading.default\">\n\t\t\t\t<div class=\"elementor-widget-container\">\n\t\t\t\t\t<h1 class=\"elementor-heading-title elementor-size-default\">livres<\/h1>\t\t\t\t<\/div>\n\t\t\t\t<\/div>\n\t\t\t\t<div class=\"elementor-element elementor-element-a77dc22 elementor-widget elementor-widget-text-editor\" data-id=\"a77dc22\" data-element_type=\"widget\" data-widget_type=\"text-editor.default\">\n\t\t\t\t<div class=\"elementor-widget-container\">\n\t\t\t\t\t\t\t\t\t<p style=\"text-align: justify;\">Le Belge Ben Heine est l\u2019un des plus grands artistes illusionnistes au monde ! Dou\u00e9 avec un crayon ou encore un appareil photo entre les mains, il d\u00e9cide de m\u00ealer ses deux passions et de les faire s\u2019affronter dans son tout\u00a0<a href=\"https:\/\/omakebooks.com\/fr\/fun-art\/266-pencil-vs-camera.html\" target=\"_blank\" rel=\"noopener noreferrer\">premier ouvrage<\/a>\u00a0publi\u00e9 \u00e0 Paris chez Omak\u00e9 Books! Ben Heine va vous \u00e9merveiller avec cet ouvrage Pencil Vs Camera. Plus de 100 oeuvres pr\u00e9sent\u00e9es.\u00a0ISBN 13 : 978-2-919603-35-0<\/p>\t\t\t\t\t\t\t\t<\/div>\n\t\t\t\t<\/div>\n\t\t\t\t<div class=\"elementor-element elementor-element-e5c4d9b elementor-widget elementor-widget-image\" data-id=\"e5c4d9b\" data-element_type=\"widget\" data-widget_type=\"image.default\">\n\t\t\t\t<div class=\"elementor-widget-container\">\n\t\t\t\t\t\t\t\t\t\t\t\t\t\t\t<img fetchpriority=\"high\" decoding=\"async\" width=\"2490\" height=\"1194\" src=\"https:\/\/benheine.com\/wp-content\/uploads\/2018\/05\/banheineboks-1.jpg\" class=\"attachment-full size-full wp-image-7316\" alt=\"boeken\" srcset=\"https:\/\/benheine.com\/wp-content\/uploads\/2018\/05\/banheineboks-1.jpg 2490w, https:\/\/benheine.com\/wp-content\/uploads\/2018\/05\/banheineboks-1-300x144.jpg 300w, https:\/\/benheine.com\/wp-content\/uploads\/2018\/05\/banheineboks-1-768x368.jpg 768w, https:\/\/benheine.com\/wp-content\/uploads\/2018\/05\/banheineboks-1-1024x491.jpg 1024w\" sizes=\"(max-width: 2490px) 100vw, 2490px\" \/>\t\t\t\t\t\t\t\t\t\t\t\t\t\t\t<\/div>\n\t\t\t\t<\/div>\n\t\t\t\t<div class=\"elementor-element elementor-element-daf3833 elementor-widget elementor-widget-button\" data-id=\"daf3833\" data-element_type=\"widget\" data-widget_type=\"button.default\">\n\t\t\t\t<div class=\"elementor-widget-container\">\n\t\t\t\t\t\t\t\t\t<div class=\"elementor-button-wrapper\">\n\t\t\t\t\t<a class=\"elementor-button elementor-button-link elementor-size-sm elementor-animation-grow\" href=\"https:\/\/omakebooks.com\/en\/fun-art\/266-pencil-vs-camera.html\">\n\t\t\t\t\t\t<span class=\"elementor-button-content-wrapper\">\n\t\t\t\t\t\t\t\t\t<span class=\"elementor-button-text\">Acheter Maintenant<\/span>\n\t\t\t\t\t<\/span>\n\t\t\t\t\t<\/a>\n\t\t\t\t<\/div>\n\t\t\t\t\t\t\t\t<\/div>\n\t\t\t\t<\/div>\n\t\t\t\t<div class=\"elementor-element elementor-element-12cdee5 elementor-widget elementor-widget-heading\" data-id=\"12cdee5\" data-element_type=\"widget\" data-widget_type=\"heading.default\">\n\t\t\t\t<div class=\"elementor-widget-container\">\n\t\t\t\t\t<h2 class=\"elementor-heading-title elementor-size-default\">PENCIL VS CAMERA BOOK<\/h2>\t\t\t\t<\/div>\n\t\t\t\t<\/div>\n\t\t\t\t<div class=\"elementor-element elementor-element-d2dd3a3 elementor-widget elementor-widget-heading\" data-id=\"d2dd3a3\" data-element_type=\"widget\" data-widget_type=\"heading.default\">\n\t\t\t\t<div class=\"elementor-widget-container\">\n\t\t\t\t\t<h3 class=\"elementor-heading-title elementor-size-default\">Informations sur le livre<\/h3>\t\t\t\t<\/div>\n\t\t\t\t<\/div>\n\t\t\t\t<div class=\"elementor-element elementor-element-0aea5f9 elementor-widget elementor-widget-text-editor\" data-id=\"0aea5f9\" data-element_type=\"widget\" data-widget_type=\"text-editor.default\">\n\t\t\t\t<div class=\"elementor-widget-container\">\n\t\t\t\t\t\t\t\t\t<p style=\"text-align: justify;\">Auteur : Ben HEINE<br \/>\u00c9diteur : Omak\u00e9 Books<br \/>Contenu : 100 pages<br \/>Format : 21 cm x 14,8 cm<br \/>Couverture : Cartonn\u00e9e<br \/>Disponible: 07\/09\/2017<br \/>Cat\u00e9gorie : Photo\/art<br \/>ISBN 13 : 978-2-919603-35-0<br \/>EAN : 9782919603350<\/p>\t\t\t\t\t\t\t\t<\/div>\n\t\t\t\t<\/div>\n\t\t\t\t<div class=\"elementor-element elementor-element-9d4cf48 elementor-widget elementor-widget-heading\" data-id=\"9d4cf48\" data-element_type=\"widget\" data-widget_type=\"heading.default\">\n\t\t\t\t<div class=\"elementor-widget-container\">\n\t\t\t\t\t<h3 class=\"elementor-heading-title elementor-size-default\">Prix de vente : 15 \u20ac<\/h3>\t\t\t\t<\/div>\n\t\t\t\t<\/div>\n\t\t\t\t\t<\/div>\n\t\t<\/div>\n\t\t\t\t\t<\/div>\n\t\t<\/section>\n\t\t\t\t<\/div>\n\t\t<div class=\"clearfix\"><\/div>","protected":false},"excerpt":{"rendered":"<p>livres Le Belge Ben Heine est l\u2019un des plus grands artistes illusionnistes au monde ! Dou\u00e9 avec un crayon ou encore un&#8230;<\/p>\n","protected":false},"author":1,"featured_media":6155,"parent":5849,"menu_order":15,"comment_status":"closed","ping_status":"closed","template":"elementor_header_footer","meta":{"_acf_changed":false,"footnotes":""},"class_list":["post-6128","page","type-page","status-publish","has-post-thumbnail","hentry"],"acf":[],"yoast_head":"<!-- This site is optimized with the Yoast SEO plugin v26.6 - https:\/\/yoast.com\/wordpress\/plugins\/seo\/ -->\n<title>Achetez le Livre Pencil Vs Camera - Ben Heine Art - Omake Books<\/title>\n<meta name=\"description\" content=\"Achetez le Livre Pencil Vs Camera. Le Belge Ben Heine est l\u2019un des plus grands artistes illusionnistes au monde ! Dou\u00e9 avec un crayon ou encore un appareil photo entre les mains, il d\u00e9cide de m\u00ealer ses deux passions et de les faire s\u2019affronter dans son tout premier ouvrage\u00a0publi\u00e9 \u00e0 Paris chez Omak\u00e9 Books!\" \/>\n<meta name=\"robots\" content=\"index, follow, max-snippet:-1, max-image-preview:large, max-video-preview:-1\" \/>\n<link rel=\"canonical\" href=\"https:\/\/benheine.com\/art-shop\/books\/\" \/>\n<meta property=\"og:locale\" content=\"fr_FR\" \/>\n<meta property=\"og:type\" content=\"article\" \/>\n<meta property=\"og:title\" content=\"Achetez le Livre Pencil Vs Camera - Ben Heine Art - Omake Books\" \/>\n<meta property=\"og:description\" content=\"Achetez le Livre Pencil Vs Camera. Le Belge Ben Heine est l\u2019un des plus grands artistes illusionnistes au monde ! Dou\u00e9 avec un crayon ou encore un appareil photo entre les mains, il d\u00e9cide de m\u00ealer ses deux passions et de les faire s\u2019affronter dans son tout premier ouvrage\u00a0publi\u00e9 \u00e0 Paris chez Omak\u00e9 Books!\" \/>\n<meta property=\"og:url\" content=\"https:\/\/benheine.com\/art-shop\/books\/\" \/>\n<meta property=\"og:site_name\" content=\"BenHeine, votre dose quotidienne d&#039;actualit\u00e9s Art et Tech\" \/>\n<meta property=\"article:modified_time\" content=\"2021-09-08T12:13:39+00:00\" \/>\n<meta property=\"og:image\" content=\"https:\/\/benheine.com\/wp-content\/uploads\/2018\/04\/BOOKS.jpg\" \/>\n\t<meta property=\"og:image:width\" content=\"1500\" \/>\n\t<meta property=\"og:image:height\" content=\"1110\" \/>\n\t<meta property=\"og:image:type\" content=\"image\/jpeg\" \/>\n<meta name=\"twitter:card\" content=\"summary_large_image\" \/>\n<meta name=\"twitter:label1\" content=\"Dur\u00e9e de lecture estim\u00e9e\" \/>\n\t<meta name=\"twitter:data1\" content=\"1 minute\" \/>\n<script type=\"application\/ld+json\" class=\"yoast-schema-graph\">{\"@context\":\"https:\/\/schema.org\",\"@graph\":[{\"@type\":\"WebPage\",\"@id\":\"https:\/\/benheine.com\/art-shop\/books\/\",\"url\":\"https:\/\/benheine.com\/art-shop\/books\/\",\"name\":\"Achetez le Livre Pencil Vs Camera - Ben Heine Art - Omake Books\",\"isPartOf\":{\"@id\":\"https:\/\/benheine.com\/#website\"},\"primaryImageOfPage\":{\"@id\":\"https:\/\/benheine.com\/art-shop\/books\/#primaryimage\"},\"image\":{\"@id\":\"https:\/\/benheine.com\/art-shop\/books\/#primaryimage\"},\"thumbnailUrl\":\"https:\/\/benheine.com\/wp-content\/uploads\/2018\/04\/BOOKS.jpg\",\"datePublished\":\"2018-04-02T10:15:53+00:00\",\"dateModified\":\"2021-09-08T12:13:39+00:00\",\"description\":\"Achetez le Livre Pencil Vs Camera. Le Belge Ben Heine est l\u2019un des plus grands artistes illusionnistes au monde ! Dou\u00e9 avec un crayon ou encore un appareil photo entre les mains, il d\u00e9cide de m\u00ealer ses deux passions et de les faire s\u2019affronter dans son tout premier ouvrage\u00a0publi\u00e9 \u00e0 Paris chez Omak\u00e9 Books!\",\"breadcrumb\":{\"@id\":\"https:\/\/benheine.com\/art-shop\/books\/#breadcrumb\"},\"inLanguage\":\"fr-FR\",\"potentialAction\":[{\"@type\":\"ReadAction\",\"target\":[\"https:\/\/benheine.com\/art-shop\/books\/\"]}]},{\"@type\":\"ImageObject\",\"inLanguage\":\"fr-FR\",\"@id\":\"https:\/\/benheine.com\/art-shop\/books\/#primaryimage\",\"url\":\"https:\/\/benheine.com\/wp-content\/uploads\/2018\/04\/BOOKS.jpg\",\"contentUrl\":\"https:\/\/benheine.com\/wp-content\/uploads\/2018\/04\/BOOKS.jpg\",\"width\":1500,\"height\":1110,\"caption\":\"BOOKS\"},{\"@type\":\"BreadcrumbList\",\"@id\":\"https:\/\/benheine.com\/art-shop\/books\/#breadcrumb\",\"itemListElement\":[{\"@type\":\"ListItem\",\"position\":1,\"name\":\"Home\",\"item\":\"https:\/\/benheine.com\/fr\/\"},{\"@type\":\"ListItem\",\"position\":2,\"name\":\"Magasin\",\"item\":\"https:\/\/benheine.com\/fr\/magasin\/\"},{\"@type\":\"ListItem\",\"position\":3,\"name\":\"Livres\"}]},{\"@type\":\"WebSite\",\"@id\":\"https:\/\/benheine.com\/#website\",\"url\":\"https:\/\/benheine.com\/\",\"name\":\"BenHeine, votre dose quotidienne d&#039;actualit\u00e9s Art et Tech\",\"description\":\"Retrouvez ici des actualit\u00e9s Art et Tech mais aussi des articles informatifs et des conseils sur l&#039;art, l&#039;intelligence artificielle, la cr\u00e9ation de contenu, l&#039;e-marketing, la productivit\u00e9, l&#039;entreprenariat, la conception web, l&#039;\u00e9ducation, la musique, la peinture, la photographie, la vid\u00e9o, la finance et bien plus encore.\",\"potentialAction\":[{\"@type\":\"SearchAction\",\"target\":{\"@type\":\"EntryPoint\",\"urlTemplate\":\"https:\/\/benheine.com\/?s={search_term_string}\"},\"query-input\":{\"@type\":\"PropertyValueSpecification\",\"valueRequired\":true,\"valueName\":\"search_term_string\"}}],\"inLanguage\":\"fr-FR\"}]}<\/script>\n<!-- \/ Yoast SEO plugin. -->","yoast_head_json":{"title":"Achetez le Livre Pencil Vs Camera - Ben Heine Art - Omake Books","description":"Achetez le Livre Pencil Vs Camera. Le Belge Ben Heine est l\u2019un des plus grands artistes illusionnistes au monde ! Dou\u00e9 avec un crayon ou encore un appareil photo entre les mains, il d\u00e9cide de m\u00ealer ses deux passions et de les faire s\u2019affronter dans son tout premier ouvrage\u00a0publi\u00e9 \u00e0 Paris chez Omak\u00e9 Books!","robots":{"index":"index","follow":"follow","max-snippet":"max-snippet:-1","max-image-preview":"max-image-preview:large","max-video-preview":"max-video-preview:-1"},"canonical":"https:\/\/benheine.com\/art-shop\/books\/","og_locale":"fr_FR","og_type":"article","og_title":"Achetez le Livre Pencil Vs Camera - Ben Heine Art - Omake Books","og_description":"Achetez le Livre Pencil Vs Camera. Le Belge Ben Heine est l\u2019un des plus grands artistes illusionnistes au monde ! Dou\u00e9 avec un crayon ou encore un appareil photo entre les mains, il d\u00e9cide de m\u00ealer ses deux passions et de les faire s\u2019affronter dans son tout premier ouvrage\u00a0publi\u00e9 \u00e0 Paris chez Omak\u00e9 Books!","og_url":"https:\/\/benheine.com\/art-shop\/books\/","og_site_name":"BenHeine, votre dose quotidienne d&#039;actualit\u00e9s Art et Tech","article_modified_time":"2021-09-08T12:13:39+00:00","og_image":[{"width":1500,"height":1110,"url":"https:\/\/benheine.com\/wp-content\/uploads\/2018\/04\/BOOKS.jpg","type":"image\/jpeg"}],"twitter_card":"summary_large_image","twitter_misc":{"Dur\u00e9e de lecture estim\u00e9e":"1 minute"},"schema":{"@context":"https:\/\/schema.org","@graph":[{"@type":"WebPage","@id":"https:\/\/benheine.com\/art-shop\/books\/","url":"https:\/\/benheine.com\/art-shop\/books\/","name":"Achetez le Livre Pencil Vs Camera - Ben Heine Art - Omake Books","isPartOf":{"@id":"https:\/\/benheine.com\/#website"},"primaryImageOfPage":{"@id":"https:\/\/benheine.com\/art-shop\/books\/#primaryimage"},"image":{"@id":"https:\/\/benheine.com\/art-shop\/books\/#primaryimage"},"thumbnailUrl":"https:\/\/benheine.com\/wp-content\/uploads\/2018\/04\/BOOKS.jpg","datePublished":"2018-04-02T10:15:53+00:00","dateModified":"2021-09-08T12:13:39+00:00","description":"Achetez le Livre Pencil Vs Camera. Le Belge Ben Heine est l\u2019un des plus grands artistes illusionnistes au monde ! Dou\u00e9 avec un crayon ou encore un appareil photo entre les mains, il d\u00e9cide de m\u00ealer ses deux passions et de les faire s\u2019affronter dans son tout premier ouvrage\u00a0publi\u00e9 \u00e0 Paris chez Omak\u00e9 Books!","breadcrumb":{"@id":"https:\/\/benheine.com\/art-shop\/books\/#breadcrumb"},"inLanguage":"fr-FR","potentialAction":[{"@type":"ReadAction","target":["https:\/\/benheine.com\/art-shop\/books\/"]}]},{"@type":"ImageObject","inLanguage":"fr-FR","@id":"https:\/\/benheine.com\/art-shop\/books\/#primaryimage","url":"https:\/\/benheine.com\/wp-content\/uploads\/2018\/04\/BOOKS.jpg","contentUrl":"https:\/\/benheine.com\/wp-content\/uploads\/2018\/04\/BOOKS.jpg","width":1500,"height":1110,"caption":"BOOKS"},{"@type":"BreadcrumbList","@id":"https:\/\/benheine.com\/art-shop\/books\/#breadcrumb","itemListElement":[{"@type":"ListItem","position":1,"name":"Home","item":"https:\/\/benheine.com\/fr\/"},{"@type":"ListItem","position":2,"name":"Magasin","item":"https:\/\/benheine.com\/fr\/magasin\/"},{"@type":"ListItem","position":3,"name":"Livres"}]},{"@type":"WebSite","@id":"https:\/\/benheine.com\/#website","url":"https:\/\/benheine.com\/","name":"BenHeine, votre dose quotidienne d&#039;actualit\u00e9s Art et Tech","description":"Retrouvez ici des actualit\u00e9s Art et Tech mais aussi des articles informatifs et des conseils sur l&#039;art, l&#039;intelligence artificielle, la cr\u00e9ation de contenu, l&#039;e-marketing, la productivit\u00e9, l&#039;entreprenariat, la conception web, l&#039;\u00e9ducation, la musique, la peinture, la photographie, la vid\u00e9o, la finance et bien plus encore.","potentialAction":[{"@type":"SearchAction","target":{"@type":"EntryPoint","urlTemplate":"https:\/\/benheine.com\/?s={search_term_string}"},"query-input":{"@type":"PropertyValueSpecification","valueRequired":true,"valueName":"search_term_string"}}],"inLanguage":"fr-FR"}]}},"_links":{"self":[{"href":"https:\/\/benheine.com\/fr\/wp-json\/wp\/v2\/pages\/6128","targetHints":{"allow":["GET"]}}],"collection":[{"href":"https:\/\/benheine.com\/fr\/wp-json\/wp\/v2\/pages"}],"about":[{"href":"https:\/\/benheine.com\/fr\/wp-json\/wp\/v2\/types\/page"}],"author":[{"embeddable":true,"href":"https:\/\/benheine.com\/fr\/wp-json\/wp\/v2\/users\/1"}],"replies":[{"embeddable":true,"href":"https:\/\/benheine.com\/fr\/wp-json\/wp\/v2\/comments?post=6128"}],"version-history":[{"count":0,"href":"https:\/\/benheine.com\/fr\/wp-json\/wp\/v2\/pages\/6128\/revisions"}],"up":[{"embeddable":true,"href":"https:\/\/benheine.com\/fr\/wp-json\/wp\/v2\/pages\/5849"}],"wp:featuredmedia":[{"embeddable":true,"href":"https:\/\/benheine.com\/fr\/wp-json\/wp\/v2\/media\/6155"}],"wp:attachment":[{"href":"https:\/\/benheine.com\/fr\/wp-json\/wp\/v2\/media?parent=6128"}],"curies":[{"name":"wp","href":"https:\/\/api.w.org\/{rel}","templated":true}]}}