{"id":6172,"date":"2018-04-03T12:30:12","date_gmt":"2018-04-03T12:30:12","guid":{"rendered":"http:\/\/benheine.com\/?page_id=6172"},"modified":"2021-06-15T23:41:06","modified_gmt":"2021-06-15T23:41:06","slug":"reseaux-sociaux","status":"publish","type":"page","link":"https:\/\/benheine.com\/fr\/reseaux-sociaux\/","title":{"rendered":"Publications des r\u00e9seaux sociaux"},"content":{"rendered":"<p>[vc_section][vc_row][vc_column][vc_column_text]<\/p>\n<h1 class=\"section-title mb-40 text-center\" style=\"text-align: left;\">Publications des r\u00e9seaux sociaux<\/h1>\n<p>[\/vc_column_text][vc_column_text el_class=\u00a0\u00bbfacebook-post-data\u00a0\u00bb][juicer name=\u00a0\u00bbbenheineart\u00a0\u00bb per=\u00a0\u00bb6&Prime; truncate=\u00a0\u00bb180&Prime;][\/vc_column_text][\/vc_column][\/vc_row][\/vc_section]<\/p>\n<div class=\"clearfix\"><\/div>","protected":false},"excerpt":{"rendered":"<p>[vc_section][vc_row][vc_column][vc_column_text] Publications des r\u00e9seaux sociaux [\/vc_column_text][vc_column_text el_class=\u00a0\u00bbfacebook-post-data\u00a0\u00bb][juicer name=\u00a0\u00bbbenheineart\u00a0\u00bb per=\u00a0\u00bb6&Prime; truncate=\u00a0\u00bb180&Prime;][\/vc_column_text][\/vc_column][\/vc_row][\/vc_section]<\/p>\n","protected":false},"author":1,"featured_media":0,"parent":0,"menu_order":87,"comment_status":"closed","ping_status":"closed","template":"elementor_header_footer","meta":{"_acf_changed":false,"footnotes":""},"class_list":["post-6172","page","type-page","status-publish","hentry"],"acf":[],"yoast_head":"<!-- This site is optimized with the Yoast SEO plugin v26.6 - https:\/\/yoast.com\/wordpress\/plugins\/seo\/ -->\n<title>Publications des r\u00e9seaux sociaux de Ben Heine : Facebook...<\/title>\n<meta name=\"description\" content=\"Publications des r\u00e9seaux sociaux de Ben Heine - Facebook, Twitter, Linkedin, Youtube, Instagram\" \/>\n<meta name=\"robots\" content=\"index, follow, max-snippet:-1, max-image-preview:large, max-video-preview:-1\" \/>\n<link rel=\"canonical\" href=\"https:\/\/benheine.com\/fr\/reseaux-sociaux\/\" \/>\n<meta property=\"og:locale\" content=\"fr_FR\" \/>\n<meta property=\"og:type\" content=\"article\" \/>\n<meta property=\"og:title\" content=\"Publications des r\u00e9seaux sociaux de Ben Heine : Facebook...\" \/>\n<meta property=\"og:description\" content=\"Publications des r\u00e9seaux sociaux de Ben Heine - Facebook, Twitter, Linkedin, Youtube, Instagram\" \/>\n<meta property=\"og:url\" content=\"https:\/\/benheine.com\/fr\/reseaux-sociaux\/\" \/>\n<meta property=\"og:site_name\" content=\"BenHeine, votre dose quotidienne d&#039;actualit\u00e9s Art et Tech\" \/>\n<meta property=\"article:modified_time\" content=\"2021-06-15T23:41:06+00:00\" \/>\n<meta name=\"twitter:card\" content=\"summary_large_image\" \/>\n<script type=\"application\/ld+json\" class=\"yoast-schema-graph\">{\"@context\":\"https:\/\/schema.org\",\"@graph\":[{\"@type\":\"WebPage\",\"@id\":\"https:\/\/benheine.com\/fr\/reseaux-sociaux\/\",\"url\":\"https:\/\/benheine.com\/fr\/reseaux-sociaux\/\",\"name\":\"Publications des r\u00e9seaux sociaux de Ben Heine : Facebook...\",\"isPartOf\":{\"@id\":\"https:\/\/benheine.com\/#website\"},\"datePublished\":\"2018-04-03T12:30:12+00:00\",\"dateModified\":\"2021-06-15T23:41:06+00:00\",\"description\":\"Publications des r\u00e9seaux sociaux de Ben Heine - Facebook, Twitter, Linkedin, Youtube, Instagram\",\"breadcrumb\":{\"@id\":\"https:\/\/benheine.com\/fr\/reseaux-sociaux\/#breadcrumb\"},\"inLanguage\":\"fr-FR\",\"potentialAction\":[{\"@type\":\"ReadAction\",\"target\":[\"https:\/\/benheine.com\/fr\/reseaux-sociaux\/\"]}]},{\"@type\":\"BreadcrumbList\",\"@id\":\"https:\/\/benheine.com\/fr\/reseaux-sociaux\/#breadcrumb\",\"itemListElement\":[{\"@type\":\"ListItem\",\"position\":1,\"name\":\"Home\",\"item\":\"https:\/\/benheine.com\/fr\/\"},{\"@type\":\"ListItem\",\"position\":2,\"name\":\"Publications des r\u00e9seaux sociaux\"}]},{\"@type\":\"WebSite\",\"@id\":\"https:\/\/benheine.com\/#website\",\"url\":\"https:\/\/benheine.com\/\",\"name\":\"BenHeine, votre dose quotidienne d&#039;actualit\u00e9s Art et Tech\",\"description\":\"Retrouvez ici des actualit\u00e9s Art et Tech mais aussi des articles informatifs et des conseils sur l&#039;art, l&#039;intelligence artificielle, la cr\u00e9ation de contenu, l&#039;e-marketing, la productivit\u00e9, l&#039;entreprenariat, la conception web, l&#039;\u00e9ducation, la musique, la peinture, la photographie, la vid\u00e9o, la finance et bien plus encore.\",\"potentialAction\":[{\"@type\":\"SearchAction\",\"target\":{\"@type\":\"EntryPoint\",\"urlTemplate\":\"https:\/\/benheine.com\/?s={search_term_string}\"},\"query-input\":{\"@type\":\"PropertyValueSpecification\",\"valueRequired\":true,\"valueName\":\"search_term_string\"}}],\"inLanguage\":\"fr-FR\"}]}<\/script>\n<!-- \/ Yoast SEO plugin. -->","yoast_head_json":{"title":"Publications des r\u00e9seaux sociaux de Ben Heine : Facebook...","description":"Publications des r\u00e9seaux sociaux de Ben Heine - Facebook, Twitter, Linkedin, Youtube, Instagram","robots":{"index":"index","follow":"follow","max-snippet":"max-snippet:-1","max-image-preview":"max-image-preview:large","max-video-preview":"max-video-preview:-1"},"canonical":"https:\/\/benheine.com\/fr\/reseaux-sociaux\/","og_locale":"fr_FR","og_type":"article","og_title":"Publications des r\u00e9seaux sociaux de Ben Heine : Facebook...","og_description":"Publications des r\u00e9seaux sociaux de Ben Heine - Facebook, Twitter, Linkedin, Youtube, Instagram","og_url":"https:\/\/benheine.com\/fr\/reseaux-sociaux\/","og_site_name":"BenHeine, votre dose quotidienne d&#039;actualit\u00e9s Art et Tech","article_modified_time":"2021-06-15T23:41:06+00:00","twitter_card":"summary_large_image","schema":{"@context":"https:\/\/schema.org","@graph":[{"@type":"WebPage","@id":"https:\/\/benheine.com\/fr\/reseaux-sociaux\/","url":"https:\/\/benheine.com\/fr\/reseaux-sociaux\/","name":"Publications des r\u00e9seaux sociaux de Ben Heine : Facebook...","isPartOf":{"@id":"https:\/\/benheine.com\/#website"},"datePublished":"2018-04-03T12:30:12+00:00","dateModified":"2021-06-15T23:41:06+00:00","description":"Publications des r\u00e9seaux sociaux de Ben Heine - Facebook, Twitter, Linkedin, Youtube, Instagram","breadcrumb":{"@id":"https:\/\/benheine.com\/fr\/reseaux-sociaux\/#breadcrumb"},"inLanguage":"fr-FR","potentialAction":[{"@type":"ReadAction","target":["https:\/\/benheine.com\/fr\/reseaux-sociaux\/"]}]},{"@type":"BreadcrumbList","@id":"https:\/\/benheine.com\/fr\/reseaux-sociaux\/#breadcrumb","itemListElement":[{"@type":"ListItem","position":1,"name":"Home","item":"https:\/\/benheine.com\/fr\/"},{"@type":"ListItem","position":2,"name":"Publications des r\u00e9seaux sociaux"}]},{"@type":"WebSite","@id":"https:\/\/benheine.com\/#website","url":"https:\/\/benheine.com\/","name":"BenHeine, votre dose quotidienne d&#039;actualit\u00e9s Art et Tech","description":"Retrouvez ici des actualit\u00e9s Art et Tech mais aussi des articles informatifs et des conseils sur l&#039;art, l&#039;intelligence artificielle, la cr\u00e9ation de contenu, l&#039;e-marketing, la productivit\u00e9, l&#039;entreprenariat, la conception web, l&#039;\u00e9ducation, la musique, la peinture, la photographie, la vid\u00e9o, la finance et bien plus encore.","potentialAction":[{"@type":"SearchAction","target":{"@type":"EntryPoint","urlTemplate":"https:\/\/benheine.com\/?s={search_term_string}"},"query-input":{"@type":"PropertyValueSpecification","valueRequired":true,"valueName":"search_term_string"}}],"inLanguage":"fr-FR"}]}},"_links":{"self":[{"href":"https:\/\/benheine.com\/fr\/wp-json\/wp\/v2\/pages\/6172","targetHints":{"allow":["GET"]}}],"collection":[{"href":"https:\/\/benheine.com\/fr\/wp-json\/wp\/v2\/pages"}],"about":[{"href":"https:\/\/benheine.com\/fr\/wp-json\/wp\/v2\/types\/page"}],"author":[{"embeddable":true,"href":"https:\/\/benheine.com\/fr\/wp-json\/wp\/v2\/users\/1"}],"replies":[{"embeddable":true,"href":"https:\/\/benheine.com\/fr\/wp-json\/wp\/v2\/comments?post=6172"}],"version-history":[{"count":0,"href":"https:\/\/benheine.com\/fr\/wp-json\/wp\/v2\/pages\/6172\/revisions"}],"wp:attachment":[{"href":"https:\/\/benheine.com\/fr\/wp-json\/wp\/v2\/media?parent=6172"}],"curies":[{"name":"wp","href":"https:\/\/api.w.org\/{rel}","templated":true}]}}