{"id":7572,"date":"2020-02-28T07:24:03","date_gmt":"2020-02-28T07:24:03","guid":{"rendered":"http:\/\/benheine.com\/magasin\/paregrine\/"},"modified":"2021-09-07T11:51:15","modified_gmt":"2021-09-07T11:51:15","slug":"paregrine","status":"publish","type":"page","link":"https:\/\/benheine.com\/fr\/magasin\/paregrine\/","title":{"rendered":"Paregrine"},"content":{"rendered":"\t\t<div data-elementor-type=\"wp-page\" data-elementor-id=\"7572\" class=\"elementor elementor-7572\">\n\t\t\t\t\t\t<section class=\"elementor-section elementor-top-section elementor-element elementor-element-c4449c0 elementor-section-boxed elementor-section-height-default elementor-section-height-default\" data-id=\"c4449c0\" data-element_type=\"section\">\n\t\t\t\t\t\t<div class=\"elementor-container elementor-column-gap-default\">\n\t\t\t\t\t<div class=\"elementor-column elementor-col-100 elementor-top-column elementor-element elementor-element-1470f6c\" data-id=\"1470f6c\" data-element_type=\"column\">\n\t\t\t<div class=\"elementor-widget-wrap elementor-element-populated\">\n\t\t\t\t\t\t<div class=\"elementor-element elementor-element-66ab7b6 elementor-widget elementor-widget-heading\" data-id=\"66ab7b6\" data-element_type=\"widget\" data-widget_type=\"heading.default\">\n\t\t\t\t<div class=\"elementor-widget-container\">\n\t\t\t\t\t<h1 class=\"elementor-heading-title elementor-size-default\">Paregrine<\/h1>\t\t\t\t<\/div>\n\t\t\t\t<\/div>\n\t\t\t\t<div class=\"elementor-element elementor-element-0d7ff4f elementor-widget elementor-widget-text-editor\" data-id=\"0d7ff4f\" data-element_type=\"widget\" data-widget_type=\"text-editor.default\">\n\t\t\t\t<div class=\"elementor-widget-container\">\n\t\t\t\t\t\t\t\t\t<p style=\"text-align: justify;\">Ben Heine est un artiste visuel multidisciplinaire et producteur de musique belge. Son nom est devenu c\u00e9l\u00e8bre en 2010 avec l\u2019invention d\u2019une nouvelle forme artistique appel\u00e9e \u00ab\u00a0Pencil Vs Camera\u00a0\u00bb.\u00a0<a href=\"https:\/\/www.paregrine.com\/photographe\/69\">paregrine\u00a0<\/a>remporte le prix de la cat\u00e9gorie Antalis Interior Design Award Office! Veuillez\u00a0<a href=\"http:\/\/benheine.com\/fr\/contact\/\">nous contacter\u00a0<\/a>pour plus de d\u00e9tails<\/p>\t\t\t\t\t\t\t\t<\/div>\n\t\t\t\t<\/div>\n\t\t\t\t<div class=\"elementor-element elementor-element-bf4a23a elementor-widget elementor-widget-text-editor\" data-id=\"bf4a23a\" data-element_type=\"widget\" data-widget_type=\"text-editor.default\">\n\t\t\t\t<div class=\"elementor-widget-container\">\n\t\t\t\t\t\t\t\t\t<div class=\"codegena_iframe\"><iframe style=\"border: 0px;\" src=\"https:\/\/www.paregrine.com\/photographe\/69\" width=\"1360\" height=\"800\"><\/iframe><\/div><p><style>.codegena_iframe{position:relative;padding-bottom:56.25%;height:800px;overflow: hidden;max-width:100%;}.codegena_iframe iframe{position:absolute;top:0;left:0;width:100%;height:100%;}<\/style><\/p>\t\t\t\t\t\t\t\t<\/div>\n\t\t\t\t<\/div>\n\t\t\t\t\t<\/div>\n\t\t<\/div>\n\t\t\t\t\t<\/div>\n\t\t<\/section>\n\t\t\t\t<\/div>\n\t\t<div class=\"clearfix\"><\/div>","protected":false},"excerpt":{"rendered":"<p>Paregrine Ben Heine est un artiste visuel multidisciplinaire et producteur de musique belge. Son nom est devenu c\u00e9l\u00e8bre en 2010 avec l\u2019invention&#8230;<\/p>\n","protected":false},"author":1,"featured_media":7749,"parent":5849,"menu_order":16,"comment_status":"closed","ping_status":"closed","template":"elementor_header_footer","meta":{"_acf_changed":false,"footnotes":""},"class_list":["post-7572","page","type-page","status-publish","has-post-thumbnail","hentry"],"acf":[],"yoast_head":"<!-- This site is optimized with the Yoast SEO plugin v26.6 - https:\/\/yoast.com\/wordpress\/plugins\/seo\/ -->\n<title>Achetez des reproductions de Ben Heine via la galerie Paregrine \u00e0 Paris<\/title>\n<meta name=\"description\" content=\"Achetez des reproductions de Ben Heine via la galerie Paregrine \u00e0 Paris. Ben Heine est un artiste visuel multidisciplinaire. Connu notamment pour sa s\u00e9rie cr\u00e9ative \u00abPencil Vs Camera\u00bb. Paregrine est une galerie d&#039;art \u00e0 paris qui a remport\u00e9 le prix de la cat\u00e9gorie Antalis Interior Design Award Office!\" \/>\n<meta name=\"robots\" content=\"index, follow, max-snippet:-1, max-image-preview:large, max-video-preview:-1\" \/>\n<link rel=\"canonical\" href=\"https:\/\/benheine.com\/fr\/magasin\/paregrine\/\" \/>\n<meta property=\"og:locale\" content=\"fr_FR\" \/>\n<meta property=\"og:type\" content=\"article\" \/>\n<meta property=\"og:title\" content=\"Achetez des reproductions de Ben Heine via la galerie Paregrine \u00e0 Paris\" \/>\n<meta property=\"og:description\" content=\"Achetez des reproductions de Ben Heine via la galerie Paregrine \u00e0 Paris. Ben Heine est un artiste visuel multidisciplinaire. Connu notamment pour sa s\u00e9rie cr\u00e9ative \u00abPencil Vs Camera\u00bb. Paregrine est une galerie d&#039;art \u00e0 paris qui a remport\u00e9 le prix de la cat\u00e9gorie Antalis Interior Design Award Office!\" \/>\n<meta property=\"og:url\" content=\"https:\/\/benheine.com\/fr\/magasin\/paregrine\/\" \/>\n<meta property=\"og:site_name\" content=\"BenHeine, votre dose quotidienne d&#039;actualit\u00e9s Art et Tech\" \/>\n<meta property=\"article:modified_time\" content=\"2021-09-07T11:51:15+00:00\" \/>\n<meta property=\"og:image\" content=\"https:\/\/benheine.com\/wp-content\/uploads\/2020\/03\/Paregrine-Shop-Box.png\" \/>\n\t<meta property=\"og:image:width\" content=\"800\" \/>\n\t<meta property=\"og:image:height\" content=\"645\" \/>\n\t<meta property=\"og:image:type\" content=\"image\/png\" \/>\n<meta name=\"twitter:card\" content=\"summary_large_image\" \/>\n<script type=\"application\/ld+json\" class=\"yoast-schema-graph\">{\"@context\":\"https:\/\/schema.org\",\"@graph\":[{\"@type\":\"WebPage\",\"@id\":\"https:\/\/benheine.com\/fr\/magasin\/paregrine\/\",\"url\":\"https:\/\/benheine.com\/fr\/magasin\/paregrine\/\",\"name\":\"Achetez des reproductions de Ben Heine via la galerie Paregrine \u00e0 Paris\",\"isPartOf\":{\"@id\":\"https:\/\/benheine.com\/#website\"},\"primaryImageOfPage\":{\"@id\":\"https:\/\/benheine.com\/fr\/magasin\/paregrine\/#primaryimage\"},\"image\":{\"@id\":\"https:\/\/benheine.com\/fr\/magasin\/paregrine\/#primaryimage\"},\"thumbnailUrl\":\"https:\/\/benheine.com\/wp-content\/uploads\/2020\/03\/Paregrine-Shop-Box.png\",\"datePublished\":\"2020-02-28T07:24:03+00:00\",\"dateModified\":\"2021-09-07T11:51:15+00:00\",\"description\":\"Achetez des reproductions de Ben Heine via la galerie Paregrine \u00e0 Paris. Ben Heine est un artiste visuel multidisciplinaire. Connu notamment pour sa s\u00e9rie cr\u00e9ative \u00abPencil Vs Camera\u00bb. Paregrine est une galerie d'art \u00e0 paris qui a remport\u00e9 le prix de la cat\u00e9gorie Antalis Interior Design Award Office!\",\"breadcrumb\":{\"@id\":\"https:\/\/benheine.com\/fr\/magasin\/paregrine\/#breadcrumb\"},\"inLanguage\":\"fr-FR\",\"potentialAction\":[{\"@type\":\"ReadAction\",\"target\":[\"https:\/\/benheine.com\/fr\/magasin\/paregrine\/\"]}]},{\"@type\":\"ImageObject\",\"inLanguage\":\"fr-FR\",\"@id\":\"https:\/\/benheine.com\/fr\/magasin\/paregrine\/#primaryimage\",\"url\":\"https:\/\/benheine.com\/wp-content\/uploads\/2020\/03\/Paregrine-Shop-Box.png\",\"contentUrl\":\"https:\/\/benheine.com\/wp-content\/uploads\/2020\/03\/Paregrine-Shop-Box.png\",\"width\":800,\"height\":645,\"caption\":\"Paregrine - Art Prints\"},{\"@type\":\"BreadcrumbList\",\"@id\":\"https:\/\/benheine.com\/fr\/magasin\/paregrine\/#breadcrumb\",\"itemListElement\":[{\"@type\":\"ListItem\",\"position\":1,\"name\":\"Home\",\"item\":\"https:\/\/benheine.com\/fr\/\"},{\"@type\":\"ListItem\",\"position\":2,\"name\":\"Magasin\",\"item\":\"https:\/\/benheine.com\/fr\/magasin\/\"},{\"@type\":\"ListItem\",\"position\":3,\"name\":\"Paregrine\"}]},{\"@type\":\"WebSite\",\"@id\":\"https:\/\/benheine.com\/#website\",\"url\":\"https:\/\/benheine.com\/\",\"name\":\"BenHeine, votre dose quotidienne d&#039;actualit\u00e9s Art et Tech\",\"description\":\"Retrouvez ici des actualit\u00e9s Art et Tech mais aussi des articles informatifs et des conseils sur l&#039;art, l&#039;intelligence artificielle, la cr\u00e9ation de contenu, l&#039;e-marketing, la productivit\u00e9, l&#039;entreprenariat, la conception web, l&#039;\u00e9ducation, la musique, la peinture, la photographie, la vid\u00e9o, la finance et bien plus encore.\",\"potentialAction\":[{\"@type\":\"SearchAction\",\"target\":{\"@type\":\"EntryPoint\",\"urlTemplate\":\"https:\/\/benheine.com\/?s={search_term_string}\"},\"query-input\":{\"@type\":\"PropertyValueSpecification\",\"valueRequired\":true,\"valueName\":\"search_term_string\"}}],\"inLanguage\":\"fr-FR\"}]}<\/script>\n<!-- \/ Yoast SEO plugin. -->","yoast_head_json":{"title":"Achetez des reproductions de Ben Heine via la galerie Paregrine \u00e0 Paris","description":"Achetez des reproductions de Ben Heine via la galerie Paregrine \u00e0 Paris. Ben Heine est un artiste visuel multidisciplinaire. Connu notamment pour sa s\u00e9rie cr\u00e9ative \u00abPencil Vs Camera\u00bb. Paregrine est une galerie d'art \u00e0 paris qui a remport\u00e9 le prix de la cat\u00e9gorie Antalis Interior Design Award Office!","robots":{"index":"index","follow":"follow","max-snippet":"max-snippet:-1","max-image-preview":"max-image-preview:large","max-video-preview":"max-video-preview:-1"},"canonical":"https:\/\/benheine.com\/fr\/magasin\/paregrine\/","og_locale":"fr_FR","og_type":"article","og_title":"Achetez des reproductions de Ben Heine via la galerie Paregrine \u00e0 Paris","og_description":"Achetez des reproductions de Ben Heine via la galerie Paregrine \u00e0 Paris. Ben Heine est un artiste visuel multidisciplinaire. Connu notamment pour sa s\u00e9rie cr\u00e9ative \u00abPencil Vs Camera\u00bb. Paregrine est une galerie d'art \u00e0 paris qui a remport\u00e9 le prix de la cat\u00e9gorie Antalis Interior Design Award Office!","og_url":"https:\/\/benheine.com\/fr\/magasin\/paregrine\/","og_site_name":"BenHeine, votre dose quotidienne d&#039;actualit\u00e9s Art et Tech","article_modified_time":"2021-09-07T11:51:15+00:00","og_image":[{"width":800,"height":645,"url":"https:\/\/benheine.com\/wp-content\/uploads\/2020\/03\/Paregrine-Shop-Box.png","type":"image\/png"}],"twitter_card":"summary_large_image","schema":{"@context":"https:\/\/schema.org","@graph":[{"@type":"WebPage","@id":"https:\/\/benheine.com\/fr\/magasin\/paregrine\/","url":"https:\/\/benheine.com\/fr\/magasin\/paregrine\/","name":"Achetez des reproductions de Ben Heine via la galerie Paregrine \u00e0 Paris","isPartOf":{"@id":"https:\/\/benheine.com\/#website"},"primaryImageOfPage":{"@id":"https:\/\/benheine.com\/fr\/magasin\/paregrine\/#primaryimage"},"image":{"@id":"https:\/\/benheine.com\/fr\/magasin\/paregrine\/#primaryimage"},"thumbnailUrl":"https:\/\/benheine.com\/wp-content\/uploads\/2020\/03\/Paregrine-Shop-Box.png","datePublished":"2020-02-28T07:24:03+00:00","dateModified":"2021-09-07T11:51:15+00:00","description":"Achetez des reproductions de Ben Heine via la galerie Paregrine \u00e0 Paris. Ben Heine est un artiste visuel multidisciplinaire. Connu notamment pour sa s\u00e9rie cr\u00e9ative \u00abPencil Vs Camera\u00bb. Paregrine est une galerie d'art \u00e0 paris qui a remport\u00e9 le prix de la cat\u00e9gorie Antalis Interior Design Award Office!","breadcrumb":{"@id":"https:\/\/benheine.com\/fr\/magasin\/paregrine\/#breadcrumb"},"inLanguage":"fr-FR","potentialAction":[{"@type":"ReadAction","target":["https:\/\/benheine.com\/fr\/magasin\/paregrine\/"]}]},{"@type":"ImageObject","inLanguage":"fr-FR","@id":"https:\/\/benheine.com\/fr\/magasin\/paregrine\/#primaryimage","url":"https:\/\/benheine.com\/wp-content\/uploads\/2020\/03\/Paregrine-Shop-Box.png","contentUrl":"https:\/\/benheine.com\/wp-content\/uploads\/2020\/03\/Paregrine-Shop-Box.png","width":800,"height":645,"caption":"Paregrine - Art Prints"},{"@type":"BreadcrumbList","@id":"https:\/\/benheine.com\/fr\/magasin\/paregrine\/#breadcrumb","itemListElement":[{"@type":"ListItem","position":1,"name":"Home","item":"https:\/\/benheine.com\/fr\/"},{"@type":"ListItem","position":2,"name":"Magasin","item":"https:\/\/benheine.com\/fr\/magasin\/"},{"@type":"ListItem","position":3,"name":"Paregrine"}]},{"@type":"WebSite","@id":"https:\/\/benheine.com\/#website","url":"https:\/\/benheine.com\/","name":"BenHeine, votre dose quotidienne d&#039;actualit\u00e9s Art et Tech","description":"Retrouvez ici des actualit\u00e9s Art et Tech mais aussi des articles informatifs et des conseils sur l&#039;art, l&#039;intelligence artificielle, la cr\u00e9ation de contenu, l&#039;e-marketing, la productivit\u00e9, l&#039;entreprenariat, la conception web, l&#039;\u00e9ducation, la musique, la peinture, la photographie, la vid\u00e9o, la finance et bien plus encore.","potentialAction":[{"@type":"SearchAction","target":{"@type":"EntryPoint","urlTemplate":"https:\/\/benheine.com\/?s={search_term_string}"},"query-input":{"@type":"PropertyValueSpecification","valueRequired":true,"valueName":"search_term_string"}}],"inLanguage":"fr-FR"}]}},"_links":{"self":[{"href":"https:\/\/benheine.com\/fr\/wp-json\/wp\/v2\/pages\/7572","targetHints":{"allow":["GET"]}}],"collection":[{"href":"https:\/\/benheine.com\/fr\/wp-json\/wp\/v2\/pages"}],"about":[{"href":"https:\/\/benheine.com\/fr\/wp-json\/wp\/v2\/types\/page"}],"author":[{"embeddable":true,"href":"https:\/\/benheine.com\/fr\/wp-json\/wp\/v2\/users\/1"}],"replies":[{"embeddable":true,"href":"https:\/\/benheine.com\/fr\/wp-json\/wp\/v2\/comments?post=7572"}],"version-history":[{"count":0,"href":"https:\/\/benheine.com\/fr\/wp-json\/wp\/v2\/pages\/7572\/revisions"}],"up":[{"embeddable":true,"href":"https:\/\/benheine.com\/fr\/wp-json\/wp\/v2\/pages\/5849"}],"wp:featuredmedia":[{"embeddable":true,"href":"https:\/\/benheine.com\/fr\/wp-json\/wp\/v2\/media\/7749"}],"wp:attachment":[{"href":"https:\/\/benheine.com\/fr\/wp-json\/wp\/v2\/media?parent=7572"}],"curies":[{"name":"wp","href":"https:\/\/api.w.org\/{rel}","templated":true}]}}