{"id":7574,"date":"2020-02-28T07:23:49","date_gmt":"2020-02-28T07:23:49","guid":{"rendered":"http:\/\/benheine.com\/magasin\/noir-gallery\/"},"modified":"2021-08-09T12:10:02","modified_gmt":"2021-08-09T12:10:02","slug":"noir-gallery","status":"publish","type":"page","link":"https:\/\/benheine.com\/fr\/magasin\/noir-gallery\/","title":{"rendered":"Noir Gallery"},"content":{"rendered":"\t\t<div data-elementor-type=\"wp-page\" data-elementor-id=\"7574\" class=\"elementor elementor-7574\">\n\t\t\t\t\t\t<section class=\"elementor-section elementor-top-section elementor-element elementor-element-7d0f88d elementor-section-boxed elementor-section-height-default elementor-section-height-default\" data-id=\"7d0f88d\" data-element_type=\"section\">\n\t\t\t\t\t\t<div class=\"elementor-container elementor-column-gap-default\">\n\t\t\t\t\t<div class=\"elementor-column elementor-col-100 elementor-top-column elementor-element elementor-element-6ff4ee1\" data-id=\"6ff4ee1\" data-element_type=\"column\">\n\t\t\t<div class=\"elementor-widget-wrap elementor-element-populated\">\n\t\t\t\t\t\t<div class=\"elementor-element elementor-element-472d3ca elementor-widget elementor-widget-heading\" data-id=\"472d3ca\" data-element_type=\"widget\" data-widget_type=\"heading.default\">\n\t\t\t\t<div class=\"elementor-widget-container\">\n\t\t\t\t\t<h1 class=\"elementor-heading-title elementor-size-default\">Noir Gallery<\/h1>\t\t\t\t<\/div>\n\t\t\t\t<\/div>\n\t\t\t\t<div class=\"elementor-element elementor-element-c44eb3d elementor-widget elementor-widget-text-editor\" data-id=\"c44eb3d\" data-element_type=\"widget\" data-widget_type=\"text-editor.default\">\n\t\t\t\t<div class=\"elementor-widget-container\">\n\t\t\t\t\t\t\t\t\t<div class=\"codegena_iframe\"><iframe style=\"border: 0px;\" src=\"https:\/\/noirgallery.co\/collections\/artists-x-ben-heine\" width=\"1360\" height=\"800\"><\/iframe><\/div>\n<style>.codegena_iframe{position:relative;padding-bottom:56.25%;height:800px;overflow: hidden;max-width:100%;}.codegena_iframe iframe{position:absolute;top:0;left:0;width:100%;height:100%;}<\/style>\n\t\t\t\t\t\t\t\t<\/div>\n\t\t\t\t<\/div>\n\t\t\t\t\t<\/div>\n\t\t<\/div>\n\t\t\t\t\t<\/div>\n\t\t<\/section>\n\t\t\t\t<\/div>\n\t\t<div class=\"clearfix\"><\/div>","protected":false},"excerpt":{"rendered":"<p>Noir Gallery<\/p>\n","protected":false},"author":1,"featured_media":7780,"parent":5849,"menu_order":14,"comment_status":"closed","ping_status":"closed","template":"elementor_header_footer","meta":{"_acf_changed":false,"footnotes":""},"class_list":["post-7574","page","type-page","status-publish","has-post-thumbnail","hentry"],"acf":[],"yoast_head":"<!-- This site is optimized with the Yoast SEO plugin v26.6 - https:\/\/yoast.com\/wordpress\/plugins\/seo\/ -->\n<title>Noir Gallery - BenHeine, votre dose quotidienne d&#039;actualit\u00e9s Art et Tech<\/title>\n<meta name=\"robots\" content=\"index, follow, max-snippet:-1, max-image-preview:large, max-video-preview:-1\" \/>\n<link rel=\"canonical\" href=\"https:\/\/benheine.com\/art-shop\/noir-gallery\/\" \/>\n<meta property=\"og:locale\" content=\"fr_FR\" \/>\n<meta property=\"og:type\" content=\"article\" \/>\n<meta property=\"og:title\" content=\"Noir Gallery - BenHeine, votre dose quotidienne d&#039;actualit\u00e9s Art et Tech\" \/>\n<meta property=\"og:description\" content=\"Noir Gallery\" \/>\n<meta property=\"og:url\" content=\"https:\/\/benheine.com\/art-shop\/noir-gallery\/\" \/>\n<meta property=\"og:site_name\" content=\"BenHeine, votre dose quotidienne d&#039;actualit\u00e9s Art et Tech\" \/>\n<meta property=\"article:modified_time\" content=\"2021-08-09T12:10:02+00:00\" \/>\n<meta property=\"og:image\" content=\"https:\/\/benheine.com\/wp-content\/uploads\/2020\/03\/Noir-Gallery-Shop-box.png\" \/>\n\t<meta property=\"og:image:width\" content=\"800\" \/>\n\t<meta property=\"og:image:height\" content=\"791\" \/>\n\t<meta property=\"og:image:type\" content=\"image\/png\" \/>\n<meta name=\"twitter:card\" content=\"summary_large_image\" \/>\n<script type=\"application\/ld+json\" class=\"yoast-schema-graph\">{\"@context\":\"https:\/\/schema.org\",\"@graph\":[{\"@type\":\"WebPage\",\"@id\":\"https:\/\/benheine.com\/art-shop\/noir-gallery\/\",\"url\":\"https:\/\/benheine.com\/art-shop\/noir-gallery\/\",\"name\":\"Noir Gallery - BenHeine, votre dose quotidienne d&#039;actualit\u00e9s Art et Tech\",\"isPartOf\":{\"@id\":\"https:\/\/benheine.com\/#website\"},\"primaryImageOfPage\":{\"@id\":\"https:\/\/benheine.com\/art-shop\/noir-gallery\/#primaryimage\"},\"image\":{\"@id\":\"https:\/\/benheine.com\/art-shop\/noir-gallery\/#primaryimage\"},\"thumbnailUrl\":\"https:\/\/benheine.com\/wp-content\/uploads\/2020\/03\/Noir-Gallery-Shop-box.png\",\"datePublished\":\"2020-02-28T07:23:49+00:00\",\"dateModified\":\"2021-08-09T12:10:02+00:00\",\"breadcrumb\":{\"@id\":\"https:\/\/benheine.com\/art-shop\/noir-gallery\/#breadcrumb\"},\"inLanguage\":\"fr-FR\",\"potentialAction\":[{\"@type\":\"ReadAction\",\"target\":[\"https:\/\/benheine.com\/art-shop\/noir-gallery\/\"]}]},{\"@type\":\"ImageObject\",\"inLanguage\":\"fr-FR\",\"@id\":\"https:\/\/benheine.com\/art-shop\/noir-gallery\/#primaryimage\",\"url\":\"https:\/\/benheine.com\/wp-content\/uploads\/2020\/03\/Noir-Gallery-Shop-box.png\",\"contentUrl\":\"https:\/\/benheine.com\/wp-content\/uploads\/2020\/03\/Noir-Gallery-Shop-box.png\",\"width\":800,\"height\":791,\"caption\":\"Noir Gallery\"},{\"@type\":\"BreadcrumbList\",\"@id\":\"https:\/\/benheine.com\/art-shop\/noir-gallery\/#breadcrumb\",\"itemListElement\":[{\"@type\":\"ListItem\",\"position\":1,\"name\":\"Home\",\"item\":\"https:\/\/benheine.com\/fr\/\"},{\"@type\":\"ListItem\",\"position\":2,\"name\":\"Magasin\",\"item\":\"https:\/\/benheine.com\/fr\/magasin\/\"},{\"@type\":\"ListItem\",\"position\":3,\"name\":\"Noir Gallery\"}]},{\"@type\":\"WebSite\",\"@id\":\"https:\/\/benheine.com\/#website\",\"url\":\"https:\/\/benheine.com\/\",\"name\":\"BenHeine, votre dose quotidienne d&#039;actualit\u00e9s Art et Tech\",\"description\":\"Retrouvez ici des actualit\u00e9s Art et Tech mais aussi des articles informatifs et des conseils sur l&#039;art, l&#039;intelligence artificielle, la cr\u00e9ation de contenu, l&#039;e-marketing, la productivit\u00e9, l&#039;entreprenariat, la conception web, l&#039;\u00e9ducation, la musique, la peinture, la photographie, la vid\u00e9o, la finance et bien plus encore.\",\"potentialAction\":[{\"@type\":\"SearchAction\",\"target\":{\"@type\":\"EntryPoint\",\"urlTemplate\":\"https:\/\/benheine.com\/?s={search_term_string}\"},\"query-input\":{\"@type\":\"PropertyValueSpecification\",\"valueRequired\":true,\"valueName\":\"search_term_string\"}}],\"inLanguage\":\"fr-FR\"}]}<\/script>\n<!-- \/ Yoast SEO plugin. -->","yoast_head_json":{"title":"Noir Gallery - BenHeine, votre dose quotidienne d&#039;actualit\u00e9s Art et Tech","robots":{"index":"index","follow":"follow","max-snippet":"max-snippet:-1","max-image-preview":"max-image-preview:large","max-video-preview":"max-video-preview:-1"},"canonical":"https:\/\/benheine.com\/art-shop\/noir-gallery\/","og_locale":"fr_FR","og_type":"article","og_title":"Noir Gallery - BenHeine, votre dose quotidienne d&#039;actualit\u00e9s Art et Tech","og_description":"Noir Gallery","og_url":"https:\/\/benheine.com\/art-shop\/noir-gallery\/","og_site_name":"BenHeine, votre dose quotidienne d&#039;actualit\u00e9s Art et Tech","article_modified_time":"2021-08-09T12:10:02+00:00","og_image":[{"width":800,"height":791,"url":"https:\/\/benheine.com\/wp-content\/uploads\/2020\/03\/Noir-Gallery-Shop-box.png","type":"image\/png"}],"twitter_card":"summary_large_image","schema":{"@context":"https:\/\/schema.org","@graph":[{"@type":"WebPage","@id":"https:\/\/benheine.com\/art-shop\/noir-gallery\/","url":"https:\/\/benheine.com\/art-shop\/noir-gallery\/","name":"Noir Gallery - BenHeine, votre dose quotidienne d&#039;actualit\u00e9s Art et Tech","isPartOf":{"@id":"https:\/\/benheine.com\/#website"},"primaryImageOfPage":{"@id":"https:\/\/benheine.com\/art-shop\/noir-gallery\/#primaryimage"},"image":{"@id":"https:\/\/benheine.com\/art-shop\/noir-gallery\/#primaryimage"},"thumbnailUrl":"https:\/\/benheine.com\/wp-content\/uploads\/2020\/03\/Noir-Gallery-Shop-box.png","datePublished":"2020-02-28T07:23:49+00:00","dateModified":"2021-08-09T12:10:02+00:00","breadcrumb":{"@id":"https:\/\/benheine.com\/art-shop\/noir-gallery\/#breadcrumb"},"inLanguage":"fr-FR","potentialAction":[{"@type":"ReadAction","target":["https:\/\/benheine.com\/art-shop\/noir-gallery\/"]}]},{"@type":"ImageObject","inLanguage":"fr-FR","@id":"https:\/\/benheine.com\/art-shop\/noir-gallery\/#primaryimage","url":"https:\/\/benheine.com\/wp-content\/uploads\/2020\/03\/Noir-Gallery-Shop-box.png","contentUrl":"https:\/\/benheine.com\/wp-content\/uploads\/2020\/03\/Noir-Gallery-Shop-box.png","width":800,"height":791,"caption":"Noir Gallery"},{"@type":"BreadcrumbList","@id":"https:\/\/benheine.com\/art-shop\/noir-gallery\/#breadcrumb","itemListElement":[{"@type":"ListItem","position":1,"name":"Home","item":"https:\/\/benheine.com\/fr\/"},{"@type":"ListItem","position":2,"name":"Magasin","item":"https:\/\/benheine.com\/fr\/magasin\/"},{"@type":"ListItem","position":3,"name":"Noir Gallery"}]},{"@type":"WebSite","@id":"https:\/\/benheine.com\/#website","url":"https:\/\/benheine.com\/","name":"BenHeine, votre dose quotidienne d&#039;actualit\u00e9s Art et Tech","description":"Retrouvez ici des actualit\u00e9s Art et Tech mais aussi des articles informatifs et des conseils sur l&#039;art, l&#039;intelligence artificielle, la cr\u00e9ation de contenu, l&#039;e-marketing, la productivit\u00e9, l&#039;entreprenariat, la conception web, l&#039;\u00e9ducation, la musique, la peinture, la photographie, la vid\u00e9o, la finance et bien plus encore.","potentialAction":[{"@type":"SearchAction","target":{"@type":"EntryPoint","urlTemplate":"https:\/\/benheine.com\/?s={search_term_string}"},"query-input":{"@type":"PropertyValueSpecification","valueRequired":true,"valueName":"search_term_string"}}],"inLanguage":"fr-FR"}]}},"_links":{"self":[{"href":"https:\/\/benheine.com\/fr\/wp-json\/wp\/v2\/pages\/7574","targetHints":{"allow":["GET"]}}],"collection":[{"href":"https:\/\/benheine.com\/fr\/wp-json\/wp\/v2\/pages"}],"about":[{"href":"https:\/\/benheine.com\/fr\/wp-json\/wp\/v2\/types\/page"}],"author":[{"embeddable":true,"href":"https:\/\/benheine.com\/fr\/wp-json\/wp\/v2\/users\/1"}],"replies":[{"embeddable":true,"href":"https:\/\/benheine.com\/fr\/wp-json\/wp\/v2\/comments?post=7574"}],"version-history":[{"count":0,"href":"https:\/\/benheine.com\/fr\/wp-json\/wp\/v2\/pages\/7574\/revisions"}],"up":[{"embeddable":true,"href":"https:\/\/benheine.com\/fr\/wp-json\/wp\/v2\/pages\/5849"}],"wp:featuredmedia":[{"embeddable":true,"href":"https:\/\/benheine.com\/fr\/wp-json\/wp\/v2\/media\/7780"}],"wp:attachment":[{"href":"https:\/\/benheine.com\/fr\/wp-json\/wp\/v2\/media?parent=7574"}],"curies":[{"name":"wp","href":"https:\/\/api.w.org\/{rel}","templated":true}]}}