{"id":7578,"date":"2020-02-28T07:21:53","date_gmt":"2020-02-28T07:21:53","guid":{"rendered":"http:\/\/benheine.com\/magasin\/paint-by-numbers\/"},"modified":"2023-11-06T11:08:53","modified_gmt":"2023-11-06T11:08:53","slug":"peintures-a-chiffres","status":"publish","type":"page","link":"https:\/\/benheine.com\/fr\/magasin\/peintures-a-chiffres\/","title":{"rendered":"Peintures \u00e0 Chiffres"},"content":{"rendered":"\t\t<div data-elementor-type=\"wp-page\" data-elementor-id=\"7578\" class=\"elementor elementor-7578\">\n\t\t\t\t\t\t<section class=\"elementor-section elementor-top-section elementor-element elementor-element-ee3fb43 elementor-section-boxed elementor-section-height-default elementor-section-height-default\" data-id=\"ee3fb43\" data-element_type=\"section\">\n\t\t\t\t\t\t<div class=\"elementor-container elementor-column-gap-default\">\n\t\t\t\t\t<div class=\"elementor-column elementor-col-100 elementor-top-column elementor-element elementor-element-55c728a\" data-id=\"55c728a\" data-element_type=\"column\">\n\t\t\t<div class=\"elementor-widget-wrap elementor-element-populated\">\n\t\t\t\t\t\t<div class=\"elementor-element elementor-element-4f67b1e elementor-widget elementor-widget-heading\" data-id=\"4f67b1e\" data-element_type=\"widget\" data-widget_type=\"heading.default\">\n\t\t\t\t<div class=\"elementor-widget-container\">\n\t\t\t\t\t<h1 class=\"elementor-heading-title elementor-size-default\">PEINTURES \u00c0 CHIFFRES<\/h1>\t\t\t\t<\/div>\n\t\t\t\t<\/div>\n\t\t\t\t<div class=\"elementor-element elementor-element-60883ef elementor-widget elementor-widget-text-editor\" data-id=\"60883ef\" data-element_type=\"widget\" data-widget_type=\"text-editor.default\">\n\t\t\t\t<div class=\"elementor-widget-container\">\n\t\t\t\t\t\t\t\t\t<p>Peintures \u00e0 Chiffres \u2013 Ben Heine est un artiste visuel multidisciplinaire belge. Il est surtout connu pour son concept original \u00ab\u00a0Pencil Vs Camera\u00a0\u00bb m\u00ealant photographie et dessin et pour d\u2019autres s\u00e9ries cr\u00e9atives telles que \u00ab\u00a0Digital Circlism\u00a0\u00bb et \u00ab\u00a0Flesh and Acrylic\u00a0\u00bb. Il est n\u00e9 en 1983 en C\u00f4te d\u2019Ivoire et vit et travaille actuellement en Belgique. Ben est dipl\u00f4m\u00e9 en journalisme et est un autodidacte en dessin et photographie. Ses cr\u00e9ations ont \u00e9t\u00e9 largement expos\u00e9es et publi\u00e9es dans le monde entier. Ses mouvements artistiques pr\u00e9f\u00e9r\u00e9s sont le surr\u00e9alisme et le Pop Art. Il cr\u00e9e \u00e9galement de la musique.<\/p><p><a title=\"Regardez l'interview vid\u00e9o avec l'artiste Craft-Ease Ben Heine\" href=\"https:\/\/www.craft-ease.com\/blogs\/blog\/getting-personal-artist-ben-heine\" target=\"_ blank \" rel=\"noopener noreferrer\">Cliquez ici pour voir l\u2019interview vid\u00e9o avec Ben\u00a0<\/a>et voir certaines de ses grandes \u0153uvres \u00e0 travers le monde.<\/p>\t\t\t\t\t\t\t\t<\/div>\n\t\t\t\t<\/div>\n\t\t\t\t\t<\/div>\n\t\t<\/div>\n\t\t\t\t\t<\/div>\n\t\t<\/section>\n\t\t\t\t<section class=\"elementor-section elementor-top-section elementor-element elementor-element-eef541b elementor-section-boxed elementor-section-height-default elementor-section-height-default elementor-invisible\" data-id=\"eef541b\" data-element_type=\"section\" data-settings=\"{&quot;background_background&quot;:&quot;classic&quot;,&quot;animation&quot;:&quot;fadeInUp&quot;}\">\n\t\t\t\t\t\t<div class=\"elementor-container elementor-column-gap-custom\">\n\t\t\t\t\t<div class=\"elementor-column elementor-col-100 elementor-top-column elementor-element elementor-element-1d51a1d\" data-id=\"1d51a1d\" data-element_type=\"column\">\n\t\t\t<div class=\"elementor-widget-wrap elementor-element-populated\">\n\t\t\t\t\t\t<div class=\"elementor-element elementor-element-a3d7a48 elementor-widget elementor-widget-heading\" data-id=\"a3d7a48\" data-element_type=\"widget\" data-widget_type=\"heading.default\">\n\t\t\t\t<div class=\"elementor-widget-container\">\n\t\t\t\t\t<h3 class=\"elementor-heading-title elementor-size-default\">Peintures \u00e0 chiffres Craft-Ease<\/h3>\t\t\t\t<\/div>\n\t\t\t\t<\/div>\n\t\t\t\t<div class=\"elementor-element elementor-element-62f67db elementor-widget elementor-widget-heading\" data-id=\"62f67db\" data-element_type=\"widget\" data-widget_type=\"heading.default\">\n\t\t\t\t<div class=\"elementor-widget-container\">\n\t\t\t\t\t<span class=\"elementor-heading-title elementor-size-default\">Peignez des cr\u00e9ations de Ben Heine vous m\u00eames et d\u00e9corez votre maison ou faites un beau cadeau<\/span>\t\t\t\t<\/div>\n\t\t\t\t<\/div>\n\t\t\t\t<div class=\"elementor-element elementor-element-81307c8 elementor-widget elementor-widget-shortcode\" data-id=\"81307c8\" data-element_type=\"widget\" data-widget_type=\"shortcode.default\">\n\t\t\t\t<div class=\"elementor-widget-container\">\n\t\t\t\t\t\n    \t\t<div class=\"elementor-shortcode\"><div class='product-container'><div class=\"item col-xs-6 col-sm-6 col-md-4\"><div class=\"item-wrap\"><figure class=\"overlay overlay4\"><span class=\"bg\"><\/span><a href=\"https:\/\/www.craft-ease.com\/collections\/ben-heine\/products\/turn-your-face-to-the-sun-craft-ease-paint-by-numbers-ben-heine?ref=35\" target=\"_blank\"><\/a> <img fetchpriority=\"high\" decoding=\"async\" width=\"300\" height=\"300\" src=\"https:\/\/benheine.com\/wp-content\/uploads\/2020\/06\/12-Paint-by-Numbers-Ben-Heine-Art-Craft-Ease-Peinture-a-Chiffres-300x300.webp\" class=\"attachment-medium size-medium wp-post-image\" alt=\"\" srcset=\"https:\/\/benheine.com\/wp-content\/uploads\/2020\/06\/12-Paint-by-Numbers-Ben-Heine-Art-Craft-Ease-Peinture-a-Chiffres.webp 300w, https:\/\/benheine.com\/wp-content\/uploads\/2020\/06\/12-Paint-by-Numbers-Ben-Heine-Art-Craft-Ease-Peinture-a-Chiffres-150x150.webp 150w, https:\/\/benheine.com\/wp-content\/uploads\/2020\/06\/12-Paint-by-Numbers-Ben-Heine-Art-Craft-Ease-Peinture-a-Chiffres-60x60.webp 60w, https:\/\/benheine.com\/wp-content\/uploads\/2020\/06\/12-Paint-by-Numbers-Ben-Heine-Art-Craft-Ease-Peinture-a-Chiffres-100x100.webp 100w\" sizes=\"(max-width: 300px) 100vw, 300px\" \/><\/figure><div class=\"product-details\"><div class=\"product-name\"><h4 class=\"mb-5\">Turn Your Face To The Sun\u00a0\u00bb Craft-ease\u2122 Paint By Numbers &#8211; Exclusive Series (50 X 30 Cm)<\/h4><\/div><div class=\"product-price\"><span class=\"selling-price\">$26.76<span><span class=\"actual_price\">$44.88<span><\/div><div class=\"order-now-btn\"><a target=\"_blank\" href=\"https:\/\/www.craft-ease.com\/collections\/ben-heine\/products\/turn-your-face-to-the-sun-craft-ease-paint-by-numbers-ben-heine?ref=35\">Acheter<\/a><\/div><\/div><\/div><\/div><div class=\"item col-xs-6 col-sm-6 col-md-4\"><div class=\"item-wrap\"><figure class=\"overlay overlay4\"><span class=\"bg\"><\/span><a href=\"https:\/\/www.craft-ease.com\/collections\/ben-heine\/products\/love-craft-ease-paint-by-numbers-exclusive-ben-heine?ref=35\" target=\"_blank\"><\/a> <img decoding=\"async\" width=\"300\" height=\"300\" src=\"https:\/\/benheine.com\/wp-content\/uploads\/2020\/06\/11-Paint-by-Numbers-Ben-Heine-Art-Craft-Ease-Peinture-a-Chiffres-300x300-1-300x300.webp\" class=\"attachment-medium size-medium wp-post-image\" alt=\"11-Paint-by-Numbers-Ben-Heine-Art-Craft-Ease-Peinture-a-Chiffres-300x300\" srcset=\"https:\/\/benheine.com\/wp-content\/uploads\/2020\/06\/11-Paint-by-Numbers-Ben-Heine-Art-Craft-Ease-Peinture-a-Chiffres-300x300-1.webp 300w, https:\/\/benheine.com\/wp-content\/uploads\/2020\/06\/11-Paint-by-Numbers-Ben-Heine-Art-Craft-Ease-Peinture-a-Chiffres-300x300-1-150x150.webp 150w, https:\/\/benheine.com\/wp-content\/uploads\/2020\/06\/11-Paint-by-Numbers-Ben-Heine-Art-Craft-Ease-Peinture-a-Chiffres-300x300-1-60x60.webp 60w, https:\/\/benheine.com\/wp-content\/uploads\/2020\/06\/11-Paint-by-Numbers-Ben-Heine-Art-Craft-Ease-Peinture-a-Chiffres-300x300-1-100x100.webp 100w\" sizes=\"(max-width: 300px) 100vw, 300px\" \/><\/figure><div class=\"product-details\"><div class=\"product-name\"><h4 class=\"mb-5\">Love\u00a0\u00bb Craft-ease\u2122 Paint By Numbers &#8211; Exclusive Series (30 X 50 Cm)<\/h4><\/div><div class=\"product-price\"><span class=\"selling-price\">$26.67<span><span class=\"actual_price\">$44.73<span><\/div><div class=\"order-now-btn\"><a target=\"_blank\" href=\"https:\/\/www.craft-ease.com\/collections\/ben-heine\/products\/love-craft-ease-paint-by-numbers-exclusive-ben-heine?ref=35\">Acheter<\/a><\/div><\/div><\/div><\/div><div class=\"item col-xs-6 col-sm-6 col-md-4\"><div class=\"item-wrap\"><figure class=\"overlay overlay4\"><span class=\"bg\"><\/span><a href=\"https:\/\/www.craft-ease.com\/collections\/ben-heine\/products\/the-future-is-bright-craft-ease-paint-by-numbers-exclusive-ben-heine?ref=35\" target=\"_blank\"><\/a> <img decoding=\"async\" width=\"300\" height=\"300\" src=\"https:\/\/benheine.com\/wp-content\/uploads\/2020\/06\/10-Paint-by-Numbers-Ben-Heine-Art-Craft-Ease-Peinture-a-Chiffres-300x300.webp\" class=\"attachment-medium size-medium wp-post-image\" alt=\"\" srcset=\"https:\/\/benheine.com\/wp-content\/uploads\/2020\/06\/10-Paint-by-Numbers-Ben-Heine-Art-Craft-Ease-Peinture-a-Chiffres.webp 300w, https:\/\/benheine.com\/wp-content\/uploads\/2020\/06\/10-Paint-by-Numbers-Ben-Heine-Art-Craft-Ease-Peinture-a-Chiffres-150x150.webp 150w, https:\/\/benheine.com\/wp-content\/uploads\/2020\/06\/10-Paint-by-Numbers-Ben-Heine-Art-Craft-Ease-Peinture-a-Chiffres-60x60.webp 60w, https:\/\/benheine.com\/wp-content\/uploads\/2020\/06\/10-Paint-by-Numbers-Ben-Heine-Art-Craft-Ease-Peinture-a-Chiffres-100x100.webp 100w\" sizes=\"(max-width: 300px) 100vw, 300px\" \/><\/figure><div class=\"product-details\"><div class=\"product-name\"><h4 class=\"mb-5\">The Future Is Bright\u00a0\u00bb Craft-ease\u2122 Paint By Numbers &#8211; Exclusive Series (40 X 40 Cm)<\/h4><\/div><div class=\"product-price\"><span class=\"selling-price\">$26.67<span><span class=\"actual_price\">$53.68<span><\/div><div class=\"order-now-btn\"><a target=\"_blank\" href=\"https:\/\/www.craft-ease.com\/collections\/ben-heine\/products\/the-future-is-bright-craft-ease-paint-by-numbers-exclusive-ben-heine?ref=35\">Acheter<\/a><\/div><\/div><\/div><\/div><\/div><\/div>\n\t\t\t\t\t\t<\/div>\n\t\t\t\t<\/div>\n\t\t\t\t<div class=\"elementor-element elementor-element-78ace33 elementor-align-center elementor-widget elementor-widget-button\" data-id=\"78ace33\" data-element_type=\"widget\" data-widget_type=\"button.default\">\n\t\t\t\t<div class=\"elementor-widget-container\">\n\t\t\t\t\t\t\t\t\t<div class=\"elementor-button-wrapper\">\n\t\t\t\t\t<a class=\"elementor-button elementor-button-link elementor-size-sm\" href=\"https:\/\/www.craft-ease.com\/collections\/ben-heine?ref=35\">\n\t\t\t\t\t\t<span class=\"elementor-button-content-wrapper\">\n\t\t\t\t\t\t\t\t\t<span class=\"elementor-button-text\">Voir tous les produits<\/span>\n\t\t\t\t\t<\/span>\n\t\t\t\t\t<\/a>\n\t\t\t\t<\/div>\n\t\t\t\t\t\t\t\t<\/div>\n\t\t\t\t<\/div>\n\t\t\t\t\t<\/div>\n\t\t<\/div>\n\t\t\t\t\t<\/div>\n\t\t<\/section>\n\t\t\t\t<section class=\"elementor-section elementor-top-section elementor-element elementor-element-4f8d349 elementor-section-boxed elementor-section-height-default elementor-section-height-default\" data-id=\"4f8d349\" data-element_type=\"section\">\n\t\t\t\t\t\t<div class=\"elementor-container elementor-column-gap-default\">\n\t\t\t\t\t<div class=\"elementor-column elementor-col-100 elementor-top-column elementor-element elementor-element-4f53f10\" data-id=\"4f53f10\" data-element_type=\"column\">\n\t\t\t<div class=\"elementor-widget-wrap elementor-element-populated\">\n\t\t\t\t\t\t<div class=\"elementor-element elementor-element-253ae79 elementor-invisible elementor-widget elementor-widget-text-editor\" data-id=\"253ae79\" data-element_type=\"widget\" data-settings=\"{&quot;_animation&quot;:&quot;fadeInUp&quot;}\" data-widget_type=\"text-editor.default\">\n\t\t\t\t<div class=\"elementor-widget-container\">\n\t\t\t\t\t\t\t\t\t<div class=\"codegena_iframe\"><iframe style=\"border: 0px;\" src=\"https:\/\/www.craft-ease.com\/collections\/ben-heine\" width=\"1360\" height=\"800\"><\/iframe><\/div><p><style>.codegena_iframe{position:relative;padding-bottom:56.25%;height:800px;overflow: hidden;max-width:100%;}.codegena_iframe iframe{position:absolute;top:0;left:0;width:100%;height:100%;}<\/style><\/p>\t\t\t\t\t\t\t\t<\/div>\n\t\t\t\t<\/div>\n\t\t\t\t\t<\/div>\n\t\t<\/div>\n\t\t\t\t\t<\/div>\n\t\t<\/section>\n\t\t\t\t<\/div>\n\t\t<div class=\"clearfix\"><\/div>","protected":false},"excerpt":{"rendered":"<p>PEINTURES \u00c0 CHIFFRES Peintures \u00e0 Chiffres \u2013 Ben Heine est un artiste visuel multidisciplinaire belge. Il est surtout connu pour son concept&#8230;<\/p>\n","protected":false},"author":1,"featured_media":7742,"parent":5849,"menu_order":1,"comment_status":"closed","ping_status":"closed","template":"elementor_header_footer","meta":{"_acf_changed":false,"footnotes":""},"class_list":["post-7578","page","type-page","status-publish","has-post-thumbnail","hentry"],"acf":[],"yoast_head":"<!-- This site is optimized with the Yoast SEO plugin v26.6 - https:\/\/yoast.com\/wordpress\/plugins\/seo\/ -->\n<title>Peintures \u00e0 Chiffres - Contenus cr\u00e9atifs de Ben Heine: Art, photographie,<\/title>\n<meta name=\"description\" content=\"Peintures \u00e0 Chiffres - Ben Heine est un artiste visuel multidisciplinaire belge. Il est surtout connu pour son concept original &quot;Pencil Vs Camera&quot; m\u00ealant photographie et dessin et pour d&#039;autres s\u00e9ries cr\u00e9atives telles que &quot;Digital Circlism&quot; et &quot;Flesh and Acrylic&quot;. Il est n\u00e9 en 1983\" \/>\n<meta name=\"robots\" content=\"index, follow, max-snippet:-1, max-image-preview:large, max-video-preview:-1\" \/>\n<link rel=\"canonical\" href=\"https:\/\/benheine.com\/art-shop\/paint-by-numbers\/\" \/>\n<meta property=\"og:locale\" content=\"fr_FR\" \/>\n<meta property=\"og:type\" content=\"article\" \/>\n<meta property=\"og:title\" content=\"Peintures \u00e0 Chiffres - Contenus cr\u00e9atifs de Ben Heine: Art, photographie,\" \/>\n<meta property=\"og:description\" content=\"Peintures \u00e0 Chiffres - Ben Heine est un artiste visuel multidisciplinaire belge. Il est surtout connu pour son concept original &quot;Pencil Vs Camera&quot; m\u00ealant photographie et dessin et pour d&#039;autres s\u00e9ries cr\u00e9atives telles que &quot;Digital Circlism&quot; et &quot;Flesh and Acrylic&quot;. Il est n\u00e9 en 1983\" \/>\n<meta property=\"og:url\" content=\"https:\/\/benheine.com\/art-shop\/paint-by-numbers\/\" \/>\n<meta property=\"og:site_name\" content=\"BenHeine, votre dose quotidienne d&#039;actualit\u00e9s Art et Tech\" \/>\n<meta property=\"article:modified_time\" content=\"2023-11-06T11:08:53+00:00\" \/>\n<meta property=\"og:image\" content=\"https:\/\/benheine.com\/wp-content\/uploads\/2020\/03\/Paint-by-Numbers-craftease-Shop-box.png\" \/>\n\t<meta property=\"og:image:width\" content=\"996\" \/>\n\t<meta property=\"og:image:height\" content=\"926\" \/>\n\t<meta property=\"og:image:type\" content=\"image\/png\" \/>\n<meta name=\"twitter:card\" content=\"summary_large_image\" \/>\n<meta name=\"twitter:label1\" content=\"Dur\u00e9e de lecture estim\u00e9e\" \/>\n\t<meta name=\"twitter:data1\" content=\"2 minutes\" \/>\n<script type=\"application\/ld+json\" class=\"yoast-schema-graph\">{\"@context\":\"https:\/\/schema.org\",\"@graph\":[{\"@type\":\"WebPage\",\"@id\":\"https:\/\/benheine.com\/art-shop\/paint-by-numbers\/\",\"url\":\"https:\/\/benheine.com\/art-shop\/paint-by-numbers\/\",\"name\":\"Peintures \u00e0 Chiffres - Contenus cr\u00e9atifs de Ben Heine: Art, photographie,\",\"isPartOf\":{\"@id\":\"https:\/\/benheine.com\/#website\"},\"primaryImageOfPage\":{\"@id\":\"https:\/\/benheine.com\/art-shop\/paint-by-numbers\/#primaryimage\"},\"image\":{\"@id\":\"https:\/\/benheine.com\/art-shop\/paint-by-numbers\/#primaryimage\"},\"thumbnailUrl\":\"https:\/\/benheine.com\/wp-content\/uploads\/2020\/03\/Paint-by-Numbers-craftease-Shop-box.png\",\"datePublished\":\"2020-02-28T07:21:53+00:00\",\"dateModified\":\"2023-11-06T11:08:53+00:00\",\"description\":\"Peintures \u00e0 Chiffres - Ben Heine est un artiste visuel multidisciplinaire belge. Il est surtout connu pour son concept original \\\"Pencil Vs Camera\\\" m\u00ealant photographie et dessin et pour d'autres s\u00e9ries cr\u00e9atives telles que \\\"Digital Circlism\\\" et \\\"Flesh and Acrylic\\\". Il est n\u00e9 en 1983\",\"breadcrumb\":{\"@id\":\"https:\/\/benheine.com\/art-shop\/paint-by-numbers\/#breadcrumb\"},\"inLanguage\":\"fr-FR\",\"potentialAction\":[{\"@type\":\"ReadAction\",\"target\":[\"https:\/\/benheine.com\/art-shop\/paint-by-numbers\/\"]}]},{\"@type\":\"ImageObject\",\"inLanguage\":\"fr-FR\",\"@id\":\"https:\/\/benheine.com\/art-shop\/paint-by-numbers\/#primaryimage\",\"url\":\"https:\/\/benheine.com\/wp-content\/uploads\/2020\/03\/Paint-by-Numbers-craftease-Shop-box.png\",\"contentUrl\":\"https:\/\/benheine.com\/wp-content\/uploads\/2020\/03\/Paint-by-Numbers-craftease-Shop-box.png\",\"width\":996,\"height\":926,\"caption\":\"Paint By Numbers\"},{\"@type\":\"BreadcrumbList\",\"@id\":\"https:\/\/benheine.com\/art-shop\/paint-by-numbers\/#breadcrumb\",\"itemListElement\":[{\"@type\":\"ListItem\",\"position\":1,\"name\":\"Home\",\"item\":\"https:\/\/benheine.com\/fr\/\"},{\"@type\":\"ListItem\",\"position\":2,\"name\":\"Magasin\",\"item\":\"https:\/\/benheine.com\/fr\/magasin\/\"},{\"@type\":\"ListItem\",\"position\":3,\"name\":\"Peintures \u00e0 Chiffres\"}]},{\"@type\":\"WebSite\",\"@id\":\"https:\/\/benheine.com\/#website\",\"url\":\"https:\/\/benheine.com\/\",\"name\":\"BenHeine, votre dose quotidienne d&#039;actualit\u00e9s Art et Tech\",\"description\":\"Retrouvez ici des actualit\u00e9s Art et Tech mais aussi des articles informatifs et des conseils sur l&#039;art, l&#039;intelligence artificielle, la cr\u00e9ation de contenu, l&#039;e-marketing, la productivit\u00e9, l&#039;entreprenariat, la conception web, l&#039;\u00e9ducation, la musique, la peinture, la photographie, la vid\u00e9o, la finance et bien plus encore.\",\"potentialAction\":[{\"@type\":\"SearchAction\",\"target\":{\"@type\":\"EntryPoint\",\"urlTemplate\":\"https:\/\/benheine.com\/?s={search_term_string}\"},\"query-input\":{\"@type\":\"PropertyValueSpecification\",\"valueRequired\":true,\"valueName\":\"search_term_string\"}}],\"inLanguage\":\"fr-FR\"}]}<\/script>\n<!-- \/ Yoast SEO plugin. -->","yoast_head_json":{"title":"Peintures \u00e0 Chiffres - Contenus cr\u00e9atifs de Ben Heine: Art, photographie,","description":"Peintures \u00e0 Chiffres - Ben Heine est un artiste visuel multidisciplinaire belge. Il est surtout connu pour son concept original \"Pencil Vs Camera\" m\u00ealant photographie et dessin et pour d'autres s\u00e9ries cr\u00e9atives telles que \"Digital Circlism\" et \"Flesh and Acrylic\". Il est n\u00e9 en 1983","robots":{"index":"index","follow":"follow","max-snippet":"max-snippet:-1","max-image-preview":"max-image-preview:large","max-video-preview":"max-video-preview:-1"},"canonical":"https:\/\/benheine.com\/art-shop\/paint-by-numbers\/","og_locale":"fr_FR","og_type":"article","og_title":"Peintures \u00e0 Chiffres - Contenus cr\u00e9atifs de Ben Heine: Art, photographie,","og_description":"Peintures \u00e0 Chiffres - Ben Heine est un artiste visuel multidisciplinaire belge. Il est surtout connu pour son concept original \"Pencil Vs Camera\" m\u00ealant photographie et dessin et pour d'autres s\u00e9ries cr\u00e9atives telles que \"Digital Circlism\" et \"Flesh and Acrylic\". Il est n\u00e9 en 1983","og_url":"https:\/\/benheine.com\/art-shop\/paint-by-numbers\/","og_site_name":"BenHeine, votre dose quotidienne d&#039;actualit\u00e9s Art et Tech","article_modified_time":"2023-11-06T11:08:53+00:00","og_image":[{"width":996,"height":926,"url":"https:\/\/benheine.com\/wp-content\/uploads\/2020\/03\/Paint-by-Numbers-craftease-Shop-box.png","type":"image\/png"}],"twitter_card":"summary_large_image","twitter_misc":{"Dur\u00e9e de lecture estim\u00e9e":"2 minutes"},"schema":{"@context":"https:\/\/schema.org","@graph":[{"@type":"WebPage","@id":"https:\/\/benheine.com\/art-shop\/paint-by-numbers\/","url":"https:\/\/benheine.com\/art-shop\/paint-by-numbers\/","name":"Peintures \u00e0 Chiffres - Contenus cr\u00e9atifs de Ben Heine: Art, photographie,","isPartOf":{"@id":"https:\/\/benheine.com\/#website"},"primaryImageOfPage":{"@id":"https:\/\/benheine.com\/art-shop\/paint-by-numbers\/#primaryimage"},"image":{"@id":"https:\/\/benheine.com\/art-shop\/paint-by-numbers\/#primaryimage"},"thumbnailUrl":"https:\/\/benheine.com\/wp-content\/uploads\/2020\/03\/Paint-by-Numbers-craftease-Shop-box.png","datePublished":"2020-02-28T07:21:53+00:00","dateModified":"2023-11-06T11:08:53+00:00","description":"Peintures \u00e0 Chiffres - Ben Heine est un artiste visuel multidisciplinaire belge. Il est surtout connu pour son concept original \"Pencil Vs Camera\" m\u00ealant photographie et dessin et pour d'autres s\u00e9ries cr\u00e9atives telles que \"Digital Circlism\" et \"Flesh and Acrylic\". Il est n\u00e9 en 1983","breadcrumb":{"@id":"https:\/\/benheine.com\/art-shop\/paint-by-numbers\/#breadcrumb"},"inLanguage":"fr-FR","potentialAction":[{"@type":"ReadAction","target":["https:\/\/benheine.com\/art-shop\/paint-by-numbers\/"]}]},{"@type":"ImageObject","inLanguage":"fr-FR","@id":"https:\/\/benheine.com\/art-shop\/paint-by-numbers\/#primaryimage","url":"https:\/\/benheine.com\/wp-content\/uploads\/2020\/03\/Paint-by-Numbers-craftease-Shop-box.png","contentUrl":"https:\/\/benheine.com\/wp-content\/uploads\/2020\/03\/Paint-by-Numbers-craftease-Shop-box.png","width":996,"height":926,"caption":"Paint By Numbers"},{"@type":"BreadcrumbList","@id":"https:\/\/benheine.com\/art-shop\/paint-by-numbers\/#breadcrumb","itemListElement":[{"@type":"ListItem","position":1,"name":"Home","item":"https:\/\/benheine.com\/fr\/"},{"@type":"ListItem","position":2,"name":"Magasin","item":"https:\/\/benheine.com\/fr\/magasin\/"},{"@type":"ListItem","position":3,"name":"Peintures \u00e0 Chiffres"}]},{"@type":"WebSite","@id":"https:\/\/benheine.com\/#website","url":"https:\/\/benheine.com\/","name":"BenHeine, votre dose quotidienne d&#039;actualit\u00e9s Art et Tech","description":"Retrouvez ici des actualit\u00e9s Art et Tech mais aussi des articles informatifs et des conseils sur l&#039;art, l&#039;intelligence artificielle, la cr\u00e9ation de contenu, l&#039;e-marketing, la productivit\u00e9, l&#039;entreprenariat, la conception web, l&#039;\u00e9ducation, la musique, la peinture, la photographie, la vid\u00e9o, la finance et bien plus encore.","potentialAction":[{"@type":"SearchAction","target":{"@type":"EntryPoint","urlTemplate":"https:\/\/benheine.com\/?s={search_term_string}"},"query-input":{"@type":"PropertyValueSpecification","valueRequired":true,"valueName":"search_term_string"}}],"inLanguage":"fr-FR"}]}},"_links":{"self":[{"href":"https:\/\/benheine.com\/fr\/wp-json\/wp\/v2\/pages\/7578","targetHints":{"allow":["GET"]}}],"collection":[{"href":"https:\/\/benheine.com\/fr\/wp-json\/wp\/v2\/pages"}],"about":[{"href":"https:\/\/benheine.com\/fr\/wp-json\/wp\/v2\/types\/page"}],"author":[{"embeddable":true,"href":"https:\/\/benheine.com\/fr\/wp-json\/wp\/v2\/users\/1"}],"replies":[{"embeddable":true,"href":"https:\/\/benheine.com\/fr\/wp-json\/wp\/v2\/comments?post=7578"}],"version-history":[{"count":3,"href":"https:\/\/benheine.com\/fr\/wp-json\/wp\/v2\/pages\/7578\/revisions"}],"predecessor-version":[{"id":25083,"href":"https:\/\/benheine.com\/fr\/wp-json\/wp\/v2\/pages\/7578\/revisions\/25083"}],"up":[{"embeddable":true,"href":"https:\/\/benheine.com\/fr\/wp-json\/wp\/v2\/pages\/5849"}],"wp:featuredmedia":[{"embeddable":true,"href":"https:\/\/benheine.com\/fr\/wp-json\/wp\/v2\/media\/7742"}],"wp:attachment":[{"href":"https:\/\/benheine.com\/fr\/wp-json\/wp\/v2\/media?parent=7578"}],"curies":[{"name":"wp","href":"https:\/\/api.w.org\/{rel}","templated":true}]}}