{"id":8531,"date":"2020-08-06T11:08:27","date_gmt":"2020-08-06T11:08:27","guid":{"rendered":"http:\/\/benheine.com\/art-effects\/"},"modified":"2020-08-17T07:04:44","modified_gmt":"2020-08-17T07:04:44","slug":"effets-artistiques","status":"publish","type":"page","link":"https:\/\/benheine.com\/fr\/effets-artistiques\/","title":{"rendered":"Effets artistiques"},"content":{"rendered":"\t\t<div data-elementor-type=\"wp-page\" data-elementor-id=\"8531\" class=\"elementor elementor-8531\">\n\t\t\t\t\t\t<section class=\"elementor-section elementor-top-section elementor-element elementor-element-e4054cc elementor-section-boxed elementor-section-height-default elementor-section-height-default\" data-id=\"e4054cc\" data-element_type=\"section\">\n\t\t\t\t\t\t<div class=\"elementor-container elementor-column-gap-default\">\n\t\t\t\t\t<div class=\"elementor-column elementor-col-100 elementor-top-column elementor-element elementor-element-e6a0482\" data-id=\"e6a0482\" data-element_type=\"column\">\n\t\t\t<div class=\"elementor-widget-wrap elementor-element-populated\">\n\t\t\t\t\t\t<div class=\"elementor-element elementor-element-ac4c855 elementor-widget elementor-widget-heading\" data-id=\"ac4c855\" data-element_type=\"widget\" data-widget_type=\"heading.default\">\n\t\t\t\t<div class=\"elementor-widget-container\">\n\t\t\t\t\t<h1 class=\"elementor-heading-title elementor-size-default\">EFFETS ART<\/h1>\t\t\t\t<\/div>\n\t\t\t\t<\/div>\n\t\t\t\t<div class=\"elementor-element elementor-element-cf92370 elementor-widget elementor-widget-text-editor\" data-id=\"cf92370\" data-element_type=\"widget\" data-widget_type=\"text-editor.default\">\n\t\t\t\t<div class=\"elementor-widget-container\">\n\t\t\t\t\t\t\t\t\t<p>Transformez instantan\u00e9ment vos photos en superbes dessins, aquarelles ou peintures \u00e0 l&rsquo;huile! Ce programme est d\u00e9velopp\u00e9 par Ben Heine pour l&rsquo;\u00e9dition de photos, la cr\u00e9ation d&rsquo;images et la conception graphique. Il propose plusieurs actions, de nombreux pinceaux et motifs, actuellement 30% de r\u00e9duction! Il dispose d&rsquo;un grand nombre d&rsquo;outils pour \u00e9diter des photos de complexit\u00e9 diff\u00e9rente, cr\u00e9er des banni\u00e8res, des mises en page Web et des images pour divers domaines d&rsquo;activit\u00e9. La principale particularit\u00e9 de ce programme est la possibilit\u00e9 de travailler avec des calques, ce qui vous permet de manipuler des photos, de dessiner et d&rsquo;\u00e9diter diff\u00e9rents \u00e9l\u00e9ments. Photoshop est utilis\u00e9 par les photographes, les artistes num\u00e9riques, les graphistes, les artistes de jeux vid\u00e9o, les concepteurs de publicit\u00e9 et de meme.<\/p>\t\t\t\t\t\t\t\t<\/div>\n\t\t\t\t<\/div>\n\t\t\t\t<div class=\"elementor-element elementor-element-3f4a991 elementor-widget elementor-widget-shortcode\" data-id=\"3f4a991\" data-element_type=\"widget\" data-widget_type=\"shortcode.default\">\n\t\t\t\t<div class=\"elementor-widget-container\">\n\t\t\t\t\t\n    \n        <script src=\"\/wp-content\/themes\/creatink-child\/js\/infinitescroll.js\" type=\"text\/javascript\"><\/script>\n\n        <script>\n\n        jQuery(document).ready(function () {\n\n            var $container = jQuery('.product-container');\n\n                $container.imagesLoaded(function () {\n\n                $container.masonry({\n\n                    columnWidth: '.product-container .item',\n\n                    itemSelector: '.product-container .item',\n\n                    isFitWidth: false,\n\n                });\n\n            });\n\n            $container.infinitescroll({\n\n                navSelector: '.pagination', \/\/ selector for the paged navigation \n\n                nextSelector: '.next.page-numbers', \/\/ selector for the NEXT link (to page 2)\n\n                itemSelector: '.product-container .item', \/\/ selector for all items you'll retrieve\n\n                behavior: 'local',\n\n                container: '.product-container',\n\n                loading: { finishedMsg: 'No more product available.',img: 'http:\/\/benheine.com\/wp-content\/uploads\/2018\/05\/ezgif.com-optimize.gif', },\n\n            },\n\n            function (newElements) {\n\n                var $newElems = jQuery(newElements).css({ opacity: 0 });\n\n                $newElems.imagesLoaded( function() {\n\n                    $newElems.animate({ opacity: 1 });\n\n                    $container.masonry('appended', $newElems);\n\n                });\n\n            });\n\n        });\n\n<\/script>\n\n\t\t<div class=\"elementor-shortcode\"><div class='product-container'><div class=\"item col-xs-6 col-sm-6 col-md-4\"><div class=\"item-wrap\"><figure class=\"overlay overlay4\"><span class=\"bg\"><\/span><a href=\"https:\/\/fixthephoto.com\/benheine\/sketch-psa#discount-code-30-percent\" target=\"_blank\"><\/a> <img fetchpriority=\"high\" decoding=\"async\" width=\"300\" height=\"300\" src=\"https:\/\/benheine.com\/wp-content\/uploads\/2020\/08\/Drawing-Sketch-Photoshop-actions-and-brushes-effects-plugins-ben-heine-fix-the-photo-300x300.jpg\" class=\"attachment-medium size-medium wp-post-image\" alt=\"Drawing - Sketch - Photoshop actions and brushes - effects plugins - ben heine - fix the photo\" srcset=\"https:\/\/benheine.com\/wp-content\/uploads\/2020\/08\/Drawing-Sketch-Photoshop-actions-and-brushes-effects-plugins-ben-heine-fix-the-photo-300x300.jpg 300w, https:\/\/benheine.com\/wp-content\/uploads\/2020\/08\/Drawing-Sketch-Photoshop-actions-and-brushes-effects-plugins-ben-heine-fix-the-photo-150x150.jpg 150w, https:\/\/benheine.com\/wp-content\/uploads\/2020\/08\/Drawing-Sketch-Photoshop-actions-and-brushes-effects-plugins-ben-heine-fix-the-photo-768x768.jpg 768w, https:\/\/benheine.com\/wp-content\/uploads\/2020\/08\/Drawing-Sketch-Photoshop-actions-and-brushes-effects-plugins-ben-heine-fix-the-photo-60x60.jpg 60w, https:\/\/benheine.com\/wp-content\/uploads\/2020\/08\/Drawing-Sketch-Photoshop-actions-and-brushes-effects-plugins-ben-heine-fix-the-photo.jpg 798w\" sizes=\"(max-width: 300px) 100vw, 300px\" \/><\/figure><div class=\"product-details\"><div class=\"product-name\"><h4 class=\"mb-5\">Professional Sketch<\/h4><\/div><div class=\"product-price\"><span class=\"actual_price\">$38<span><\/div><div class=\"order-now-btn\"><a target=\"_blank\" href=\"https:\/\/fixthephoto.com\/benheine\/sketch-psa#discount-code-30-percent\">Acheter<\/a><\/div><\/div><\/div><\/div><div class=\"item col-xs-6 col-sm-6 col-md-4\"><div class=\"item-wrap\"><figure class=\"overlay overlay4\"><span class=\"bg\"><\/span><a href=\"https:\/\/fixthephoto.com\/benheine\/watercolor-painter-psa#discount-code-30-percent\" target=\"_blank\"><\/a> <img decoding=\"async\" width=\"300\" height=\"300\" src=\"https:\/\/benheine.com\/wp-content\/uploads\/2020\/08\/Watercolor-photoshop-actions-and-brushes-effects-plugins-ben-heine-fix-the-photo-300x300.jpg\" class=\"attachment-medium size-medium wp-post-image\" alt=\"Watercolor photoshop actions and brushes - effects plugins - ben heine - fix the photo\" srcset=\"https:\/\/benheine.com\/wp-content\/uploads\/2020\/08\/Watercolor-photoshop-actions-and-brushes-effects-plugins-ben-heine-fix-the-photo-300x300.jpg 300w, https:\/\/benheine.com\/wp-content\/uploads\/2020\/08\/Watercolor-photoshop-actions-and-brushes-effects-plugins-ben-heine-fix-the-photo-150x150.jpg 150w, https:\/\/benheine.com\/wp-content\/uploads\/2020\/08\/Watercolor-photoshop-actions-and-brushes-effects-plugins-ben-heine-fix-the-photo-768x768.jpg 768w, https:\/\/benheine.com\/wp-content\/uploads\/2020\/08\/Watercolor-photoshop-actions-and-brushes-effects-plugins-ben-heine-fix-the-photo-60x60.jpg 60w, https:\/\/benheine.com\/wp-content\/uploads\/2020\/08\/Watercolor-photoshop-actions-and-brushes-effects-plugins-ben-heine-fix-the-photo.jpg 823w\" sizes=\"(max-width: 300px) 100vw, 300px\" \/><\/figure><div class=\"product-details\"><div class=\"product-name\"><h4 class=\"mb-5\">Watercolor Painter<\/h4><\/div><div class=\"product-price\"><span class=\"actual_price\">$35<span><\/div><div class=\"order-now-btn\"><a target=\"_blank\" href=\"https:\/\/fixthephoto.com\/benheine\/watercolor-painter-psa#discount-code-30-percent\">Acheter<\/a><\/div><\/div><\/div><\/div><div class=\"item col-xs-6 col-sm-6 col-md-4\"><div class=\"item-wrap\"><figure class=\"overlay overlay4\"><span class=\"bg\"><\/span><a href=\"https:\/\/fixthephoto.com\/benheine\/oil-painting-psa#discount-code-30-percent\" target=\"_blank\"><\/a> <img decoding=\"async\" width=\"300\" height=\"300\" src=\"https:\/\/benheine.com\/wp-content\/uploads\/2020\/08\/Oil-Painting-Sketch-Photoshop-actions-and-brushes-effects-plugins-ben-heine-fix-the-photo-1-300x300.jpg\" class=\"attachment-medium size-medium wp-post-image\" alt=\"Oil Painting - Sketch - Photoshop actions and brushes - effects plugins - ben heine - fix the photo\" srcset=\"https:\/\/benheine.com\/wp-content\/uploads\/2020\/08\/Oil-Painting-Sketch-Photoshop-actions-and-brushes-effects-plugins-ben-heine-fix-the-photo-1-300x300.jpg 300w, https:\/\/benheine.com\/wp-content\/uploads\/2020\/08\/Oil-Painting-Sketch-Photoshop-actions-and-brushes-effects-plugins-ben-heine-fix-the-photo-1-150x150.jpg 150w, https:\/\/benheine.com\/wp-content\/uploads\/2020\/08\/Oil-Painting-Sketch-Photoshop-actions-and-brushes-effects-plugins-ben-heine-fix-the-photo-1-768x768.jpg 768w, https:\/\/benheine.com\/wp-content\/uploads\/2020\/08\/Oil-Painting-Sketch-Photoshop-actions-and-brushes-effects-plugins-ben-heine-fix-the-photo-1-60x60.jpg 60w, https:\/\/benheine.com\/wp-content\/uploads\/2020\/08\/Oil-Painting-Sketch-Photoshop-actions-and-brushes-effects-plugins-ben-heine-fix-the-photo-1.jpg 864w\" sizes=\"(max-width: 300px) 100vw, 300px\" \/><\/figure><div class=\"product-details\"><div class=\"product-name\"><h4 class=\"mb-5\">Oil Painting<\/h4><\/div><div class=\"product-price\"><span class=\"actual_price\">$45<span><\/div><div class=\"order-now-btn\"><a target=\"_blank\" href=\"https:\/\/fixthephoto.com\/benheine\/oil-painting-psa#discount-code-30-percent\">Acheter<\/a><\/div><\/div><\/div><\/div><\/div><\/div>\n\t\t\t\t\t\t<\/div>\n\t\t\t\t<\/div>\n\t\t\t\t\t<\/div>\n\t\t<\/div>\n\t\t\t\t\t<\/div>\n\t\t<\/section>\n\t\t\t\t<\/div>\n\t\t<div class=\"clearfix\"><\/div>","protected":false},"excerpt":{"rendered":"<p>EFFETS ART Transformez instantan\u00e9ment vos photos en superbes dessins, aquarelles ou peintures \u00e0 l&rsquo;huile! Ce programme est d\u00e9velopp\u00e9 par Ben Heine pour&#8230;<\/p>\n","protected":false},"author":1,"featured_media":0,"parent":0,"menu_order":0,"comment_status":"closed","ping_status":"closed","template":"elementor_header_footer","meta":{"_acf_changed":false,"footnotes":""},"class_list":["post-8531","page","type-page","status-publish","hentry"],"acf":[],"yoast_head":"<!-- This site is optimized with the Yoast SEO plugin v26.6 - https:\/\/yoast.com\/wordpress\/plugins\/seo\/ -->\n<title>Transformez instantan\u00e9ment vos photos en superbes dessins, aquarelles ou peintures \u00e0 l&#039;huile<\/title>\n<meta name=\"description\" content=\"Transformez instantan\u00e9ment vos photos en superbes dessins, aquarelles ou peintures \u00e0 l&#039;huile! La principale particularit\u00e9 de ce programme est la possibilit\u00e9 de travailler avec des calques, ce qui vous permet de manipuler des photos, de dessiner et d&#039;\u00e9diter diff\u00e9rents \u00e9l\u00e9ments.\" \/>\n<meta name=\"robots\" content=\"index, follow, max-snippet:-1, max-image-preview:large, max-video-preview:-1\" \/>\n<link rel=\"canonical\" href=\"https:\/\/benheine.com\/fr\/effets-artistiques\/\" \/>\n<meta property=\"og:locale\" content=\"fr_FR\" \/>\n<meta property=\"og:type\" content=\"article\" \/>\n<meta property=\"og:title\" content=\"Transformez instantan\u00e9ment vos photos en superbes dessins, aquarelles ou peintures \u00e0 l&#039;huile\" \/>\n<meta property=\"og:description\" content=\"Transformez instantan\u00e9ment vos photos en superbes dessins, aquarelles ou peintures \u00e0 l&#039;huile! La principale particularit\u00e9 de ce programme est la possibilit\u00e9 de travailler avec des calques, ce qui vous permet de manipuler des photos, de dessiner et d&#039;\u00e9diter diff\u00e9rents \u00e9l\u00e9ments.\" \/>\n<meta property=\"og:url\" content=\"https:\/\/benheine.com\/fr\/effets-artistiques\/\" \/>\n<meta property=\"og:site_name\" content=\"BenHeine, votre dose quotidienne d&#039;actualit\u00e9s Art et Tech\" \/>\n<meta property=\"article:modified_time\" content=\"2020-08-17T07:04:44+00:00\" \/>\n<meta name=\"twitter:card\" content=\"summary_large_image\" \/>\n<meta name=\"twitter:label1\" content=\"Dur\u00e9e de lecture estim\u00e9e\" \/>\n\t<meta name=\"twitter:data1\" content=\"1 minute\" \/>\n<script type=\"application\/ld+json\" class=\"yoast-schema-graph\">{\"@context\":\"https:\/\/schema.org\",\"@graph\":[{\"@type\":\"WebPage\",\"@id\":\"https:\/\/benheine.com\/fr\/effets-artistiques\/\",\"url\":\"https:\/\/benheine.com\/fr\/effets-artistiques\/\",\"name\":\"Transformez instantan\u00e9ment vos photos en superbes dessins, aquarelles ou peintures \u00e0 l'huile\",\"isPartOf\":{\"@id\":\"https:\/\/benheine.com\/#website\"},\"datePublished\":\"2020-08-06T11:08:27+00:00\",\"dateModified\":\"2020-08-17T07:04:44+00:00\",\"description\":\"Transformez instantan\u00e9ment vos photos en superbes dessins, aquarelles ou peintures \u00e0 l'huile! La principale particularit\u00e9 de ce programme est la possibilit\u00e9 de travailler avec des calques, ce qui vous permet de manipuler des photos, de dessiner et d'\u00e9diter diff\u00e9rents \u00e9l\u00e9ments.\",\"breadcrumb\":{\"@id\":\"https:\/\/benheine.com\/fr\/effets-artistiques\/#breadcrumb\"},\"inLanguage\":\"fr-FR\",\"potentialAction\":[{\"@type\":\"ReadAction\",\"target\":[\"https:\/\/benheine.com\/fr\/effets-artistiques\/\"]}]},{\"@type\":\"BreadcrumbList\",\"@id\":\"https:\/\/benheine.com\/fr\/effets-artistiques\/#breadcrumb\",\"itemListElement\":[{\"@type\":\"ListItem\",\"position\":1,\"name\":\"Home\",\"item\":\"https:\/\/benheine.com\/fr\/\"},{\"@type\":\"ListItem\",\"position\":2,\"name\":\"Effets artistiques\"}]},{\"@type\":\"WebSite\",\"@id\":\"https:\/\/benheine.com\/#website\",\"url\":\"https:\/\/benheine.com\/\",\"name\":\"BenHeine, votre dose quotidienne d&#039;actualit\u00e9s Art et Tech\",\"description\":\"Retrouvez ici des actualit\u00e9s Art et Tech mais aussi des articles informatifs et des conseils sur l&#039;art, l&#039;intelligence artificielle, la cr\u00e9ation de contenu, l&#039;e-marketing, la productivit\u00e9, l&#039;entreprenariat, la conception web, l&#039;\u00e9ducation, la musique, la peinture, la photographie, la vid\u00e9o, la finance et bien plus encore.\",\"potentialAction\":[{\"@type\":\"SearchAction\",\"target\":{\"@type\":\"EntryPoint\",\"urlTemplate\":\"https:\/\/benheine.com\/?s={search_term_string}\"},\"query-input\":{\"@type\":\"PropertyValueSpecification\",\"valueRequired\":true,\"valueName\":\"search_term_string\"}}],\"inLanguage\":\"fr-FR\"}]}<\/script>\n<!-- \/ Yoast SEO plugin. -->","yoast_head_json":{"title":"Transformez instantan\u00e9ment vos photos en superbes dessins, aquarelles ou peintures \u00e0 l'huile","description":"Transformez instantan\u00e9ment vos photos en superbes dessins, aquarelles ou peintures \u00e0 l'huile! La principale particularit\u00e9 de ce programme est la possibilit\u00e9 de travailler avec des calques, ce qui vous permet de manipuler des photos, de dessiner et d'\u00e9diter diff\u00e9rents \u00e9l\u00e9ments.","robots":{"index":"index","follow":"follow","max-snippet":"max-snippet:-1","max-image-preview":"max-image-preview:large","max-video-preview":"max-video-preview:-1"},"canonical":"https:\/\/benheine.com\/fr\/effets-artistiques\/","og_locale":"fr_FR","og_type":"article","og_title":"Transformez instantan\u00e9ment vos photos en superbes dessins, aquarelles ou peintures \u00e0 l'huile","og_description":"Transformez instantan\u00e9ment vos photos en superbes dessins, aquarelles ou peintures \u00e0 l'huile! La principale particularit\u00e9 de ce programme est la possibilit\u00e9 de travailler avec des calques, ce qui vous permet de manipuler des photos, de dessiner et d'\u00e9diter diff\u00e9rents \u00e9l\u00e9ments.","og_url":"https:\/\/benheine.com\/fr\/effets-artistiques\/","og_site_name":"BenHeine, votre dose quotidienne d&#039;actualit\u00e9s Art et Tech","article_modified_time":"2020-08-17T07:04:44+00:00","twitter_card":"summary_large_image","twitter_misc":{"Dur\u00e9e de lecture estim\u00e9e":"1 minute"},"schema":{"@context":"https:\/\/schema.org","@graph":[{"@type":"WebPage","@id":"https:\/\/benheine.com\/fr\/effets-artistiques\/","url":"https:\/\/benheine.com\/fr\/effets-artistiques\/","name":"Transformez instantan\u00e9ment vos photos en superbes dessins, aquarelles ou peintures \u00e0 l'huile","isPartOf":{"@id":"https:\/\/benheine.com\/#website"},"datePublished":"2020-08-06T11:08:27+00:00","dateModified":"2020-08-17T07:04:44+00:00","description":"Transformez instantan\u00e9ment vos photos en superbes dessins, aquarelles ou peintures \u00e0 l'huile! La principale particularit\u00e9 de ce programme est la possibilit\u00e9 de travailler avec des calques, ce qui vous permet de manipuler des photos, de dessiner et d'\u00e9diter diff\u00e9rents \u00e9l\u00e9ments.","breadcrumb":{"@id":"https:\/\/benheine.com\/fr\/effets-artistiques\/#breadcrumb"},"inLanguage":"fr-FR","potentialAction":[{"@type":"ReadAction","target":["https:\/\/benheine.com\/fr\/effets-artistiques\/"]}]},{"@type":"BreadcrumbList","@id":"https:\/\/benheine.com\/fr\/effets-artistiques\/#breadcrumb","itemListElement":[{"@type":"ListItem","position":1,"name":"Home","item":"https:\/\/benheine.com\/fr\/"},{"@type":"ListItem","position":2,"name":"Effets artistiques"}]},{"@type":"WebSite","@id":"https:\/\/benheine.com\/#website","url":"https:\/\/benheine.com\/","name":"BenHeine, votre dose quotidienne d&#039;actualit\u00e9s Art et Tech","description":"Retrouvez ici des actualit\u00e9s Art et Tech mais aussi des articles informatifs et des conseils sur l&#039;art, l&#039;intelligence artificielle, la cr\u00e9ation de contenu, l&#039;e-marketing, la productivit\u00e9, l&#039;entreprenariat, la conception web, l&#039;\u00e9ducation, la musique, la peinture, la photographie, la vid\u00e9o, la finance et bien plus encore.","potentialAction":[{"@type":"SearchAction","target":{"@type":"EntryPoint","urlTemplate":"https:\/\/benheine.com\/?s={search_term_string}"},"query-input":{"@type":"PropertyValueSpecification","valueRequired":true,"valueName":"search_term_string"}}],"inLanguage":"fr-FR"}]}},"_links":{"self":[{"href":"https:\/\/benheine.com\/fr\/wp-json\/wp\/v2\/pages\/8531","targetHints":{"allow":["GET"]}}],"collection":[{"href":"https:\/\/benheine.com\/fr\/wp-json\/wp\/v2\/pages"}],"about":[{"href":"https:\/\/benheine.com\/fr\/wp-json\/wp\/v2\/types\/page"}],"author":[{"embeddable":true,"href":"https:\/\/benheine.com\/fr\/wp-json\/wp\/v2\/users\/1"}],"replies":[{"embeddable":true,"href":"https:\/\/benheine.com\/fr\/wp-json\/wp\/v2\/comments?post=8531"}],"version-history":[{"count":0,"href":"https:\/\/benheine.com\/fr\/wp-json\/wp\/v2\/pages\/8531\/revisions"}],"wp:attachment":[{"href":"https:\/\/benheine.com\/fr\/wp-json\/wp\/v2\/media?parent=8531"}],"curies":[{"name":"wp","href":"https:\/\/api.w.org\/{rel}","templated":true}]}}