{"id":13174,"date":"2021-07-19T07:10:30","date_gmt":"2021-07-19T07:10:30","guid":{"rendered":"http:\/\/benheine.com\/?post_type=product&#038;p=13174"},"modified":"2024-03-20T04:21:08","modified_gmt":"2024-03-20T04:21:08","slug":"marilyn-3d-framed","status":"publish","type":"product","link":"https:\/\/benheine.com\/fr\/product\/marilyn-3d-framed\/","title":{"rendered":"Marilyn 3D &#8211; Limited"},"content":{"rendered":"<p><strong>33 prints only!<\/strong><br \/>\nCreated and signed by Ben Heine<br \/>\n50x60cm<br \/>\n3cm thick<br \/>\nMetal frame, ready to hang<br \/>\nDigital Circlism Series<\/p>\n<div class=\"clearfix\"><\/div>","protected":false},"excerpt":{"rendered":"<p>33 prints only! Created and signed by Ben Heine 50x60cm 3cm thick Metal frame, ready to hang Digital Circlism Series<\/p>\n","protected":false},"author":1,"featured_media":13545,"comment_status":"closed","ping_status":"closed","template":"","meta":{"_acf_changed":false},"product_brand":[],"product_cat":[161],"product_tag":[],"class_list":{"0":"post-13174","1":"product","2":"type-product","3":"status-publish","4":"has-post-thumbnail","6":"product_cat-print-with-3d-effects","8":"first","9":"instock","10":"shipping-taxable","11":"purchasable","12":"product-type-simple"},"acf":[],"yoast_head":"<!-- This site is optimized with the Yoast SEO plugin v26.6 - https:\/\/yoast.com\/wordpress\/plugins\/seo\/ -->\n<title>Marilyn 3D - Framed<\/title>\n<meta name=\"description\" content=\"This is the &quot;Marilyn 3D - Framed&quot; product by artist Ben Heine. 33 prints only! Created and signed by Ben Heine. 50x60cm, 3cm thick. Metal frame, ready to hang. Digital Circlism Series\" \/>\n<meta name=\"robots\" content=\"index, follow, max-snippet:-1, max-image-preview:large, max-video-preview:-1\" \/>\n<link rel=\"canonical\" href=\"https:\/\/benheine.com\/product\/marilyn-3d-framed\/\" \/>\n<meta property=\"og:locale\" content=\"fr_FR\" \/>\n<meta property=\"og:type\" content=\"article\" \/>\n<meta property=\"og:title\" content=\"Marilyn 3D - Framed\" \/>\n<meta property=\"og:description\" content=\"This is the &quot;Marilyn 3D - Framed&quot; product by artist Ben Heine. 33 prints only! Created and signed by Ben Heine. 50x60cm, 3cm thick. Metal frame, ready to hang. Digital Circlism Series\" \/>\n<meta property=\"og:url\" content=\"https:\/\/benheine.com\/product\/marilyn-3d-framed\/\" \/>\n<meta property=\"og:site_name\" content=\"BenHeine, votre dose quotidienne d&#039;actualit\u00e9s Art et Tech\" \/>\n<meta property=\"article:modified_time\" content=\"2024-03-20T04:21:08+00:00\" \/>\n<meta property=\"og:image\" content=\"https:\/\/benheine.com\/wp-content\/uploads\/2021\/08\/New-3D-Marilyn-Monroe.gif\" \/>\n\t<meta property=\"og:image:width\" content=\"492\" \/>\n\t<meta property=\"og:image:height\" content=\"591\" \/>\n\t<meta property=\"og:image:type\" content=\"image\/gif\" \/>\n<meta name=\"twitter:card\" content=\"summary_large_image\" \/>\n<meta name=\"twitter:label1\" content=\"Dur\u00e9e de lecture estim\u00e9e\" \/>\n\t<meta name=\"twitter:data1\" content=\"1 minute\" \/>\n<script type=\"application\/ld+json\" class=\"yoast-schema-graph\">{\"@context\":\"https:\/\/schema.org\",\"@graph\":[{\"@type\":\"WebPage\",\"@id\":\"https:\/\/benheine.com\/product\/marilyn-3d-framed\/\",\"url\":\"https:\/\/benheine.com\/product\/marilyn-3d-framed\/\",\"name\":\"Marilyn 3D - Framed\",\"isPartOf\":{\"@id\":\"https:\/\/benheine.com\/#website\"},\"primaryImageOfPage\":{\"@id\":\"https:\/\/benheine.com\/product\/marilyn-3d-framed\/#primaryimage\"},\"image\":{\"@id\":\"https:\/\/benheine.com\/product\/marilyn-3d-framed\/#primaryimage\"},\"thumbnailUrl\":\"https:\/\/benheine.com\/wp-content\/uploads\/2021\/08\/New-3D-Marilyn-Monroe.gif\",\"datePublished\":\"2021-07-19T07:10:30+00:00\",\"dateModified\":\"2024-03-20T04:21:08+00:00\",\"description\":\"This is the \\\"Marilyn 3D - Framed\\\" product by artist Ben Heine. 33 prints only! Created and signed by Ben Heine. 50x60cm, 3cm thick. Metal frame, ready to hang. Digital Circlism Series\",\"breadcrumb\":{\"@id\":\"https:\/\/benheine.com\/product\/marilyn-3d-framed\/#breadcrumb\"},\"inLanguage\":\"fr-FR\",\"potentialAction\":[{\"@type\":\"ReadAction\",\"target\":[\"https:\/\/benheine.com\/product\/marilyn-3d-framed\/\"]}]},{\"@type\":\"ImageObject\",\"inLanguage\":\"fr-FR\",\"@id\":\"https:\/\/benheine.com\/product\/marilyn-3d-framed\/#primaryimage\",\"url\":\"https:\/\/benheine.com\/wp-content\/uploads\/2021\/08\/New-3D-Marilyn-Monroe.gif\",\"contentUrl\":\"https:\/\/benheine.com\/wp-content\/uploads\/2021\/08\/New-3D-Marilyn-Monroe.gif\",\"width\":492,\"height\":591,\"caption\":\"Buy Print with 3D effect - Marilyn Monroe\"},{\"@type\":\"BreadcrumbList\",\"@id\":\"https:\/\/benheine.com\/product\/marilyn-3d-framed\/#breadcrumb\",\"itemListElement\":[{\"@type\":\"ListItem\",\"position\":1,\"name\":\"Home\",\"item\":\"https:\/\/benheine.com\/fr\/\"},{\"@type\":\"ListItem\",\"position\":2,\"name\":\"Shop\",\"item\":\"https:\/\/benheine.com\/shop\/\"},{\"@type\":\"ListItem\",\"position\":3,\"name\":\"Marilyn 3D &#8211; Limited\"}]},{\"@type\":\"WebSite\",\"@id\":\"https:\/\/benheine.com\/#website\",\"url\":\"https:\/\/benheine.com\/\",\"name\":\"BenHeine, votre dose quotidienne d&#039;actualit\u00e9s Art et Tech\",\"description\":\"Retrouvez ici des actualit\u00e9s Art et Tech mais aussi des articles informatifs et des conseils sur l&#039;art, l&#039;intelligence artificielle, la cr\u00e9ation de contenu, l&#039;e-marketing, la productivit\u00e9, l&#039;entreprenariat, la conception web, l&#039;\u00e9ducation, la musique, la peinture, la photographie, la vid\u00e9o, la finance et bien plus encore.\",\"potentialAction\":[{\"@type\":\"SearchAction\",\"target\":{\"@type\":\"EntryPoint\",\"urlTemplate\":\"https:\/\/benheine.com\/?s={search_term_string}\"},\"query-input\":{\"@type\":\"PropertyValueSpecification\",\"valueRequired\":true,\"valueName\":\"search_term_string\"}}],\"inLanguage\":\"fr-FR\"}]}<\/script>\n<!-- \/ Yoast SEO plugin. -->","yoast_head_json":{"title":"Marilyn 3D - Framed","description":"This is the \"Marilyn 3D - Framed\" product by artist Ben Heine. 33 prints only! Created and signed by Ben Heine. 50x60cm, 3cm thick. Metal frame, ready to hang. Digital Circlism Series","robots":{"index":"index","follow":"follow","max-snippet":"max-snippet:-1","max-image-preview":"max-image-preview:large","max-video-preview":"max-video-preview:-1"},"canonical":"https:\/\/benheine.com\/product\/marilyn-3d-framed\/","og_locale":"fr_FR","og_type":"article","og_title":"Marilyn 3D - Framed","og_description":"This is the \"Marilyn 3D - Framed\" product by artist Ben Heine. 33 prints only! Created and signed by Ben Heine. 50x60cm, 3cm thick. Metal frame, ready to hang. Digital Circlism Series","og_url":"https:\/\/benheine.com\/product\/marilyn-3d-framed\/","og_site_name":"BenHeine, votre dose quotidienne d&#039;actualit\u00e9s Art et Tech","article_modified_time":"2024-03-20T04:21:08+00:00","og_image":[{"url":"https:\/\/benheine.com\/wp-content\/uploads\/2021\/08\/New-3D-Marilyn-Monroe.gif","width":492,"height":591,"type":"image\/gif"}],"twitter_card":"summary_large_image","twitter_misc":{"Dur\u00e9e de lecture estim\u00e9e":"1 minute"},"schema":{"@context":"https:\/\/schema.org","@graph":[{"@type":"WebPage","@id":"https:\/\/benheine.com\/product\/marilyn-3d-framed\/","url":"https:\/\/benheine.com\/product\/marilyn-3d-framed\/","name":"Marilyn 3D - Framed","isPartOf":{"@id":"https:\/\/benheine.com\/#website"},"primaryImageOfPage":{"@id":"https:\/\/benheine.com\/product\/marilyn-3d-framed\/#primaryimage"},"image":{"@id":"https:\/\/benheine.com\/product\/marilyn-3d-framed\/#primaryimage"},"thumbnailUrl":"https:\/\/benheine.com\/wp-content\/uploads\/2021\/08\/New-3D-Marilyn-Monroe.gif","datePublished":"2021-07-19T07:10:30+00:00","dateModified":"2024-03-20T04:21:08+00:00","description":"This is the \"Marilyn 3D - Framed\" product by artist Ben Heine. 33 prints only! Created and signed by Ben Heine. 50x60cm, 3cm thick. Metal frame, ready to hang. Digital Circlism Series","breadcrumb":{"@id":"https:\/\/benheine.com\/product\/marilyn-3d-framed\/#breadcrumb"},"inLanguage":"fr-FR","potentialAction":[{"@type":"ReadAction","target":["https:\/\/benheine.com\/product\/marilyn-3d-framed\/"]}]},{"@type":"ImageObject","inLanguage":"fr-FR","@id":"https:\/\/benheine.com\/product\/marilyn-3d-framed\/#primaryimage","url":"https:\/\/benheine.com\/wp-content\/uploads\/2021\/08\/New-3D-Marilyn-Monroe.gif","contentUrl":"https:\/\/benheine.com\/wp-content\/uploads\/2021\/08\/New-3D-Marilyn-Monroe.gif","width":492,"height":591,"caption":"Buy Print with 3D effect - Marilyn Monroe"},{"@type":"BreadcrumbList","@id":"https:\/\/benheine.com\/product\/marilyn-3d-framed\/#breadcrumb","itemListElement":[{"@type":"ListItem","position":1,"name":"Home","item":"https:\/\/benheine.com\/fr\/"},{"@type":"ListItem","position":2,"name":"Shop","item":"https:\/\/benheine.com\/shop\/"},{"@type":"ListItem","position":3,"name":"Marilyn 3D &#8211; Limited"}]},{"@type":"WebSite","@id":"https:\/\/benheine.com\/#website","url":"https:\/\/benheine.com\/","name":"BenHeine, votre dose quotidienne d&#039;actualit\u00e9s Art et Tech","description":"Retrouvez ici des actualit\u00e9s Art et Tech mais aussi des articles informatifs et des conseils sur l&#039;art, l&#039;intelligence artificielle, la cr\u00e9ation de contenu, l&#039;e-marketing, la productivit\u00e9, l&#039;entreprenariat, la conception web, l&#039;\u00e9ducation, la musique, la peinture, la photographie, la vid\u00e9o, la finance et bien plus encore.","potentialAction":[{"@type":"SearchAction","target":{"@type":"EntryPoint","urlTemplate":"https:\/\/benheine.com\/?s={search_term_string}"},"query-input":{"@type":"PropertyValueSpecification","valueRequired":true,"valueName":"search_term_string"}}],"inLanguage":"fr-FR"}]}},"_links":{"self":[{"href":"https:\/\/benheine.com\/fr\/wp-json\/wp\/v2\/product\/13174","targetHints":{"allow":["GET"]}}],"collection":[{"href":"https:\/\/benheine.com\/fr\/wp-json\/wp\/v2\/product"}],"about":[{"href":"https:\/\/benheine.com\/fr\/wp-json\/wp\/v2\/types\/product"}],"author":[{"embeddable":true,"href":"https:\/\/benheine.com\/fr\/wp-json\/wp\/v2\/users\/1"}],"replies":[{"embeddable":true,"href":"https:\/\/benheine.com\/fr\/wp-json\/wp\/v2\/comments?post=13174"}],"version-history":[{"count":9,"href":"https:\/\/benheine.com\/fr\/wp-json\/wp\/v2\/product\/13174\/revisions"}],"predecessor-version":[{"id":29890,"href":"https:\/\/benheine.com\/fr\/wp-json\/wp\/v2\/product\/13174\/revisions\/29890"}],"wp:featuredmedia":[{"embeddable":true,"href":"https:\/\/benheine.com\/fr\/wp-json\/wp\/v2\/media\/13545"}],"wp:attachment":[{"href":"https:\/\/benheine.com\/fr\/wp-json\/wp\/v2\/media?parent=13174"}],"wp:term":[{"taxonomy":"product_brand","embeddable":true,"href":"https:\/\/benheine.com\/fr\/wp-json\/wp\/v2\/product_brand?post=13174"},{"taxonomy":"product_cat","embeddable":true,"href":"https:\/\/benheine.com\/fr\/wp-json\/wp\/v2\/product_cat?post=13174"},{"taxonomy":"product_tag","embeddable":true,"href":"https:\/\/benheine.com\/fr\/wp-json\/wp\/v2\/product_tag?post=13174"}],"curies":[{"name":"wp","href":"https:\/\/api.w.org\/{rel}","templated":true}]}}