{"id":13351,"date":"2021-07-29T12:01:27","date_gmt":"2021-07-29T12:01:27","guid":{"rendered":"http:\/\/benheine.com\/?post_type=product&#038;p=13351"},"modified":"2024-02-26T05:07:57","modified_gmt":"2024-02-26T05:07:57","slug":"painted-busts-8","status":"publish","type":"product","link":"https:\/\/benheine.com\/fr\/product\/painted-busts-8\/","title":{"rendered":"Painted Bust 8"},"content":{"rendered":"<p>Buy the best \u00ab\u00a0Painted Bust 8\u00a0\u00bb designed by Ben Hein<a style=\"color: #7a7a7a;\" href=\"https:\/\/digitalsuccess.ai\/\">e.<\/a><br \/>\n50x20cm<br \/>\nAcryli<a href=\"https:\/\/benheine.com\/product\/painted-busts-7\/\">c<\/a><\/p>\n<div class=\"clearfix\"><\/div>","protected":false},"excerpt":{"rendered":"<p>Buy the best \u00ab\u00a0Painted Bust 8\u00a0\u00bb designed by Ben Heine. 50x20cm Acrylic<\/p>\n","protected":false},"author":1,"featured_media":13370,"comment_status":"closed","ping_status":"closed","template":"","meta":{"_acf_changed":false},"product_brand":[],"product_cat":[162],"product_tag":[],"class_list":{"0":"post-13351","1":"product","2":"type-product","3":"status-publish","4":"has-post-thumbnail","6":"product_cat-painted-faces","8":"first","9":"instock","10":"shipping-taxable","11":"purchasable","12":"product-type-simple"},"acf":[],"yoast_head":"<!-- This site is optimized with the Yoast SEO plugin v26.6 - https:\/\/yoast.com\/wordpress\/plugins\/seo\/ -->\n<title>Painted Bust 8<\/title>\n<meta name=\"description\" content=\"This is the &quot;Painted Bust 8&quot; product by artist Ben Heine.\" \/>\n<meta name=\"robots\" content=\"index, follow, max-snippet:-1, max-image-preview:large, max-video-preview:-1\" \/>\n<link rel=\"canonical\" href=\"https:\/\/benheine.com\/product\/painted-busts-8\/\" \/>\n<meta property=\"og:locale\" content=\"fr_FR\" \/>\n<meta property=\"og:type\" content=\"article\" \/>\n<meta property=\"og:title\" content=\"Painted Bust 8\" \/>\n<meta property=\"og:description\" content=\"This is the &quot;Painted Bust 8&quot; product by artist Ben Heine.\" \/>\n<meta property=\"og:url\" content=\"https:\/\/benheine.com\/product\/painted-busts-8\/\" \/>\n<meta property=\"og:site_name\" content=\"BenHeine, votre dose quotidienne d&#039;actualit\u00e9s Art et Tech\" \/>\n<meta property=\"article:modified_time\" content=\"2024-02-26T05:07:57+00:00\" \/>\n<meta property=\"og:image\" content=\"https:\/\/benheine.com\/wp-content\/uploads\/2021\/07\/ben-heine-art-painted-busts-5.jpg\" \/>\n\t<meta property=\"og:image:width\" content=\"825\" \/>\n\t<meta property=\"og:image:height\" content=\"1100\" \/>\n\t<meta property=\"og:image:type\" content=\"image\/jpeg\" \/>\n<meta name=\"twitter:card\" content=\"summary_large_image\" \/>\n<meta name=\"twitter:label1\" content=\"Dur\u00e9e de lecture estim\u00e9e\" \/>\n\t<meta name=\"twitter:data1\" content=\"1 minute\" \/>\n<script type=\"application\/ld+json\" class=\"yoast-schema-graph\">{\"@context\":\"https:\/\/schema.org\",\"@graph\":[{\"@type\":\"WebPage\",\"@id\":\"https:\/\/benheine.com\/product\/painted-busts-8\/\",\"url\":\"https:\/\/benheine.com\/product\/painted-busts-8\/\",\"name\":\"Painted Bust 8\",\"isPartOf\":{\"@id\":\"https:\/\/benheine.com\/#website\"},\"primaryImageOfPage\":{\"@id\":\"https:\/\/benheine.com\/product\/painted-busts-8\/#primaryimage\"},\"image\":{\"@id\":\"https:\/\/benheine.com\/product\/painted-busts-8\/#primaryimage\"},\"thumbnailUrl\":\"https:\/\/benheine.com\/wp-content\/uploads\/2021\/07\/ben-heine-art-painted-busts-5.jpg\",\"datePublished\":\"2021-07-29T12:01:27+00:00\",\"dateModified\":\"2024-02-26T05:07:57+00:00\",\"description\":\"This is the \\\"Painted Bust 8\\\" product by artist Ben Heine.\",\"breadcrumb\":{\"@id\":\"https:\/\/benheine.com\/product\/painted-busts-8\/#breadcrumb\"},\"inLanguage\":\"fr-FR\",\"potentialAction\":[{\"@type\":\"ReadAction\",\"target\":[\"https:\/\/benheine.com\/product\/painted-busts-8\/\"]}]},{\"@type\":\"ImageObject\",\"inLanguage\":\"fr-FR\",\"@id\":\"https:\/\/benheine.com\/product\/painted-busts-8\/#primaryimage\",\"url\":\"https:\/\/benheine.com\/wp-content\/uploads\/2021\/07\/ben-heine-art-painted-busts-5.jpg\",\"contentUrl\":\"https:\/\/benheine.com\/wp-content\/uploads\/2021\/07\/ben-heine-art-painted-busts-5.jpg\",\"width\":825,\"height\":1100,\"caption\":\"Painted Busts - Ben Heine Art Sculpture - Buy Art - Home Deco\"},{\"@type\":\"BreadcrumbList\",\"@id\":\"https:\/\/benheine.com\/product\/painted-busts-8\/#breadcrumb\",\"itemListElement\":[{\"@type\":\"ListItem\",\"position\":1,\"name\":\"Home\",\"item\":\"https:\/\/benheine.com\/fr\/\"},{\"@type\":\"ListItem\",\"position\":2,\"name\":\"Shop\",\"item\":\"https:\/\/benheine.com\/shop\/\"},{\"@type\":\"ListItem\",\"position\":3,\"name\":\"Painted Bust 8\"}]},{\"@type\":\"WebSite\",\"@id\":\"https:\/\/benheine.com\/#website\",\"url\":\"https:\/\/benheine.com\/\",\"name\":\"BenHeine, votre dose quotidienne d&#039;actualit\u00e9s Art et Tech\",\"description\":\"Retrouvez ici des actualit\u00e9s Art et Tech mais aussi des articles informatifs et des conseils sur l&#039;art, l&#039;intelligence artificielle, la cr\u00e9ation de contenu, l&#039;e-marketing, la productivit\u00e9, l&#039;entreprenariat, la conception web, l&#039;\u00e9ducation, la musique, la peinture, la photographie, la vid\u00e9o, la finance et bien plus encore.\",\"potentialAction\":[{\"@type\":\"SearchAction\",\"target\":{\"@type\":\"EntryPoint\",\"urlTemplate\":\"https:\/\/benheine.com\/?s={search_term_string}\"},\"query-input\":{\"@type\":\"PropertyValueSpecification\",\"valueRequired\":true,\"valueName\":\"search_term_string\"}}],\"inLanguage\":\"fr-FR\"}]}<\/script>\n<!-- \/ Yoast SEO plugin. -->","yoast_head_json":{"title":"Painted Bust 8","description":"This is the \"Painted Bust 8\" product by artist Ben Heine.","robots":{"index":"index","follow":"follow","max-snippet":"max-snippet:-1","max-image-preview":"max-image-preview:large","max-video-preview":"max-video-preview:-1"},"canonical":"https:\/\/benheine.com\/product\/painted-busts-8\/","og_locale":"fr_FR","og_type":"article","og_title":"Painted Bust 8","og_description":"This is the \"Painted Bust 8\" product by artist Ben Heine.","og_url":"https:\/\/benheine.com\/product\/painted-busts-8\/","og_site_name":"BenHeine, votre dose quotidienne d&#039;actualit\u00e9s Art et Tech","article_modified_time":"2024-02-26T05:07:57+00:00","og_image":[{"width":825,"height":1100,"url":"https:\/\/benheine.com\/wp-content\/uploads\/2021\/07\/ben-heine-art-painted-busts-5.jpg","type":"image\/jpeg"}],"twitter_card":"summary_large_image","twitter_misc":{"Dur\u00e9e de lecture estim\u00e9e":"1 minute"},"schema":{"@context":"https:\/\/schema.org","@graph":[{"@type":"WebPage","@id":"https:\/\/benheine.com\/product\/painted-busts-8\/","url":"https:\/\/benheine.com\/product\/painted-busts-8\/","name":"Painted Bust 8","isPartOf":{"@id":"https:\/\/benheine.com\/#website"},"primaryImageOfPage":{"@id":"https:\/\/benheine.com\/product\/painted-busts-8\/#primaryimage"},"image":{"@id":"https:\/\/benheine.com\/product\/painted-busts-8\/#primaryimage"},"thumbnailUrl":"https:\/\/benheine.com\/wp-content\/uploads\/2021\/07\/ben-heine-art-painted-busts-5.jpg","datePublished":"2021-07-29T12:01:27+00:00","dateModified":"2024-02-26T05:07:57+00:00","description":"This is the \"Painted Bust 8\" product by artist Ben Heine.","breadcrumb":{"@id":"https:\/\/benheine.com\/product\/painted-busts-8\/#breadcrumb"},"inLanguage":"fr-FR","potentialAction":[{"@type":"ReadAction","target":["https:\/\/benheine.com\/product\/painted-busts-8\/"]}]},{"@type":"ImageObject","inLanguage":"fr-FR","@id":"https:\/\/benheine.com\/product\/painted-busts-8\/#primaryimage","url":"https:\/\/benheine.com\/wp-content\/uploads\/2021\/07\/ben-heine-art-painted-busts-5.jpg","contentUrl":"https:\/\/benheine.com\/wp-content\/uploads\/2021\/07\/ben-heine-art-painted-busts-5.jpg","width":825,"height":1100,"caption":"Painted Busts - Ben Heine Art Sculpture - Buy Art - Home Deco"},{"@type":"BreadcrumbList","@id":"https:\/\/benheine.com\/product\/painted-busts-8\/#breadcrumb","itemListElement":[{"@type":"ListItem","position":1,"name":"Home","item":"https:\/\/benheine.com\/fr\/"},{"@type":"ListItem","position":2,"name":"Shop","item":"https:\/\/benheine.com\/shop\/"},{"@type":"ListItem","position":3,"name":"Painted Bust 8"}]},{"@type":"WebSite","@id":"https:\/\/benheine.com\/#website","url":"https:\/\/benheine.com\/","name":"BenHeine, votre dose quotidienne d&#039;actualit\u00e9s Art et Tech","description":"Retrouvez ici des actualit\u00e9s Art et Tech mais aussi des articles informatifs et des conseils sur l&#039;art, l&#039;intelligence artificielle, la cr\u00e9ation de contenu, l&#039;e-marketing, la productivit\u00e9, l&#039;entreprenariat, la conception web, l&#039;\u00e9ducation, la musique, la peinture, la photographie, la vid\u00e9o, la finance et bien plus encore.","potentialAction":[{"@type":"SearchAction","target":{"@type":"EntryPoint","urlTemplate":"https:\/\/benheine.com\/?s={search_term_string}"},"query-input":{"@type":"PropertyValueSpecification","valueRequired":true,"valueName":"search_term_string"}}],"inLanguage":"fr-FR"}]}},"_links":{"self":[{"href":"https:\/\/benheine.com\/fr\/wp-json\/wp\/v2\/product\/13351","targetHints":{"allow":["GET"]}}],"collection":[{"href":"https:\/\/benheine.com\/fr\/wp-json\/wp\/v2\/product"}],"about":[{"href":"https:\/\/benheine.com\/fr\/wp-json\/wp\/v2\/types\/product"}],"author":[{"embeddable":true,"href":"https:\/\/benheine.com\/fr\/wp-json\/wp\/v2\/users\/1"}],"replies":[{"embeddable":true,"href":"https:\/\/benheine.com\/fr\/wp-json\/wp\/v2\/comments?post=13351"}],"version-history":[{"count":2,"href":"https:\/\/benheine.com\/fr\/wp-json\/wp\/v2\/product\/13351\/revisions"}],"predecessor-version":[{"id":28944,"href":"https:\/\/benheine.com\/fr\/wp-json\/wp\/v2\/product\/13351\/revisions\/28944"}],"wp:featuredmedia":[{"embeddable":true,"href":"https:\/\/benheine.com\/fr\/wp-json\/wp\/v2\/media\/13370"}],"wp:attachment":[{"href":"https:\/\/benheine.com\/fr\/wp-json\/wp\/v2\/media?parent=13351"}],"wp:term":[{"taxonomy":"product_brand","embeddable":true,"href":"https:\/\/benheine.com\/fr\/wp-json\/wp\/v2\/product_brand?post=13351"},{"taxonomy":"product_cat","embeddable":true,"href":"https:\/\/benheine.com\/fr\/wp-json\/wp\/v2\/product_cat?post=13351"},{"taxonomy":"product_tag","embeddable":true,"href":"https:\/\/benheine.com\/fr\/wp-json\/wp\/v2\/product_tag?post=13351"}],"curies":[{"name":"wp","href":"https:\/\/api.w.org\/{rel}","templated":true}]}}