{"id":2323,"date":"2018-03-08T11:39:27","date_gmt":"2018-03-08T11:39:27","guid":{"rendered":"http:\/\/benheine.com\/exhibitions\/"},"modified":"2026-03-16T09:01:13","modified_gmt":"2026-03-16T09:01:13","slug":"tentoonstellingen","status":"publish","type":"page","link":"https:\/\/benheine.com\/nl\/tentoonstellingen\/","title":{"rendered":"Vorige Tentoonstellingen"},"content":{"rendered":"\t\t<div data-elementor-type=\"wp-page\" data-elementor-id=\"2323\" class=\"elementor elementor-2323\">\n\t\t\t\t\t\t<section class=\"elementor-section elementor-top-section elementor-element elementor-element-18ce7c4 elementor-section-boxed elementor-section-height-default elementor-section-height-default\" data-id=\"18ce7c4\" data-element_type=\"section\">\n\t\t\t\t\t\t<div class=\"elementor-container elementor-column-gap-default\">\n\t\t\t\t\t<div class=\"elementor-column elementor-col-100 elementor-top-column elementor-element elementor-element-d5ae127\" data-id=\"d5ae127\" data-element_type=\"column\">\n\t\t\t<div class=\"elementor-widget-wrap elementor-element-populated\">\n\t\t\t\t\t\t<div class=\"elementor-element elementor-element-81f7fc9 elementor-widget elementor-widget-heading\" data-id=\"81f7fc9\" data-element_type=\"widget\" data-widget_type=\"heading.default\">\n\t\t\t\t<div class=\"elementor-widget-container\">\n\t\t\t\t\t<h1 class=\"elementor-heading-title elementor-size-default\">VORIGE TENTOONSTELLINGEN<\/h1>\t\t\t\t<\/div>\n\t\t\t\t<\/div>\n\t\t\t\t<div class=\"elementor-element elementor-element-af7f1df elementor-widget elementor-widget-text-editor\" data-id=\"af7f1df\" data-element_type=\"widget\" data-widget_type=\"text-editor.default\">\n\t\t\t\t<div class=\"elementor-widget-container\">\n\t\t\t\t\t\t\t\t\t<p><span class=\"\" title=\"\">Lijst van Ben Heine vorige nationale en internationale solo en collectieve tentoonstellingen in prestigieuze kunstgalerie\u00ebn, musea, festivals en evenementen zoals\u00a0<a href=\"https:\/\/www.bozar.be\/\" target=\"_blank\" rel=\"noopener\">Bozar Museum<\/a>, Harbour City, Kinepolis, Facts, Art Truc Troc, Moscow Planetarium, Affordable Art Fair, Accessible Art Fair, Culinaria<\/span><span class=\"\" title=\"\">, London Art Fair, Art London, Berliner Liste, Begramoff Gallery, Belgian Gallery, Soestdijk Palace, Brussels Royal Parc, Ankamall en vele anderen!\u00a0<a href=\"http:\/\/benheine.com\/nl\/diensten\/tentoonstellingen\/\" target=\"_blank\" rel=\"noopener\">Tentoonstelling organisatie<\/a>.<\/span><\/p>\t\t\t\t\t\t\t\t<\/div>\n\t\t\t\t<\/div>\n\t\t\t\t<div class=\"elementor-element elementor-element-70bd78b elementor-widget elementor-widget-shortcode\" data-id=\"70bd78b\" data-element_type=\"widget\" data-widget_type=\"shortcode.default\">\n\t\t\t\t<div class=\"elementor-widget-container\">\n\t\t\t\t\t<div class=\"timeline dot\"><div class=\"timeline-block\"><div class=\"timeline-icon\"><\/div><div class=\"timeline-content box box-bg bg-white box-arrow right\"><div class=\"exhibition-images\"><a href=\"https:\/\/www.flickr.com\/search\/?user_id=43335486%40N00&sort=date-taken-desc&text=papeteries+ben+heine&view_all=1\" class=\"ex-image\"><img decoding=\"async\" src=\"https:\/\/benheine.com\/wp-content\/uploads\/2026\/03\/Affiche-A3-scaled.jpg\"\/><\/a><\/div><div class=\"exhibition-details\"><h5>Papeteries De Genval<\/h5><div class=\"meta\">20 Sep > 20 Sep 2026<\/div><p>Live Art Show by Ben Heine with living model to celebrate the 10 years of the commercial mall Papeteries de Genval in Brabant Wallon, Belgium<\/p>\n<div class=\"clearfix\"><\/div><p class=\"mb-20\"><\/p><p><a href=\"https:\/\/www.youtube.com\/shorts\/FGsNf5HCqRs\" target=\"_blank\">Video report<\/a> | <a href=\"https:\/\/www.flickr.com\/search\/?user_id=43335486%40N00&sort=date-taken-desc&text=papeteries+ben+heine&view_all=1\" target=\"_blank\">Photo report<\/a><\/p><p class=\"mb-20\">Papeteries de Genval, Belgium<\/p><\/div><\/div><\/div><div class=\"timeline-block\"><div class=\"timeline-icon\"><\/div><div class=\"timeline-content box box-bg bg-white box-arrow left\"><div class=\"exhibition-images\"><a href=\"https:\/\/benheine.com\/ben-heine-transforms-a-jaecoo-7-into-a-futuristic-work-of-art-in-brussels\/\" class=\"ex-image\"><img decoding=\"async\" src=\"https:\/\/benheine.com\/wp-content\/uploads\/2026\/03\/20251212_230449-1-1024x768-1.jpg\"\/><\/a><\/div><div class=\"exhibition-details\"><h5>Art Truc Troc &#8211; Brussels Fashion Days<\/h5><div class=\"meta\">20 Aug > 20 Dec 2025<\/div><p>Exhibition and Live Art Show with Jaecoo\/Omoda at Espace Vanderborght in Brussels during Art Truc Troc and Brussels Fashion Days<\/p>\n<div class=\"clearfix\"><\/div><p class=\"mb-20\"><\/p><p><a href=\"https:\/\/www.youtube.com\/watch?v=0JjZ-l5WtNI\" target=\"_blank\">Video report<\/a> | <a href=\"https:\/\/benheine.com\/ben-heine-transforms-a-jaecoo-7-into-a-futuristic-work-of-art-in-brussels\/\" target=\"_blank\">Photo report<\/a><\/p><p class=\"mb-20\">Espace Vanderborght, Brussels, Belgium<\/p><\/div><\/div><\/div><div class=\"timeline-block\"><div class=\"timeline-icon\"><\/div><div class=\"timeline-content box box-bg bg-white box-arrow right\"><div class=\"exhibition-images\"><a href=\"https:\/\/www.facebook.com\/photo\/?fbid=1147851136726191\" class=\"ex-image\"><img decoding=\"async\" src=\"https:\/\/benheine.com\/wp-content\/uploads\/2025\/01\/Affiche-et-Invitation-Exposition-Ben-Heine-et-Oak-Oak-Trompe-loeil-Villeneuve-dAscq-La-Ferme-den-Haut-FABRIQUE-CULTURELLE-France.jpg\"\/><\/a><\/div><div class=\"exhibition-details\"><h5>La Ferme D&#8217;en Haut &#8211; Villeneuve D&#8217;ascq<\/h5><div class=\"meta\">19 Jan > 16 Mar 2025<\/div><p>Duo Exhibition with Oak Oak at the Cultural Centre of Villeneuve d&#8217;Ascq city in France, La Ferme d&#8217;En Haut (Pencil Vs Camera and Flesh and Acrylic)<\/p>\n<div class=\"clearfix\"><\/div><p class=\"mb-20\"><\/p><p><a href=\"https:\/\/www.facebook.com\/watch\/?v=616487784665963\" target=\"_blank\">Video report<\/a> | <a href=\"https:\/\/www.facebook.com\/photo\/?fbid=1147851136726191\" target=\"_blank\">Photo report<\/a><\/p><p class=\"mb-20\">La Ferme d'En Haut, Villeneuve d'Ascq, France<\/p><\/div><\/div><\/div><div class=\"timeline-block\"><div class=\"timeline-icon\"><\/div><div class=\"timeline-content box box-bg bg-white box-arrow left\"><div class=\"exhibition-images\"><a href=\"https:\/\/www.facebook.com\/benheineart\/posts\/pfbid0nRnsVumm7WzmF3NPmrr8mPNwsPnKQ1BZZqCQqnM5D2qkYe6NACXoRBStxq4PqM6bl\" class=\"ex-image\"><img decoding=\"async\" src=\"https:\/\/benheine.com\/wp-content\/uploads\/2024\/09\/459015558_1208910463678453_680968323634669908_n.jpg\"\/><\/a><\/div><div class=\"exhibition-details\"><h5>Novotel Wavre<\/h5><div class=\"meta\">04 Sep > 30 Dec 2024<\/div><p>Solo Permanent Exhibition (Digital Circlism and Flesh and Acrylic) at Novotel Wavre<\/p>\n<div class=\"clearfix\"><\/div><p class=\"mb-20\"><\/p><p><a href=\"https:\/\/www.facebook.com\/benheineart\/posts\/pfbid0nRnsVumm7WzmF3NPmrr8mPNwsPnKQ1BZZqCQqnM5D2qkYe6NACXoRBStxq4PqM6bl\" target=\"_blank\">Photo report<\/a><\/p><p class=\"mb-20\">Wavre, Belgium<\/p><\/div><\/div><\/div><div class=\"timeline-block\"><div class=\"timeline-icon\"><\/div><div class=\"timeline-content box box-bg bg-white box-arrow right\"><div class=\"exhibition-images\"><a href=\"https:\/\/www.facebook.com\/benheineart\/posts\/pfbid0RJn8XwS4iP7pgmfBJQ6kpW2FfJxaxrAhYCf6Zq5koiWSCvvgjxPE6ftTi3RmsAJxl\" class=\"ex-image\"><img decoding=\"async\" src=\"https:\/\/benheine.com\/wp-content\/uploads\/2024\/09\/Capture-decran-2024-09-08-a-01.43.12.png\"\/><\/a><\/div><div class=\"exhibition-details\"><h5>Coll\u00e8ge Saint Vincent<\/h5><div class=\"meta\">01 Sep > 01 Dec 2024<\/div><p>Solo Permanent Exhibition (Astro Cruise series) in educational areas of the Coll\u00e8ge Saint Vincent in Soignies, Belgium<\/p>\n<div class=\"clearfix\"><\/div><p class=\"mb-20\"><\/p><p><a href=\"https:\/\/www.facebook.com\/benheineart\/posts\/pfbid0RJn8XwS4iP7pgmfBJQ6kpW2FfJxaxrAhYCf6Zq5koiWSCvvgjxPE6ftTi3RmsAJxl\" target=\"_blank\">Photo report<\/a><\/p><p class=\"mb-20\">Soignies, Belgium<\/p><\/div><\/div><\/div><div class=\"timeline-block\"><div class=\"timeline-icon\"><\/div><div class=\"timeline-content box box-bg bg-white box-arrow left\"><div class=\"exhibition-images\"><a href=\"https:\/\/www.facebook.com\/benheine.official\/posts\/pfbid0mZyh2wibX2SjuuBwf3N2jvGMjy7Ab4BNzxmuD7Ygx1ZixQGEYNhuHFW39BW641H6l\" class=\"ex-image\"><img decoding=\"async\" src=\"https:\/\/benheine.com\/wp-content\/uploads\/2024\/01\/Smll-Ben-Heine-Exhibition-Paris.jpg\"\/><\/a><\/div><div class=\"exhibition-details\"><h5>Paregrine Paris<\/h5><div class=\"meta\">02 Jul > 01 Feb 2024<\/div><p>Solo exhibition Ben Heine Photography Exhibited in Paris &#8211; Paregrine (Photos captured in Canada, Kenya, Thailand, Poland, Greece, Italy, Belgium, France).<\/p>\n<div class=\"clearfix\"><\/div><p class=\"mb-20\"><\/p><p><a href=\"https:\/\/www.facebook.com\/benheine.official\/posts\/pfbid0mZyh2wibX2SjuuBwf3N2jvGMjy7Ab4BNzxmuD7Ygx1ZixQGEYNhuHFW39BW641H6l\" target=\"_blank\">Photo report<\/a><\/p><p class=\"mb-20\">Paris, France<\/p><\/div><\/div><\/div><div class=\"timeline-block\"><div class=\"timeline-icon\"><\/div><div class=\"timeline-content box box-bg bg-white box-arrow right\"><div class=\"exhibition-images\"><a href=\"https:\/\/www.facebook.com\/benheineart\/posts\/pfbid0gPyG3v9wCjaaGUMmykcmeGAxJQdupGUsy79Z6LqZS4UWdJ2Hr6HZuQXi3eQHLAXvl\" class=\"ex-image\"><img decoding=\"async\" src=\"https:\/\/benheine.com\/wp-content\/uploads\/2024\/01\/355682418_2525105657657649_1077134116036610994_n.jpeg\"\/><\/a><\/div><div class=\"exhibition-details\"><h5>Ecole 13 Molenbeek<\/h5><div class=\"meta\">23 May > 23 Jun 2023<\/div><p>Exhibition of Pencil Vs Camera works by Ben Heine and students of Ecole 13 Molenbeek, in company of Education Minister Caroline Desir<\/p>\n<div class=\"clearfix\"><\/div><p class=\"mb-20\"><\/p><p><a href=\"https:\/\/www.facebook.com\/benheineart\/posts\/pfbid0gPyG3v9wCjaaGUMmykcmeGAxJQdupGUsy79Z6LqZS4UWdJ2Hr6HZuQXi3eQHLAXvl\" target=\"_blank\">Photo report<\/a><\/p><p class=\"mb-20\">Brussels, Belgium<\/p><\/div><\/div><\/div><div class=\"timeline-block\"><div class=\"timeline-icon\"><\/div><div class=\"timeline-content box box-bg bg-white box-arrow left\"><div class=\"exhibition-images\"><a href=\"https:\/\/www.facebook.com\/benheineart\/posts\/pfbid02fdrBvpLpi8PVa3Q8MWGpXmpRgiUjNBjm8hNvaAMRpVqhsJERaHkXiFkSeCkkMkByl\" class=\"ex-image\"><img decoding=\"async\" src=\"https:\/\/benheine.com\/wp-content\/uploads\/2024\/01\/Ben-Heine-AstroCruise-Exhibition-Dallas-USA-2023.jpg\"\/><\/a><\/div><div class=\"exhibition-details\"><h5>Bath House Cultural Center<\/h5><div class=\"meta\">01 May > 03 Aug 2023<\/div><p>Ben Heine Astro Cruise Art Series Collective Exhibition, &#8220;Tempus Peregrinari: A Time Travel Exhibition&#8221;, Bath House Cultural Center, Dallas, USA<\/p>\n<div class=\"clearfix\"><\/div><p class=\"mb-20\"><\/p><p><a href=\"https:\/\/www.facebook.com\/benheineart\/posts\/pfbid02fdrBvpLpi8PVa3Q8MWGpXmpRgiUjNBjm8hNvaAMRpVqhsJERaHkXiFkSeCkkMkByl\" target=\"_blank\">Photo report<\/a><\/p><p class=\"mb-20\">Dallas, USA<\/p><\/div><\/div><\/div><div class=\"timeline-block\"><div class=\"timeline-icon\"><\/div><div class=\"timeline-content box box-bg bg-white box-arrow right\"><div class=\"exhibition-images\"><a href=\"https:\/\/www.facebook.com\/benheineart\/posts\/pfbid0vVfcZqVAnRXSG4sKbpUAWV8wd8aezkBDX2coTFPNMi78eaZgqNhLa43xtqRVWkkql\" class=\"ex-image\"><img decoding=\"async\" src=\"https:\/\/benheine.com\/wp-content\/uploads\/2023\/03\/Beci-chambre-commerce-bruxelles-ben-heine.jpg\"\/><\/a><\/div><div class=\"exhibition-details\"><h5>Chambre De Commerce De Bruxelles<\/h5><div class=\"meta\">09 Mar > 01 Jul 2023<\/div><p>Solo exhibition and live performances (Flesh and Acrylic) at Chambre de Commerce de Bruxelles (Beci) for the Good Morning Club<\/p>\n<div class=\"clearfix\"><\/div><p class=\"mb-20\"><\/p><p><a href=\"https:\/\/youtu.be\/abjQ-7ez0UQ?si=JyC1TyjbukxQKcb1\" target=\"_blank\">Video report<\/a> | <a href=\"https:\/\/www.facebook.com\/benheineart\/posts\/pfbid0vVfcZqVAnRXSG4sKbpUAWV8wd8aezkBDX2coTFPNMi78eaZgqNhLa43xtqRVWkkql\" target=\"_blank\">Photo report<\/a><\/p><p class=\"mb-20\">500, Avenue Louise, 1000 Brussels, Belgium<\/p><\/div><\/div><\/div><div class=\"timeline-block\"><div class=\"timeline-icon\"><\/div><div class=\"timeline-content box box-bg bg-white box-arrow left\"><div class=\"exhibition-images\"><a href=\"\" class=\"ex-image\"><img decoding=\"async\" src=\"https:\/\/benheine.com\/wp-content\/uploads\/2023\/02\/333033805_732470458548772_1309304267327924505_n.jpeg\"\/><\/a><\/div><div class=\"exhibition-details\"><h5>Espace Art Gallery<\/h5><div class=\"meta\">01 Jan > 01 Apr 2023<\/div><p>Ben Heine Exhibition at Espace Art Gallery in Brussels from January to April 2023<\/p>\n<div class=\"clearfix\"><\/div><p class=\"mb-20\"><\/p><p class=\"mb-20\"> Rue de Laeken 83, 1000 Brussels, Belgium<\/p><\/div><\/div><\/div><div class=\"timeline-block\"><div class=\"timeline-icon\"><\/div><div class=\"timeline-content box box-bg bg-white box-arrow right\"><div class=\"exhibition-images\"><a href=\"\" class=\"ex-image\"><img decoding=\"async\" src=\"https:\/\/benheine.com\/wp-content\/uploads\/2023\/03\/Capture-decran-2023-03-02-a-23.41.39-e1677796987576.png\"\/><\/a><\/div><div class=\"exhibition-details\"><h5>Itteq Japan<\/h5><div class=\"meta\">01 Sep > 30 Oct 2022<\/div><p>Live Performance and Ben Heine exhibition (Pencil Vs Camera) for ITTQ Japanese Reality show<\/p>\n<div class=\"clearfix\"><\/div><p class=\"mb-20\"><\/p><p><a href=\"https:\/\/www.facebook.com\/benheineart\/videos\/1180675572653081\" target=\"_blank\">Video report<\/a><\/p><p class=\"mb-20\">Japan<\/p><\/div><\/div><\/div><div class=\"timeline-block\"><div class=\"timeline-icon\"><\/div><div class=\"timeline-content box box-bg bg-white box-arrow left\"><div class=\"exhibition-images\"><a href=\"https:\/\/www.flickr.com\/photos\/benheine\/albums\/72157713217039022\" class=\"ex-image\"><img decoding=\"async\" src=\"https:\/\/benheine.com\/wp-content\/uploads\/2020\/03\/49540521377_83a8675f93_k.jpg\"\/><\/a><\/div><div class=\"exhibition-details\"><h5>B19 Conference<\/h5><div class=\"meta\">11 Mar > 11 Mar 2020<\/div><p>Conf\u00e9rence au business club B19 aux Jeux d&#8217;Hiver \u00e0 Bruxelles avec Ben Heine, Samuel Chappel et Julien Fouya, lors d&#8217;une soir\u00e9e d&#8217;ancien de l&#8217;IHECS &#8211; Ihecs Alumni &#8211; Success Stories<\/p>\n<div class=\"clearfix\"><\/div><p class=\"mb-20\"><\/p><p><a href=\"https:\/\/www.flickr.com\/photos\/benheine\/albums\/72157713217039022\" target=\"_blank\">Photo report<\/a><\/p><p class=\"mb-20\">Brussels<\/p><\/div><\/div><\/div><\/div><div class=\"pagination\"> Page <span aria-current=\"page\" class=\"page-numbers current\">1<\/span> of 8 <a class=\"next page-numbers\" href=\"https:\/\/benheine.com\/nl\/wp-json\/wp\/v2\/pages\/2323\/page\/2\/\"><i class=\"et-chevron-right\"><\/i><\/a><\/div>\t\t<div class=\"elementor-shortcode\"><\/div>\n\t\t\t\t\t\t<\/div>\n\t\t\t\t<\/div>\n\t\t\t\t\t<\/div>\n\t\t<\/div>\n\t\t\t\t\t<\/div>\n\t\t<\/section>\n\t\t\t\t<section class=\"elementor-section elementor-top-section elementor-element elementor-element-94a9c64 elementor-section-boxed elementor-section-height-default elementor-section-height-default\" data-id=\"94a9c64\" data-element_type=\"section\">\n\t\t\t\t\t\t<div class=\"elementor-container elementor-column-gap-default\">\n\t\t\t\t\t<div class=\"elementor-column elementor-col-100 elementor-top-column elementor-element elementor-element-bd5e1b4\" data-id=\"bd5e1b4\" data-element_type=\"column\">\n\t\t\t<div class=\"elementor-widget-wrap elementor-element-populated\">\n\t\t\t\t\t\t<div class=\"elementor-element elementor-element-671871b elementor-widget elementor-widget-html\" data-id=\"671871b\" data-element_type=\"widget\" data-widget_type=\"html.default\">\n\t\t\t\t<div class=\"elementor-widget-container\">\n\t\t\t\t\t<div class=\"api-gallery-wrapper\">\r\n<div id=\"youtube-gallery\"\r\n     data-playlist-id=\"PLGCn7slqglECjd7eta3LFDlCX4ilvKO66\"\r\n     data-rows=\"2\">\r\n<\/div>\r\n<button id=\"yt-load-more\">Load More<\/button>\r\n<div id=\"youtube-modal\" class=\"yt-modal\">\r\n  <div class=\"yt-modal-content\">\r\n    \r\n    <span class=\"yt-modal-close\">&times;<\/span>\r\n\r\n    <div class=\"yt-video-wrapper\">\r\n      <iframe id=\"yt-player\"\r\n              src=\"\"\r\n              frameborder=\"0\"\r\n              allow=\"autoplay; encrypted-media\"\r\n              allowfullscreen>\r\n      <\/iframe>\r\n    <\/div>\r\n\r\n  <\/div>\r\n<\/div>\r\n<\/div>\t\t\t\t<\/div>\n\t\t\t\t<\/div>\n\t\t\t\t\t<\/div>\n\t\t<\/div>\n\t\t\t\t\t<\/div>\n\t\t<\/section>\n\t\t\t\t<\/div>\n\t\t<div class=\"clearfix\"><\/div>","protected":false},"excerpt":{"rendered":"<p>VORIGE TENTOONSTELLINGEN Lijst van Ben Heine vorige nationale en internationale solo en collectieve tentoonstellingen in prestigieuze kunstgalerie\u00ebn, musea, festivals en evenementen zoals\u00a0Bozar&#8230;<\/p>\n","protected":false},"author":1,"featured_media":0,"parent":0,"menu_order":76,"comment_status":"closed","ping_status":"closed","template":"elementor_header_footer","meta":{"_acf_changed":false,"footnotes":""},"class_list":["post-2323","page","type-page","status-publish","hentry"],"acf":[],"yoast_head":"<!-- This site is optimized with the Yoast SEO plugin v26.6 - https:\/\/yoast.com\/wordpress\/plugins\/seo\/ -->\n<title>Vorige Solo en Collectieve Tentoonstellingen - Ben Heine Art<\/title>\n<meta name=\"description\" content=\"Lijst van Ben Heine vorige nationale en internationale solo en collectieve tentoonstellingen in prestigieuze kunstgalerie\u00ebn, musea, festivals en evenementen zoals Bozar Museum, Harbour City, Kinepolis, Facts, Art Truc Troc, Moscow Planetarium, Affordable Art Fair...\" \/>\n<meta name=\"robots\" content=\"index, follow, max-snippet:-1, max-image-preview:large, max-video-preview:-1\" \/>\n<link rel=\"canonical\" href=\"https:\/\/benheine.com\/past-exhibitions\/\" \/>\n<meta property=\"og:locale\" content=\"nl_NL\" \/>\n<meta property=\"og:type\" content=\"article\" \/>\n<meta property=\"og:title\" content=\"Vorige Solo en Collectieve Tentoonstellingen - Ben Heine Art\" \/>\n<meta property=\"og:description\" content=\"Lijst van Ben Heine vorige nationale en internationale solo en collectieve tentoonstellingen in prestigieuze kunstgalerie\u00ebn, musea, festivals en evenementen zoals Bozar Museum, Harbour City, Kinepolis, Facts, Art Truc Troc, Moscow Planetarium, Affordable Art Fair...\" \/>\n<meta property=\"og:url\" content=\"https:\/\/benheine.com\/past-exhibitions\/\" \/>\n<meta property=\"og:site_name\" content=\"BenHeine, jouw dagelijkse dosis Kunst en Tech nieuws\" \/>\n<meta property=\"article:modified_time\" content=\"2026-03-16T09:01:13+00:00\" \/>\n<meta name=\"twitter:card\" content=\"summary_large_image\" \/>\n<meta name=\"twitter:label1\" content=\"Geschatte leestijd\" \/>\n\t<meta name=\"twitter:data1\" content=\"5 minuten\" \/>\n<script type=\"application\/ld+json\" class=\"yoast-schema-graph\">{\"@context\":\"https:\/\/schema.org\",\"@graph\":[{\"@type\":\"WebPage\",\"@id\":\"https:\/\/benheine.com\/past-exhibitions\/\",\"url\":\"https:\/\/benheine.com\/past-exhibitions\/\",\"name\":\"Vorige Solo en Collectieve Tentoonstellingen - Ben Heine Art\",\"isPartOf\":{\"@id\":\"https:\/\/benheine.com\/#website\"},\"datePublished\":\"2018-03-08T11:39:27+00:00\",\"dateModified\":\"2026-03-16T09:01:13+00:00\",\"description\":\"Lijst van Ben Heine vorige nationale en internationale solo en collectieve tentoonstellingen in prestigieuze kunstgalerie\u00ebn, musea, festivals en evenementen zoals Bozar Museum, Harbour City, Kinepolis, Facts, Art Truc Troc, Moscow Planetarium, Affordable Art Fair...\",\"breadcrumb\":{\"@id\":\"https:\/\/benheine.com\/past-exhibitions\/#breadcrumb\"},\"inLanguage\":\"nl-NL\",\"potentialAction\":[{\"@type\":\"ReadAction\",\"target\":[\"https:\/\/benheine.com\/past-exhibitions\/\"]}]},{\"@type\":\"BreadcrumbList\",\"@id\":\"https:\/\/benheine.com\/past-exhibitions\/#breadcrumb\",\"itemListElement\":[{\"@type\":\"ListItem\",\"position\":1,\"name\":\"Home\",\"item\":\"https:\/\/benheine.com\/\"},{\"@type\":\"ListItem\",\"position\":2,\"name\":\"Vorige Tentoonstellingen\"}]},{\"@type\":\"WebSite\",\"@id\":\"https:\/\/benheine.com\/#website\",\"url\":\"https:\/\/benheine.com\/\",\"name\":\"BenHeine, jouw dagelijkse dosis Kunst en Tech nieuws\",\"description\":\"Vind hier Kunst en Tech nieuws maar ook informatieve artikelen en tips over levensstijl, kunstmatige intelligentie, kunst, contentcreatie, e-marketing, productiviteit, ondernemerschap, webdesign, onderwijs, muziek, schilderkunst, fotografie, video, financi\u00ebn en meer.\",\"potentialAction\":[{\"@type\":\"SearchAction\",\"target\":{\"@type\":\"EntryPoint\",\"urlTemplate\":\"https:\/\/benheine.com\/?s={search_term_string}\"},\"query-input\":{\"@type\":\"PropertyValueSpecification\",\"valueRequired\":true,\"valueName\":\"search_term_string\"}}],\"inLanguage\":\"nl-NL\"}]}<\/script>\n<!-- \/ Yoast SEO plugin. -->","yoast_head_json":{"title":"Vorige Solo en Collectieve Tentoonstellingen - Ben Heine Art","description":"Lijst van Ben Heine vorige nationale en internationale solo en collectieve tentoonstellingen in prestigieuze kunstgalerie\u00ebn, musea, festivals en evenementen zoals Bozar Museum, Harbour City, Kinepolis, Facts, Art Truc Troc, Moscow Planetarium, Affordable Art Fair...","robots":{"index":"index","follow":"follow","max-snippet":"max-snippet:-1","max-image-preview":"max-image-preview:large","max-video-preview":"max-video-preview:-1"},"canonical":"https:\/\/benheine.com\/past-exhibitions\/","og_locale":"nl_NL","og_type":"article","og_title":"Vorige Solo en Collectieve Tentoonstellingen - Ben Heine Art","og_description":"Lijst van Ben Heine vorige nationale en internationale solo en collectieve tentoonstellingen in prestigieuze kunstgalerie\u00ebn, musea, festivals en evenementen zoals Bozar Museum, Harbour City, Kinepolis, Facts, Art Truc Troc, Moscow Planetarium, Affordable Art Fair...","og_url":"https:\/\/benheine.com\/past-exhibitions\/","og_site_name":"BenHeine, jouw dagelijkse dosis Kunst en Tech nieuws","article_modified_time":"2026-03-16T09:01:13+00:00","twitter_card":"summary_large_image","twitter_misc":{"Geschatte leestijd":"5 minuten"},"schema":{"@context":"https:\/\/schema.org","@graph":[{"@type":"WebPage","@id":"https:\/\/benheine.com\/past-exhibitions\/","url":"https:\/\/benheine.com\/past-exhibitions\/","name":"Vorige Solo en Collectieve Tentoonstellingen - Ben Heine Art","isPartOf":{"@id":"https:\/\/benheine.com\/#website"},"datePublished":"2018-03-08T11:39:27+00:00","dateModified":"2026-03-16T09:01:13+00:00","description":"Lijst van Ben Heine vorige nationale en internationale solo en collectieve tentoonstellingen in prestigieuze kunstgalerie\u00ebn, musea, festivals en evenementen zoals Bozar Museum, Harbour City, Kinepolis, Facts, Art Truc Troc, Moscow Planetarium, Affordable Art Fair...","breadcrumb":{"@id":"https:\/\/benheine.com\/past-exhibitions\/#breadcrumb"},"inLanguage":"nl-NL","potentialAction":[{"@type":"ReadAction","target":["https:\/\/benheine.com\/past-exhibitions\/"]}]},{"@type":"BreadcrumbList","@id":"https:\/\/benheine.com\/past-exhibitions\/#breadcrumb","itemListElement":[{"@type":"ListItem","position":1,"name":"Home","item":"https:\/\/benheine.com\/"},{"@type":"ListItem","position":2,"name":"Vorige Tentoonstellingen"}]},{"@type":"WebSite","@id":"https:\/\/benheine.com\/#website","url":"https:\/\/benheine.com\/","name":"BenHeine, jouw dagelijkse dosis Kunst en Tech nieuws","description":"Vind hier Kunst en Tech nieuws maar ook informatieve artikelen en tips over levensstijl, kunstmatige intelligentie, kunst, contentcreatie, e-marketing, productiviteit, ondernemerschap, webdesign, onderwijs, muziek, schilderkunst, fotografie, video, financi\u00ebn en meer.","potentialAction":[{"@type":"SearchAction","target":{"@type":"EntryPoint","urlTemplate":"https:\/\/benheine.com\/?s={search_term_string}"},"query-input":{"@type":"PropertyValueSpecification","valueRequired":true,"valueName":"search_term_string"}}],"inLanguage":"nl-NL"}]}},"_links":{"self":[{"href":"https:\/\/benheine.com\/nl\/wp-json\/wp\/v2\/pages\/2323","targetHints":{"allow":["GET"]}}],"collection":[{"href":"https:\/\/benheine.com\/nl\/wp-json\/wp\/v2\/pages"}],"about":[{"href":"https:\/\/benheine.com\/nl\/wp-json\/wp\/v2\/types\/page"}],"author":[{"embeddable":true,"href":"https:\/\/benheine.com\/nl\/wp-json\/wp\/v2\/users\/1"}],"replies":[{"embeddable":true,"href":"https:\/\/benheine.com\/nl\/wp-json\/wp\/v2\/comments?post=2323"}],"version-history":[{"count":6,"href":"https:\/\/benheine.com\/nl\/wp-json\/wp\/v2\/pages\/2323\/revisions"}],"predecessor-version":[{"id":34073,"href":"https:\/\/benheine.com\/nl\/wp-json\/wp\/v2\/pages\/2323\/revisions\/34073"}],"wp:attachment":[{"href":"https:\/\/benheine.com\/nl\/wp-json\/wp\/v2\/media?parent=2323"}],"curies":[{"name":"wp","href":"https:\/\/api.w.org\/{rel}","templated":true}]}}