{"id":14529,"date":"2021-09-10T06:28:59","date_gmt":"2021-09-10T06:28:59","guid":{"rendered":"http:\/\/benheine.com\/?post_type=product&#038;p=14529"},"modified":"2024-02-26T05:32:45","modified_gmt":"2024-02-26T05:32:45","slug":"plan-de-cours-complet-de-20-pages-par-ben-heine","status":"publish","type":"product","link":"https:\/\/benheine.com\/nl\/product\/plan-de-cours-complet-de-20-pages-par-ben-heine\/","title":{"rendered":"Plan de Cours Complet de 20 Pages par Ben Heine"},"content":{"rendered":"<p>Achetez le officiel plan de cours <a href=\"https:\/\/benheine.com\/product\/full-20-page-lesson-plan-by-ben-heine-9-euro\/\">complet de 20 pages<\/a> r\u00e9dig\u00e9 par Ben Heine, comprenant le dessin et la photographie, la th\u00e9orie et les exercices pratique<a href=\"https:\/\/digitalsuccess.ai\/\">s.<\/a><\/p>\n<div class=\"clearfix\"><\/div>","protected":false},"excerpt":{"rendered":"<p>Achetez le officiel plan de cours complet de 20 pages r\u00e9dig\u00e9 par Ben Heine, comprenant le dessin et la photographie, la th\u00e9orie&#8230;<\/p>\n","protected":false},"author":1,"featured_media":9229,"comment_status":"closed","ping_status":"closed","template":"","meta":{"_acf_changed":false},"product_brand":[],"product_cat":[163],"product_tag":[],"class_list":{"0":"post-14529","1":"product","2":"type-product","3":"status-publish","4":"has-post-thumbnail","6":"product_cat-pdfs","8":"first","9":"instock","10":"downloadable","11":"virtual","12":"purchasable","13":"product-type-simple"},"acf":[],"yoast_head":"<!-- This site is optimized with the Yoast SEO plugin v27.5 - https:\/\/yoast.com\/product\/yoast-seo-wordpress\/ -->\n<title>Plan de cours complet de 20 pages par Ben Heine<\/title>\n<meta name=\"description\" content=\"Achetez le officiel plan de cours complet de 20 pages par Ben Heine, comprenant le dessin et la photographie, la th\u00e9orie et les exercices pratiques.\" \/>\n<meta name=\"robots\" content=\"index, follow, max-snippet:-1, max-image-preview:large, max-video-preview:-1\" \/>\n<link rel=\"canonical\" href=\"https:\/\/benheine.com\/product\/plan-de-cours-complet-de-20-pages-par-ben-heine\/\" \/>\n<meta property=\"og:locale\" content=\"nl_NL\" \/>\n<meta property=\"og:type\" content=\"article\" \/>\n<meta property=\"og:title\" content=\"Plan de cours complet de 20 pages par Ben Heine\" \/>\n<meta property=\"og:description\" content=\"Achetez le officiel plan de cours complet de 20 pages par Ben Heine, comprenant le dessin et la photographie, la th\u00e9orie et les exercices pratiques.\" \/>\n<meta property=\"og:url\" content=\"https:\/\/benheine.com\/product\/plan-de-cours-complet-de-20-pages-par-ben-heine\/\" \/>\n<meta property=\"og:site_name\" content=\"BenHeine, jouw dagelijkse dosis Kunst en Tech nieuws\" \/>\n<meta property=\"article:modified_time\" content=\"2024-02-26T05:32:45+00:00\" \/>\n<meta property=\"og:image\" content=\"https:\/\/benheine.com\/wp-content\/uploads\/2021\/01\/FR-Preview-Pencil-Vs-Camera-Workshop-in-Schools-by-Ben-Heine.jpg\" \/>\n\t<meta property=\"og:image:width\" content=\"1402\" \/>\n\t<meta property=\"og:image:height\" content=\"1886\" \/>\n\t<meta property=\"og:image:type\" content=\"image\/jpeg\" \/>\n<meta name=\"twitter:card\" content=\"summary_large_image\" \/>\n<meta name=\"twitter:label1\" content=\"Geschatte leestijd\" \/>\n\t<meta name=\"twitter:data1\" content=\"1 minuut\" \/>\n<script type=\"application\/ld+json\" class=\"yoast-schema-graph\">{\"@context\":\"https:\\\/\\\/schema.org\",\"@graph\":[{\"@type\":\"WebPage\",\"@id\":\"https:\\\/\\\/benheine.com\\\/product\\\/plan-de-cours-complet-de-20-pages-par-ben-heine\\\/\",\"url\":\"https:\\\/\\\/benheine.com\\\/product\\\/plan-de-cours-complet-de-20-pages-par-ben-heine\\\/\",\"name\":\"Plan de cours complet de 20 pages par Ben Heine\",\"isPartOf\":{\"@id\":\"https:\\\/\\\/benheine.com\\\/#website\"},\"primaryImageOfPage\":{\"@id\":\"https:\\\/\\\/benheine.com\\\/product\\\/plan-de-cours-complet-de-20-pages-par-ben-heine\\\/#primaryimage\"},\"image\":{\"@id\":\"https:\\\/\\\/benheine.com\\\/product\\\/plan-de-cours-complet-de-20-pages-par-ben-heine\\\/#primaryimage\"},\"thumbnailUrl\":\"https:\\\/\\\/benheine.com\\\/wp-content\\\/uploads\\\/2021\\\/01\\\/FR-Preview-Pencil-Vs-Camera-Workshop-in-Schools-by-Ben-Heine.jpg\",\"datePublished\":\"2021-09-10T06:28:59+00:00\",\"dateModified\":\"2024-02-26T05:32:45+00:00\",\"description\":\"Achetez le officiel plan de cours complet de 20 pages par Ben Heine, comprenant le dessin et la photographie, la th\u00e9orie et les exercices pratiques.\",\"breadcrumb\":{\"@id\":\"https:\\\/\\\/benheine.com\\\/product\\\/plan-de-cours-complet-de-20-pages-par-ben-heine\\\/#breadcrumb\"},\"inLanguage\":\"nl-NL\",\"potentialAction\":[{\"@type\":\"ReadAction\",\"target\":[\"https:\\\/\\\/benheine.com\\\/product\\\/plan-de-cours-complet-de-20-pages-par-ben-heine\\\/\"]}]},{\"@type\":\"ImageObject\",\"inLanguage\":\"nl-NL\",\"@id\":\"https:\\\/\\\/benheine.com\\\/product\\\/plan-de-cours-complet-de-20-pages-par-ben-heine\\\/#primaryimage\",\"url\":\"https:\\\/\\\/benheine.com\\\/wp-content\\\/uploads\\\/2021\\\/01\\\/FR-Preview-Pencil-Vs-Camera-Workshop-in-Schools-by-Ben-Heine.jpg\",\"contentUrl\":\"https:\\\/\\\/benheine.com\\\/wp-content\\\/uploads\\\/2021\\\/01\\\/FR-Preview-Pencil-Vs-Camera-Workshop-in-Schools-by-Ben-Heine.jpg\",\"width\":1402,\"height\":1886,\"caption\":\"Plan de cours complet de 20 pages par Ben Heine\"},{\"@type\":\"BreadcrumbList\",\"@id\":\"https:\\\/\\\/benheine.com\\\/product\\\/plan-de-cours-complet-de-20-pages-par-ben-heine\\\/#breadcrumb\",\"itemListElement\":[{\"@type\":\"ListItem\",\"position\":1,\"name\":\"Home\",\"item\":\"https:\\\/\\\/benheine.com\\\/\"},{\"@type\":\"ListItem\",\"position\":2,\"name\":\"Shop\",\"item\":\"https:\\\/\\\/benheine.com\\\/shop\\\/\"},{\"@type\":\"ListItem\",\"position\":3,\"name\":\"Plan de Cours Complet de 20 Pages par Ben Heine\"}]},{\"@type\":\"WebSite\",\"@id\":\"https:\\\/\\\/benheine.com\\\/#website\",\"url\":\"https:\\\/\\\/benheine.com\\\/\",\"name\":\"BenHeine, jouw dagelijkse dosis Kunst en Tech nieuws\",\"description\":\"Vind hier Kunst en Tech nieuws maar ook informatieve artikelen en tips over levensstijl, kunstmatige intelligentie, kunst, contentcreatie, e-marketing, productiviteit, ondernemerschap, webdesign, onderwijs, muziek, schilderkunst, fotografie, video, financi\u00ebn en meer.\",\"potentialAction\":[{\"@type\":\"SearchAction\",\"target\":{\"@type\":\"EntryPoint\",\"urlTemplate\":\"https:\\\/\\\/benheine.com\\\/?s={search_term_string}\"},\"query-input\":{\"@type\":\"PropertyValueSpecification\",\"valueRequired\":true,\"valueName\":\"search_term_string\"}}],\"inLanguage\":\"nl-NL\"}]}<\/script>\n<!-- \/ Yoast SEO plugin. -->","yoast_head_json":{"title":"Plan de cours complet de 20 pages par Ben Heine","description":"Achetez le officiel plan de cours complet de 20 pages par Ben Heine, comprenant le dessin et la photographie, la th\u00e9orie et les exercices pratiques.","robots":{"index":"index","follow":"follow","max-snippet":"max-snippet:-1","max-image-preview":"max-image-preview:large","max-video-preview":"max-video-preview:-1"},"canonical":"https:\/\/benheine.com\/product\/plan-de-cours-complet-de-20-pages-par-ben-heine\/","og_locale":"nl_NL","og_type":"article","og_title":"Plan de cours complet de 20 pages par Ben Heine","og_description":"Achetez le officiel plan de cours complet de 20 pages par Ben Heine, comprenant le dessin et la photographie, la th\u00e9orie et les exercices pratiques.","og_url":"https:\/\/benheine.com\/product\/plan-de-cours-complet-de-20-pages-par-ben-heine\/","og_site_name":"BenHeine, jouw dagelijkse dosis Kunst en Tech nieuws","article_modified_time":"2024-02-26T05:32:45+00:00","og_image":[{"width":1402,"height":1886,"url":"https:\/\/benheine.com\/wp-content\/uploads\/2021\/01\/FR-Preview-Pencil-Vs-Camera-Workshop-in-Schools-by-Ben-Heine.jpg","type":"image\/jpeg"}],"twitter_card":"summary_large_image","twitter_misc":{"Geschatte leestijd":"1 minuut"},"schema":{"@context":"https:\/\/schema.org","@graph":[{"@type":"WebPage","@id":"https:\/\/benheine.com\/product\/plan-de-cours-complet-de-20-pages-par-ben-heine\/","url":"https:\/\/benheine.com\/product\/plan-de-cours-complet-de-20-pages-par-ben-heine\/","name":"Plan de cours complet de 20 pages par Ben Heine","isPartOf":{"@id":"https:\/\/benheine.com\/#website"},"primaryImageOfPage":{"@id":"https:\/\/benheine.com\/product\/plan-de-cours-complet-de-20-pages-par-ben-heine\/#primaryimage"},"image":{"@id":"https:\/\/benheine.com\/product\/plan-de-cours-complet-de-20-pages-par-ben-heine\/#primaryimage"},"thumbnailUrl":"https:\/\/benheine.com\/wp-content\/uploads\/2021\/01\/FR-Preview-Pencil-Vs-Camera-Workshop-in-Schools-by-Ben-Heine.jpg","datePublished":"2021-09-10T06:28:59+00:00","dateModified":"2024-02-26T05:32:45+00:00","description":"Achetez le officiel plan de cours complet de 20 pages par Ben Heine, comprenant le dessin et la photographie, la th\u00e9orie et les exercices pratiques.","breadcrumb":{"@id":"https:\/\/benheine.com\/product\/plan-de-cours-complet-de-20-pages-par-ben-heine\/#breadcrumb"},"inLanguage":"nl-NL","potentialAction":[{"@type":"ReadAction","target":["https:\/\/benheine.com\/product\/plan-de-cours-complet-de-20-pages-par-ben-heine\/"]}]},{"@type":"ImageObject","inLanguage":"nl-NL","@id":"https:\/\/benheine.com\/product\/plan-de-cours-complet-de-20-pages-par-ben-heine\/#primaryimage","url":"https:\/\/benheine.com\/wp-content\/uploads\/2021\/01\/FR-Preview-Pencil-Vs-Camera-Workshop-in-Schools-by-Ben-Heine.jpg","contentUrl":"https:\/\/benheine.com\/wp-content\/uploads\/2021\/01\/FR-Preview-Pencil-Vs-Camera-Workshop-in-Schools-by-Ben-Heine.jpg","width":1402,"height":1886,"caption":"Plan de cours complet de 20 pages par Ben Heine"},{"@type":"BreadcrumbList","@id":"https:\/\/benheine.com\/product\/plan-de-cours-complet-de-20-pages-par-ben-heine\/#breadcrumb","itemListElement":[{"@type":"ListItem","position":1,"name":"Home","item":"https:\/\/benheine.com\/"},{"@type":"ListItem","position":2,"name":"Shop","item":"https:\/\/benheine.com\/shop\/"},{"@type":"ListItem","position":3,"name":"Plan de Cours Complet de 20 Pages par Ben Heine"}]},{"@type":"WebSite","@id":"https:\/\/benheine.com\/#website","url":"https:\/\/benheine.com\/","name":"BenHeine, jouw dagelijkse dosis Kunst en Tech nieuws","description":"Vind hier Kunst en Tech nieuws maar ook informatieve artikelen en tips over levensstijl, kunstmatige intelligentie, kunst, contentcreatie, e-marketing, productiviteit, ondernemerschap, webdesign, onderwijs, muziek, schilderkunst, fotografie, video, financi\u00ebn en meer.","potentialAction":[{"@type":"SearchAction","target":{"@type":"EntryPoint","urlTemplate":"https:\/\/benheine.com\/?s={search_term_string}"},"query-input":{"@type":"PropertyValueSpecification","valueRequired":true,"valueName":"search_term_string"}}],"inLanguage":"nl-NL"}]}},"_links":{"self":[{"href":"https:\/\/benheine.com\/nl\/wp-json\/wp\/v2\/product\/14529","targetHints":{"allow":["GET"]}}],"collection":[{"href":"https:\/\/benheine.com\/nl\/wp-json\/wp\/v2\/product"}],"about":[{"href":"https:\/\/benheine.com\/nl\/wp-json\/wp\/v2\/types\/product"}],"author":[{"embeddable":true,"href":"https:\/\/benheine.com\/nl\/wp-json\/wp\/v2\/users\/1"}],"replies":[{"embeddable":true,"href":"https:\/\/benheine.com\/nl\/wp-json\/wp\/v2\/comments?post=14529"}],"version-history":[{"count":2,"href":"https:\/\/benheine.com\/nl\/wp-json\/wp\/v2\/product\/14529\/revisions"}],"predecessor-version":[{"id":28954,"href":"https:\/\/benheine.com\/nl\/wp-json\/wp\/v2\/product\/14529\/revisions\/28954"}],"wp:featuredmedia":[{"embeddable":true,"href":"https:\/\/benheine.com\/nl\/wp-json\/wp\/v2\/media\/9229"}],"wp:attachment":[{"href":"https:\/\/benheine.com\/nl\/wp-json\/wp\/v2\/media?parent=14529"}],"wp:term":[{"taxonomy":"product_brand","embeddable":true,"href":"https:\/\/benheine.com\/nl\/wp-json\/wp\/v2\/product_brand?post=14529"},{"taxonomy":"product_cat","embeddable":true,"href":"https:\/\/benheine.com\/nl\/wp-json\/wp\/v2\/product_cat?post=14529"},{"taxonomy":"product_tag","embeddable":true,"href":"https:\/\/benheine.com\/nl\/wp-json\/wp\/v2\/product_tag?post=14529"}],"curies":[{"name":"wp","href":"https:\/\/api.w.org\/{rel}","templated":true}]}}