{"id":25835,"date":"2023-11-27T07:19:36","date_gmt":"2023-11-27T07:19:36","guid":{"rendered":"https:\/\/benheine.com\/?post_type=product&#038;p=25835"},"modified":"2024-02-26T05:50:24","modified_gmt":"2024-02-26T05:50:24","slug":"didacticiel-pencil-vs-camera-en-francais","status":"publish","type":"product","link":"https:\/\/benheine.com\/nl\/product\/didacticiel-pencil-vs-camera-en-francais\/","title":{"rendered":"Didacticiel Pencil Vs Camera en Fran\u00e7ais"},"content":{"rendered":"<p>Achetez le\u00a0<a href=\"https:\/\/benheine.com\/product\/didacticiel-pencil-vs-camera-en-francais\/\" target=\"_blank\" rel=\"noopener\">didacticiel officiel Pencil Vs Camera<\/a>\u00a0\u00a0\u00e9crit par Ben Heine avec des tutoriels pour que vos \u00e9l\u00e8ves ma\u00eetrisent le concept Pencil Vs Camera de A \u00e0 Z en utilisant leurs propres comp\u00e9tences mais aussi des outils d\u2019IA et de r\u00e9alit\u00e9 augment\u00e9e! Avec aussi des rappels th\u00e9oriques en dessin et photo et beaucoup d\u2019exercices pratiques et de jeux autour de la cr\u00e9ativit\u00e9. Didacticiel de 25 pages, environ 25 heures d\u2019ateliers.<\/p>\n<div class=\"clearfix\"><\/div>","protected":false},"excerpt":{"rendered":"<p>Achetez le\u00a0didacticiel officiel Pencil Vs Camera\u00a0\u00a0\u00e9crit par Ben Heine avec des tutoriels pour que vos \u00e9l\u00e8ves ma\u00eetrisent le concept Pencil Vs Camera&#8230;<\/p>\n","protected":false},"author":11,"featured_media":28046,"comment_status":"open","ping_status":"closed","template":"","meta":{"_acf_changed":false},"product_brand":[],"product_cat":[3191],"product_tag":[],"class_list":{"0":"post-25835","1":"product","2":"type-product","3":"status-publish","4":"has-post-thumbnail","6":"product_cat-pencil-vs-camera-schools","8":"first","9":"instock","10":"downloadable","11":"virtual","12":"purchasable","13":"product-type-simple"},"acf":[],"yoast_head":"<!-- This site is optimized with the Yoast SEO plugin v27.5 - https:\/\/yoast.com\/product\/yoast-seo-wordpress\/ -->\n<title>Cours Officiel Pencil Vs Camera<\/title>\n<meta name=\"description\" content=\"Achetez le tutoriel officiel du cours Pencil Vs Camera \u00e9crit par Ben Heine comprenant des exercices th\u00e9oriques et pratiques de dessin et de photographie.\" \/>\n<meta name=\"robots\" content=\"index, follow, max-snippet:-1, max-image-preview:large, max-video-preview:-1\" \/>\n<link rel=\"canonical\" href=\"https:\/\/benheine.com\/product\/didacticiel-pencil-vs-camera-en-francais\/\" \/>\n<meta property=\"og:locale\" content=\"nl_NL\" \/>\n<meta property=\"og:type\" content=\"article\" \/>\n<meta property=\"og:title\" content=\"Cours Officiel Pencil Vs Camera\" \/>\n<meta property=\"og:description\" content=\"Achetez le tutoriel officiel du cours Pencil Vs Camera \u00e9crit par Ben Heine comprenant des exercices th\u00e9oriques et pratiques de dessin et de photographie.\" \/>\n<meta property=\"og:url\" content=\"https:\/\/benheine.com\/product\/didacticiel-pencil-vs-camera-en-francais\/\" \/>\n<meta property=\"og:site_name\" content=\"BenHeine, jouw dagelijkse dosis Kunst en Tech nieuws\" \/>\n<meta property=\"article:modified_time\" content=\"2024-02-26T05:50:24+00:00\" \/>\n<meta property=\"og:image\" content=\"https:\/\/benheine.com\/wp-content\/uploads\/2024\/02\/Didacticiel-Pencil-Vs-Camera-pour-les-ecoles-et-professeurs-Ben-Heine-1.jpg\" \/>\n\t<meta property=\"og:image:width\" content=\"1123\" \/>\n\t<meta property=\"og:image:height\" content=\"794\" \/>\n\t<meta property=\"og:image:type\" content=\"image\/jpeg\" \/>\n<meta name=\"twitter:card\" content=\"summary_large_image\" \/>\n<meta name=\"twitter:label1\" content=\"Geschatte leestijd\" \/>\n\t<meta name=\"twitter:data1\" content=\"1 minuut\" \/>\n<script type=\"application\/ld+json\" class=\"yoast-schema-graph\">{\"@context\":\"https:\\\/\\\/schema.org\",\"@graph\":[{\"@type\":\"WebPage\",\"@id\":\"https:\\\/\\\/benheine.com\\\/product\\\/didacticiel-pencil-vs-camera-en-francais\\\/\",\"url\":\"https:\\\/\\\/benheine.com\\\/product\\\/didacticiel-pencil-vs-camera-en-francais\\\/\",\"name\":\"Cours Officiel Pencil Vs Camera\",\"isPartOf\":{\"@id\":\"https:\\\/\\\/benheine.com\\\/#website\"},\"primaryImageOfPage\":{\"@id\":\"https:\\\/\\\/benheine.com\\\/product\\\/didacticiel-pencil-vs-camera-en-francais\\\/#primaryimage\"},\"image\":{\"@id\":\"https:\\\/\\\/benheine.com\\\/product\\\/didacticiel-pencil-vs-camera-en-francais\\\/#primaryimage\"},\"thumbnailUrl\":\"https:\\\/\\\/benheine.com\\\/wp-content\\\/uploads\\\/2024\\\/02\\\/Didacticiel-Pencil-Vs-Camera-pour-les-ecoles-et-professeurs-Ben-Heine-1.jpg\",\"datePublished\":\"2023-11-27T07:19:36+00:00\",\"dateModified\":\"2024-02-26T05:50:24+00:00\",\"description\":\"Achetez le tutoriel officiel du cours Pencil Vs Camera \u00e9crit par Ben Heine comprenant des exercices th\u00e9oriques et pratiques de dessin et de photographie.\",\"breadcrumb\":{\"@id\":\"https:\\\/\\\/benheine.com\\\/product\\\/didacticiel-pencil-vs-camera-en-francais\\\/#breadcrumb\"},\"inLanguage\":\"nl-NL\",\"potentialAction\":[{\"@type\":\"ReadAction\",\"target\":[\"https:\\\/\\\/benheine.com\\\/product\\\/didacticiel-pencil-vs-camera-en-francais\\\/\"]}]},{\"@type\":\"ImageObject\",\"inLanguage\":\"nl-NL\",\"@id\":\"https:\\\/\\\/benheine.com\\\/product\\\/didacticiel-pencil-vs-camera-en-francais\\\/#primaryimage\",\"url\":\"https:\\\/\\\/benheine.com\\\/wp-content\\\/uploads\\\/2024\\\/02\\\/Didacticiel-Pencil-Vs-Camera-pour-les-ecoles-et-professeurs-Ben-Heine-1.jpg\",\"contentUrl\":\"https:\\\/\\\/benheine.com\\\/wp-content\\\/uploads\\\/2024\\\/02\\\/Didacticiel-Pencil-Vs-Camera-pour-les-ecoles-et-professeurs-Ben-Heine-1.jpg\",\"width\":1123,\"height\":794,\"caption\":\"Cours Officiel Pencil Vs Camera\"},{\"@type\":\"BreadcrumbList\",\"@id\":\"https:\\\/\\\/benheine.com\\\/product\\\/didacticiel-pencil-vs-camera-en-francais\\\/#breadcrumb\",\"itemListElement\":[{\"@type\":\"ListItem\",\"position\":1,\"name\":\"Home\",\"item\":\"https:\\\/\\\/benheine.com\\\/\"},{\"@type\":\"ListItem\",\"position\":2,\"name\":\"Shop\",\"item\":\"https:\\\/\\\/benheine.com\\\/shop\\\/\"},{\"@type\":\"ListItem\",\"position\":3,\"name\":\"Didacticiel Pencil Vs Camera en Fran\u00e7ais\"}]},{\"@type\":\"WebSite\",\"@id\":\"https:\\\/\\\/benheine.com\\\/#website\",\"url\":\"https:\\\/\\\/benheine.com\\\/\",\"name\":\"BenHeine, jouw dagelijkse dosis Kunst en Tech nieuws\",\"description\":\"Vind hier Kunst en Tech nieuws maar ook informatieve artikelen en tips over levensstijl, kunstmatige intelligentie, kunst, contentcreatie, e-marketing, productiviteit, ondernemerschap, webdesign, onderwijs, muziek, schilderkunst, fotografie, video, financi\u00ebn en meer.\",\"potentialAction\":[{\"@type\":\"SearchAction\",\"target\":{\"@type\":\"EntryPoint\",\"urlTemplate\":\"https:\\\/\\\/benheine.com\\\/?s={search_term_string}\"},\"query-input\":{\"@type\":\"PropertyValueSpecification\",\"valueRequired\":true,\"valueName\":\"search_term_string\"}}],\"inLanguage\":\"nl-NL\"}]}<\/script>\n<!-- \/ Yoast SEO plugin. -->","yoast_head_json":{"title":"Cours Officiel Pencil Vs Camera","description":"Achetez le tutoriel officiel du cours Pencil Vs Camera \u00e9crit par Ben Heine comprenant des exercices th\u00e9oriques et pratiques de dessin et de photographie.","robots":{"index":"index","follow":"follow","max-snippet":"max-snippet:-1","max-image-preview":"max-image-preview:large","max-video-preview":"max-video-preview:-1"},"canonical":"https:\/\/benheine.com\/product\/didacticiel-pencil-vs-camera-en-francais\/","og_locale":"nl_NL","og_type":"article","og_title":"Cours Officiel Pencil Vs Camera","og_description":"Achetez le tutoriel officiel du cours Pencil Vs Camera \u00e9crit par Ben Heine comprenant des exercices th\u00e9oriques et pratiques de dessin et de photographie.","og_url":"https:\/\/benheine.com\/product\/didacticiel-pencil-vs-camera-en-francais\/","og_site_name":"BenHeine, jouw dagelijkse dosis Kunst en Tech nieuws","article_modified_time":"2024-02-26T05:50:24+00:00","og_image":[{"width":1123,"height":794,"url":"https:\/\/benheine.com\/wp-content\/uploads\/2024\/02\/Didacticiel-Pencil-Vs-Camera-pour-les-ecoles-et-professeurs-Ben-Heine-1.jpg","type":"image\/jpeg"}],"twitter_card":"summary_large_image","twitter_misc":{"Geschatte leestijd":"1 minuut"},"schema":{"@context":"https:\/\/schema.org","@graph":[{"@type":"WebPage","@id":"https:\/\/benheine.com\/product\/didacticiel-pencil-vs-camera-en-francais\/","url":"https:\/\/benheine.com\/product\/didacticiel-pencil-vs-camera-en-francais\/","name":"Cours Officiel Pencil Vs Camera","isPartOf":{"@id":"https:\/\/benheine.com\/#website"},"primaryImageOfPage":{"@id":"https:\/\/benheine.com\/product\/didacticiel-pencil-vs-camera-en-francais\/#primaryimage"},"image":{"@id":"https:\/\/benheine.com\/product\/didacticiel-pencil-vs-camera-en-francais\/#primaryimage"},"thumbnailUrl":"https:\/\/benheine.com\/wp-content\/uploads\/2024\/02\/Didacticiel-Pencil-Vs-Camera-pour-les-ecoles-et-professeurs-Ben-Heine-1.jpg","datePublished":"2023-11-27T07:19:36+00:00","dateModified":"2024-02-26T05:50:24+00:00","description":"Achetez le tutoriel officiel du cours Pencil Vs Camera \u00e9crit par Ben Heine comprenant des exercices th\u00e9oriques et pratiques de dessin et de photographie.","breadcrumb":{"@id":"https:\/\/benheine.com\/product\/didacticiel-pencil-vs-camera-en-francais\/#breadcrumb"},"inLanguage":"nl-NL","potentialAction":[{"@type":"ReadAction","target":["https:\/\/benheine.com\/product\/didacticiel-pencil-vs-camera-en-francais\/"]}]},{"@type":"ImageObject","inLanguage":"nl-NL","@id":"https:\/\/benheine.com\/product\/didacticiel-pencil-vs-camera-en-francais\/#primaryimage","url":"https:\/\/benheine.com\/wp-content\/uploads\/2024\/02\/Didacticiel-Pencil-Vs-Camera-pour-les-ecoles-et-professeurs-Ben-Heine-1.jpg","contentUrl":"https:\/\/benheine.com\/wp-content\/uploads\/2024\/02\/Didacticiel-Pencil-Vs-Camera-pour-les-ecoles-et-professeurs-Ben-Heine-1.jpg","width":1123,"height":794,"caption":"Cours Officiel Pencil Vs Camera"},{"@type":"BreadcrumbList","@id":"https:\/\/benheine.com\/product\/didacticiel-pencil-vs-camera-en-francais\/#breadcrumb","itemListElement":[{"@type":"ListItem","position":1,"name":"Home","item":"https:\/\/benheine.com\/"},{"@type":"ListItem","position":2,"name":"Shop","item":"https:\/\/benheine.com\/shop\/"},{"@type":"ListItem","position":3,"name":"Didacticiel Pencil Vs Camera en Fran\u00e7ais"}]},{"@type":"WebSite","@id":"https:\/\/benheine.com\/#website","url":"https:\/\/benheine.com\/","name":"BenHeine, jouw dagelijkse dosis Kunst en Tech nieuws","description":"Vind hier Kunst en Tech nieuws maar ook informatieve artikelen en tips over levensstijl, kunstmatige intelligentie, kunst, contentcreatie, e-marketing, productiviteit, ondernemerschap, webdesign, onderwijs, muziek, schilderkunst, fotografie, video, financi\u00ebn en meer.","potentialAction":[{"@type":"SearchAction","target":{"@type":"EntryPoint","urlTemplate":"https:\/\/benheine.com\/?s={search_term_string}"},"query-input":{"@type":"PropertyValueSpecification","valueRequired":true,"valueName":"search_term_string"}}],"inLanguage":"nl-NL"}]}},"_links":{"self":[{"href":"https:\/\/benheine.com\/nl\/wp-json\/wp\/v2\/product\/25835","targetHints":{"allow":["GET"]}}],"collection":[{"href":"https:\/\/benheine.com\/nl\/wp-json\/wp\/v2\/product"}],"about":[{"href":"https:\/\/benheine.com\/nl\/wp-json\/wp\/v2\/types\/product"}],"author":[{"embeddable":true,"href":"https:\/\/benheine.com\/nl\/wp-json\/wp\/v2\/users\/11"}],"replies":[{"embeddable":true,"href":"https:\/\/benheine.com\/nl\/wp-json\/wp\/v2\/comments?post=25835"}],"version-history":[{"count":5,"href":"https:\/\/benheine.com\/nl\/wp-json\/wp\/v2\/product\/25835\/revisions"}],"predecessor-version":[{"id":28481,"href":"https:\/\/benheine.com\/nl\/wp-json\/wp\/v2\/product\/25835\/revisions\/28481"}],"wp:featuredmedia":[{"embeddable":true,"href":"https:\/\/benheine.com\/nl\/wp-json\/wp\/v2\/media\/28046"}],"wp:attachment":[{"href":"https:\/\/benheine.com\/nl\/wp-json\/wp\/v2\/media?parent=25835"}],"wp:term":[{"taxonomy":"product_brand","embeddable":true,"href":"https:\/\/benheine.com\/nl\/wp-json\/wp\/v2\/product_brand?post=25835"},{"taxonomy":"product_cat","embeddable":true,"href":"https:\/\/benheine.com\/nl\/wp-json\/wp\/v2\/product_cat?post=25835"},{"taxonomy":"product_tag","embeddable":true,"href":"https:\/\/benheine.com\/nl\/wp-json\/wp\/v2\/product_tag?post=25835"}],"curies":[{"name":"wp","href":"https:\/\/api.w.org\/{rel}","templated":true}]}}